{"id":89036,"date":"2026-02-06T19:18:41","date_gmt":"2026-02-06T11:18:41","guid":{"rendered":"https:\/\/jiahon.com.tw\/?post_type=product&#038;p=89036"},"modified":"2026-04-08T13:52:02","modified_gmt":"2026-04-08T05:52:02","slug":"%e5%8f%af%e6%8b%86%e5%8d%b8%e5%88%86%e6%a0%bc%e5%91%a8%e8%bd%89%e7%ae%b1","status":"publish","type":"product","link":"https:\/\/jiahon.com.tw\/en\/product\/%e5%8f%af%e6%8b%86%e5%8d%b8%e5%88%86%e6%a0%bc%e5%91%a8%e8%bd%89%e7%ae%b1\/","title":{"rendered":"\u53ef\u62c6\u5378\u5206\u683c\u5468\u8f49\u7bb1(\u5167\u9694\u516b\u683c\u9644\u7c43\u84cb)"},"content":{"rendered":"<h2 style=\"color: #008000;\"><strong>\u53ef\u62c6\u5378\u5206\u683c\u5468\u8f49\u7bb1<\/strong>\uff5cPE \u6750\u8cea\u85cd\u8272\u5167\u9694\u516b\u683c\u9644\u7c43\u84cb<\/h2>\n<p><strong>\u53ef\u62c6\u5378\u5206\u683c\u5468\u8f49\u7bb1<\/strong>\u85cd\u8272\u5916\u89c0\u6e05\u695a\u8fa8\u8b58\u3002\u6b64\u6b3e<strong>\u53ef\u62c6\u5378\u5206\u683c\u5468\u8f49\u7bb1<\/strong>\u5167\u9644\u516b\u683c\u5167\u9694\u4e26\u642d\u914d\u7c43\u84cb\u8a2d\u8a08\uff0c\u9069\u5408\u5206\u985e\u6536\u7d0d\u8207\u5b89\u5168\u904b\u8f38\uff0c\u6709\u6548\u89e3\u6c7a\u7269\u54c1\u6df7\u653e\u3001\u642c\u904b\u4e0d\u4fbf\u8207\u9632\u5875\u4e0d\u8db3\u7b49\u554f\u984c\uff0c\u70ba\u5009\u5132\u8207\u7269\u6d41\u4f5c\u696d\u7684\u5be6\u7528\u9078\u64c7\u3002<\/p>\n<h3 style=\"color: #3366ff;\">\ud83d\udd39 Product Specifications<\/h3>\n<ul>\n<li>\u683c\u6578\uff1a8\u683c<\/li>\n<li>\u5c3a\u5bf8\uff1a 400mmL \u00d7 600mmW \u00d7 350mmH<\/li>\n<li>\u984f\u8272\uff1a\u85cd\u8272<\/li>\n<li>\u6750\u8cea\uff1aPE\u5851\u81a0<\/li>\n<\/ul>\n<h3 style=\"color: #3366ff;\">\ud83d\udd39 Product Features<\/h3>\n<ul>\n<li>\u5167\u9694\u516b\u683c\u8a2d\u8a08\uff0c<strong data-start=\"123\" data-end=\"132\">\u9694\u677f\u53ef\u62c6\u5378<\/strong>\uff0c\u53ef\u4f9d\u7269\u54c1\u5c3a\u5bf8\u8207\u6578\u91cf\u5f48\u6027\u8abf\u6574\u5206\u683c\u914d\u7f6e<\/li>\n<li>\u5c3a\u5bf8 400mm \u00d7 600mm \u00d7 350mm\uff0c\u5bb9\u91cf\u5145\u8db3\u3001\u597d\u5806\u653e<\/li>\n<li>\u63a1\u7528 PE \u6750\u8cea\u88fd\u4f5c\uff0c\u8cea\u8f15\u8010\u7528\u3001\u8010\u885d\u64ca\u4e0d\u6613\u8b8a\u5f62<\/li>\n<li>\u5916\u89c0\u9192\u76ee\uff0c\u65b9\u4fbf\u5206\u985e\u8207\u7ba1\u7406<\/li>\n<li>\u5167\u9694\u516b\u683c\u8a2d\u8a08\uff0c\u5851\u81a0\u5132\u904b\u7c43\u53ef\u6709\u6548\u5206\u5340\u6536\u7d0d\u7269\u54c1<\/li>\n<li>\u9644\u7c43\u84cb\u8a2d\u8a08\uff0c\u9632\u5875\u9632\u843d\uff0c\u63d0\u5347\u904b\u8f38\u5b89\u5168\u6027<\/li>\n<li>\u7c43\u8eab\u7d50\u69cb\u7a69\u56fa\uff0c\u9069\u5408\u91cd\u8907\u4f7f\u7528\u8207\u9577\u671f\u5468\u8f49<\/li>\n<\/ul>\n<h3 style=\"color: #3366ff;\">\ud83d\udd39 Application Range<\/h3>\n<ul>\n<li>\u9069\u7528\u65bc\u5009\u5132\u3001\u7269\u6d41\u8207\u914d\u9001\u4f5c\u696d<\/li>\n<li>\u53ef\u7528\u65bc\u5de5\u5ee0\u96f6\u4ef6\u3001\u96fb\u5b50\u5143\u4ef6\u8207\u8017\u6750\u5206\u985e\u6536\u7d0d<\/li>\n<li>\u9069\u5408\u7522\u7dda\u5468\u8f49\u3001\u7269\u6599\u642c\u904b\u8207\u5eab\u5b58\u7ba1\u7406<\/li>\n<li>\u5546\u7528\u3001\u5de5\u696d\u8207\u5167\u90e8\u904b\u8f38\u74b0\u5883\u7686\u9069\u7528<\/li>\n<\/ul>\n<p>\u5982\u9700\u5851\u81a0\u5132\u904b\u7c43\u7684\u6578\u91cf\u914d\u7f6e\u3001\u5ba2\u88fd\u5167\u9694\u6216\u5927\u91cf\u63a1\u8cfc\u5831\u50f9\uff0c\u6b61\u8fce\u6d3d\u8a62\u5ba2\u670d\u4eba\u54e1\uff0c\u6211\u5011\u5c07\u63d0\u4f9b\u5c08\u696d\u5efa\u8b70\u8207\u5b8c\u5584\u670d\u52d9\u3002<\/p>","protected":false},"excerpt":{"rendered":"<p>\u53ef\u62c6\u5378\u5206\u683c\u5468\u8f49\u7bb1, \u5851\u81a0\u5132\u904b\u7c43, \u5132\u904b\u7c43, \u5851\u81a0\u7269\u6d41\u7c43, \u7269\u6d41\u5468\u8f49\u7c43, PE \u5851\u81a0\u7c43, \u5de5\u696d\u7528\u5851\u81a0\u7c43, \u85cd\u8272\u5851\u81a0\u7c43, \u5132\u7269\u7c43 \u9644\u84cb, \u5167\u9694\u516b\u683c \u5132\u904b\u7c43, \u5206\u9694\u5f0f\u5851\u81a0\u7c43, \u5468\u8f49\u7bb1 \u5851\u81a0, \u5009\u5132\u6536\u7d0d\u7c43, \u5de5\u5ee0\u7528\u5132\u904b\u7c43, \u7269\u6d41\u6536\u7d0d\u7c43, \u91cd\u758a\u5f0f\u5851\u81a0\u7c43, \u8010\u7528\u5851\u81a0\u7c43, \u5132\u653e\u7c43 \u5de5\u696d\u7528, \u5851\u81a0\u7c43 400&#215;600, \u5132\u904b\u7c43 \u6279\u767c, \u5009\u5132\u7269\u6d41\u7528\u54c1, 400mmL \u00d7 600mmW \u00d7 350mmH, 400mmL\u00d7 600mmW \u00d7 350mmH, 400mmL \u00d7600mmW \u00d7 350mmH, 400mmL \u00d7 600mmW\u00d7 350mmH, 400mmL \u00d7 600mmW \u00d7350mmH, 400mmL\u00d7600mmW\u00d7350mmH, 400MML \u00d7 600MMW \u00d7 350MMH, 400mml \u00d7 600mmw \u00d7 350mmh, 4O0mmL \u00d7 600mmW \u00d7 350mmH, 4o0mmL \u00d7 600mmW \u00d7 350mmH, 40OmmL \u00d7 600mmW \u00d7 350mmH, 40ommL \u00d7 600mmW \u00d7 350mmH, 400mmL \u00d7 G00mmW \u00d7 350mmH, 400mmL \u00d7 6O0mmW \u00d7 350mmH, 400mmL \u00d7 6o0mmW \u00d7 350mmH, 400mmL \u00d7 60OmmW \u00d7 350mmH, 400mmL \u00d7 60ommW \u00d7 350mmH, 400mmL \u00d7 600mmW \u00d7 3S0mmH, 400mmL \u00d7 600mmW \u00d7 3s0mmH, 400mmL \u00d7 600mmW \u00d7 35OmmH, 400mmL \u00d7 600mmW \u00d7 35ommH<\/p>","protected":false},"featured_media":90722,"template":"","meta":{"site-sidebar-layout":"default","site-content-layout":"","ast-site-content-layout":"default","site-content-style":"default","site-sidebar-style":"default","ast-global-header-display":"","ast-banner-title-visibility":"","ast-main-header-display":"","ast-hfb-above-header-display":"","ast-hfb-below-header-display":"","ast-hfb-mobile-header-display":"","site-post-title":"","ast-breadcrumbs-content":"","ast-featured-img":"","footer-sml-layout":"","ast-disable-related-posts":"","theme-transparent-header-meta":"default","adv-header-id-meta":"","stick-header-meta":"","header-above-stick-meta":"","header-main-stick-meta":"","header-below-stick-meta":"","astra-migrate-meta-layouts":"set","ast-page-background-enabled":"default","ast-page-background-meta":{"desktop":{"background-color":"var(--ast-global-color-4)","background-image":"","background-repeat":"repeat","background-position":"center center","background-size":"auto","background-attachment":"scroll","background-type":"","background-media":"","overlay-type":"","overlay-color":"","overlay-opacity":"","overlay-gradient":""},"tablet":{"background-color":"","background-image":"","background-repeat":"repeat","background-position":"center center","background-size":"auto","background-attachment":"scroll","background-type":"","background-media":"","overlay-type":"","overlay-color":"","overlay-opacity":"","overlay-gradient":""},"mobile":{"background-color":"","background-image":"","background-repeat":"repeat","background-position":"center center","background-size":"auto","background-attachment":"scroll","background-type":"","background-media":"","overlay-type":"","overlay-color":"","overlay-opacity":"","overlay-gradient":""}},"ast-content-background-meta":{"desktop":{"background-color":"var(--ast-global-color-5)","background-image":"","background-repeat":"repeat","background-position":"center center","background-size":"auto","background-attachment":"scroll","background-type":"","background-media":"","overlay-type":"","overlay-color":"","overlay-opacity":"","overlay-gradient":""},"tablet":{"background-color":"var(--ast-global-color-5)","background-image":"","background-repeat":"repeat","background-position":"center center","background-size":"auto","background-attachment":"scroll","background-type":"","background-media":"","overlay-type":"","overlay-color":"","overlay-opacity":"","overlay-gradient":""},"mobile":{"background-color":"var(--ast-global-color-5)","background-image":"","background-repeat":"repeat","background-position":"center center","background-size":"auto","background-attachment":"scroll","background-type":"","background-media":"","overlay-type":"","overlay-color":"","overlay-opacity":"","overlay-gradient":""}}},"product_brand":[96989041],"product_cat":[96987642,96987572,96987601,96988205,96987569,96987641],"product_tag":[96987777],"class_list":{"0":"post-89036","1":"product","2":"type-product","3":"status-publish","4":"has-post-thumbnail","6":"product_brand-96989041","7":"product_cat-new-products-january","8":"product_cat-anti-static","9":"product_cat-static-boxes","10":"product_cat-standard-products","11":"product_cat-products","12":"product_cat-latest-products","13":"product_tag-96987777","14":"desktop-align-left","15":"tablet-align-left","16":"mobile-align-left","17":"ast-product-gallery-layout-horizontal-slider","18":"ast-product-gallery-with-no-image","19":"ast-product-single-variable","20":"ast-product-tabs-layout-horizontal","22":"first","23":"instock","24":"shipping-taxable","25":"purchasable","26":"product-type-variable"},"group_of_quantity":0,"min_quantity":0,"max_quantity":"","exclude_order_quantity_value_rules":"no","exclude_category_quantity_rules":"no","combine_variations":"no","_links":{"self":[{"href":"https:\/\/jiahon.com.tw\/en\/wp-json\/wp\/v2\/product\/89036","targetHints":{"allow":["GET"]}}],"collection":[{"href":"https:\/\/jiahon.com.tw\/en\/wp-json\/wp\/v2\/product"}],"about":[{"href":"https:\/\/jiahon.com.tw\/en\/wp-json\/wp\/v2\/types\/product"}],"version-history":[{"count":0,"href":"https:\/\/jiahon.com.tw\/en\/wp-json\/wp\/v2\/product\/89036\/revisions"}],"wp:featuredmedia":[{"embeddable":true,"href":"https:\/\/jiahon.com.tw\/en\/wp-json\/wp\/v2\/media\/90722"}],"wp:attachment":[{"href":"https:\/\/jiahon.com.tw\/en\/wp-json\/wp\/v2\/media?parent=89036"}],"wp:term":[{"taxonomy":"product_brand","embeddable":true,"href":"https:\/\/jiahon.com.tw\/en\/wp-json\/wp\/v2\/product_brand?post=89036"},{"taxonomy":"product_cat","embeddable":true,"href":"https:\/\/jiahon.com.tw\/en\/wp-json\/wp\/v2\/product_cat?post=89036"},{"taxonomy":"product_tag","embeddable":true,"href":"https:\/\/jiahon.com.tw\/en\/wp-json\/wp\/v2\/product_tag?post=89036"}],"curies":[{"name":"wp","href":"https:\/\/api.w.org\/{rel}","templated":true}]}}