{"id":90808,"date":"2026-02-09T16:51:07","date_gmt":"2026-02-09T08:51:07","guid":{"rendered":"https:\/\/jiahon.com.tw\/?post_type=product&#038;p=90808"},"modified":"2026-04-09T16:14:36","modified_gmt":"2026-04-09T08:14:36","slug":"fotek-mt4896-v-%e5%85%a8%e6%8c%87%e7%a4%ba%e6%ba%ab%e5%ba%a6%e6%8e%a7%e5%88%b6%e5%99%a8","status":"publish","type":"product","link":"https:\/\/jiahon.com.tw\/en\/product\/fotek-mt4896-v-%e5%85%a8%e6%8c%87%e7%a4%ba%e6%ba%ab%e5%ba%a6%e6%8e%a7%e5%88%b6%e5%99%a8\/","title":{"rendered":"FOTEK MT4896-V \u5168\u6307\u793a\u6eab\u5ea6\u63a7\u5236\u5668\uff5c48\u00d796mm\u30fbPID\u81ea\u6574\u5b9a\u30fbK\/J\/PT100\u842c\u80fd\u8f38\u5165\u30fb\u53f0\u7063\u88fd"},"content":{"rendered":"<h2 style=\"color: #1a3a5c; border-left: 5px solid #e8a020; padding-left: 18px; line-height: 1.5\">FOTEK MT4896-V \u5168\u6307\u793a\u6eab\u5ea6\u63a7\u5236\u5668\uff5c48\u00d796mm\u30fbPID\u81ea\u6574\u5b9a\u30fbK\/J\/PT100\u842c\u80fd\u8f38\u5165\u30fb\u53f0\u7063\u88fd<\/h2>\n<p>\u53f0\u7063 FOTEK \u88fd\u9020\uff0cMT4896-V \u70ba 48\u00d796mm DIN \u898f\u683c\u5168\u6307\u793a\u6eab\u5ea6\u63a7\u5236\u5668\uff0cAC 90~265V \u5bec\u96fb\u58d3\u8f38\u5165\uff0c\u652f\u63f4 <strong>K \/ J \/ PT100 \u9762\u677f\u5207\u63db<\/strong>\uff08\u7121\u9700\u8df3\u7dda\uff09\uff0c\u91cf\u7a0b\u6db5\u84cb K\u578b 0~1200\u00b0C\uff0c\u63a7\u5236\u7cbe\u5ea6 \u00b10.1% \u91cf\u7a0b\uff0c\u96d9\u884c LED \u540c\u6642\u986f\u793a\u5be6\u969b\u6eab\u5ea6\uff08PV\uff09\u8207\u8a2d\u5b9a\u6eab\u5ea6\uff08SV\uff09\uff0c2 \u7d44\u7e7c\u96fb\u5668\u8b66\u5831\u8f38\u51fa\uff0c\u9069\u5408\u5404\u985e\u5de5\u696d\u52a0\u71b1\u88fd\u7a0b\u5d4c\u5165\u5b89\u88dd\u3002<\/p>\n<h3 style=\"color: #1a3a5c; line-height: 1.5; border-bottom: 2px solid #1a3a5c; padding-bottom: 6px\">Specifications<\/h3>\n<table style=\"width:100%;border-collapse:collapse;margin:14px 0\">\n<tr>\n<th style=\"background:#1a3a5c;color:#fff;padding:9px 14px;border:1px solid #1a3a5c;text-align:left;font-weight:600\">Item<\/th>\n<th style=\"background:#1a3a5c;color:#fff;padding:9px 14px;border:1px solid #1a3a5c;text-align:left;font-weight:600\">Specifications<\/th>\n<\/tr>\n<tr>\n<td style=\"padding:9px 14px;border:1px solid #dde4ee;vertical-align:top\">\u5916\u5f62\u5c3a\u5bf8 \/ \u958b\u5b54<\/td>\n<td style=\"padding:9px 14px;border:1px solid #dde4ee;vertical-align:top\">48\u00d796\u00d7100mm\uff08W\u00d7H\u00d7D\uff09\/ \u958b\u5b54 45\u00d792mm<\/td>\n<\/tr>\n<tr>\n<td style=\"padding:9px 14px;border:1px solid #dde4ee;vertical-align:top;background:#f7f9fc\">\u96fb\u6e90<\/td>\n<td style=\"padding:9px 14px;border:1px solid #dde4ee;vertical-align:top;background:#f7f9fc\">AC 90~265V 50\/60Hz\uff08\u5bec\u96fb\u58d3\uff09<\/td>\n<\/tr>\n<tr>\n<td style=\"padding:9px 14px;border:1px solid #dde4ee;vertical-align:top\">\u8f38\u5165\u985e\u578b<\/td>\n<td style=\"padding:9px 14px;border:1px solid #dde4ee;vertical-align:top\"><strong>K \/ J \/ PT100\uff08\u9762\u677f\u5207\u63db\uff0c\u7121\u9700\u8df3\u7dda\uff09<\/strong><\/td>\n<\/tr>\n<tr>\n<td style=\"padding:9px 14px;border:1px solid #dde4ee;vertical-align:top;background:#f7f9fc\">\u91cf\u7a0b<\/td>\n<td style=\"padding:9px 14px;border:1px solid #dde4ee;vertical-align:top;background:#f7f9fc\">K\uff1a0~1200\u00b0C\uff1bJ\uff1a0~900\u00b0C\uff1bPT100\uff1a0~600\u00b0C<\/td>\n<\/tr>\n<tr>\n<td style=\"padding:9px 14px;border:1px solid #dde4ee;vertical-align:top\">\u63a7\u5236\u7cbe\u5ea6<\/td>\n<td style=\"padding:9px 14px;border:1px solid #dde4ee;vertical-align:top\">\u00b10.1% \u91cf\u7a0b<\/td>\n<\/tr>\n<tr>\n<td style=\"padding:9px 14px;border:1px solid #dde4ee;vertical-align:top;background:#f7f9fc\">\u63a7\u5236\u8f38\u51fa<\/td>\n<td style=\"padding:9px 14px;border:1px solid #dde4ee;vertical-align:top;background:#f7f9fc\">\u96fb\u58d3\u8108\u885d DC 12V\/50mA\uff08\u9069\u914d SSR\uff09<\/td>\n<\/tr>\n<tr>\n<td style=\"padding:9px 14px;border:1px solid #dde4ee;vertical-align:top\">\u8b66\u5831\u8f38\u51fa<\/td>\n<td style=\"padding:9px 14px;border:1px solid #dde4ee;vertical-align:top\">3A\/250VAC \u7e7c\u96fb\u5668 \u00d7 2 \u7d44<\/td>\n<\/tr>\n<tr>\n<td style=\"padding:9px 14px;border:1px solid #dde4ee;vertical-align:top;background:#f7f9fc\">\u986f\u793a<\/td>\n<td style=\"padding:9px 14px;border:1px solid #dde4ee;vertical-align:top;background:#f7f9fc\">\u96d9\u884c LED\uff08\u4e0a\u6392 PV \u7d05\u8272 \/ \u4e0b\u6392 SV \u7da0\u8272\uff09<\/td>\n<\/tr>\n<\/table>\n<div style=\"border:2px solid #BDD7EE;border-radius:10px;overflow:hidden\">\n<h6 style=\"background:#f8fafc;border-bottom:2px solid #BDD7EE;padding:20px 18px;font-weight:bold;color:#64748b;letter-spacing:1px;text-align:left\"><span style=\"color:#BDD7EE\">\u258c<\/span> \u540c\u5834\u52a0\u6620\uff5c\u6eab\u63a7\u5668\u7cfb\u5217<\/h6>\n<p><a style=\"text-decoration:none;display:block;color:#1e293b;padding:6px 18px;line-height:1.85;border-bottom:1px solid #e2e8f0;\" href=\"\/en\/product\/omron-e5-temperature-controller\/\"><strong style=\"display:block;color:#1a3a5c;font-weight:bold;margin-bottom:3px\">OMRON E5 \u7cfb\u5217<\/strong><span style=\"font-size:13px;color:#666\">\u6eab\u5ea6\u63a7\u5236\u5668<\/span><\/a><a style=\"text-decoration:none;display:block;color:#1e293b;padding:6px 18px;line-height:1.85;border-bottom:1px solid #e2e8f0;\" href=\"\/en\/product\/shinko-jir301-temperature-controller\/\"><strong style=\"display:block;color:#1a3a5c;font-weight:bold;margin-bottom:3px\">SHINKO JIR-301<\/strong><span style=\"font-size:13px;color:#666\">\u5168\u6307\u793a\u6eab\u5ea6\u63a7\u5236\u5668<\/span><\/a><a style=\"text-decoration:none;display:block;color:#1e293b;padding:6px 18px;\" href=\"\/en\/product\/rkc-temperature-controller-series\/\"><strong style=\"display:block;color:#1a3a5c;font-weight:bold;margin-bottom:3px\">RKC \u7cfb\u5217<\/strong><span style=\"font-size:13px;color:#666\">\u53ef\u7a0b\u5f0f\u6eab\u5ea6\u63a7\u5236\u5668<\/span><\/a><\/div>\n<div style=\"background:#01568F;border-radius:10px;padding:18px 24px;text-align:center;margin:16px 0 24px;color:#fff\">\n<h5 style=\"color:#fff;margin-bottom:16px\">\u9700\u8981\u5831\u50f9\u6216\u78ba\u8a8d\u898f\u683c\uff1f\u6b61\u8fce\u6d3d\u8a62<\/h5>\n<p><a href=\"https:\/\/jiahon.com.tw\/en\/%E5%98%89%E9%B4%BB%E7%95%99%E8%81%B2%E6%A9%9F\/\" style=\"display:inline-block;background:#FEF9C6;font-weight:bold;padding:11px 28px;border-radius:7px\">\u7acb\u5373\u8a62\u50f9<\/a>\n<\/div>","protected":false},"excerpt":{"rendered":"<p>FOTEK MT4896-V,MT4896-V \u5168\u6307\u793a\u6eab\u5ea6\u63a7\u5236\u5668,FOTEK \u5168\u6307\u793a\u81ea\u52d5\u6eab\u5ea6\u63a7\u5236\u5668,\u5de5\u696d\u7528\u6eab\u5ea6\u63a7\u5236\u5668,\u81ea\u52d5\u6eab\u5ea6\u63a7\u5236\u5668,\u88fd\u7a0b\u6eab\u63a7\u5668 FOTEK,\u5de5\u696d\u88fd\u7a0b\u6eab\u5ea6\u63a7\u5236,\u63a7\u5236\u76e4\u6eab\u63a7\u8a2d\u5099,\u96fb\u63a7\u7bb1\u6eab\u63a7\u5668,\u52a0\u71b1\u8a2d\u5099\u6eab\u63a7\u5668,\u5de5\u696d\u81ea\u52d5\u5316\u6eab\u63a7,\u9ad8\u7a69\u5b9a\u6eab\u5ea6\u63a7\u5236\u5668,\u88fd\u7a0b\u6eab\u5ea6\u7ba1\u7406,B2B \u5de5\u696d\u6eab\u63a7\u5668,PID \u6eab\u5ea6\u63a7\u5236\u5668,\u5de5\u696d\u88fd\u7a0b\u81ea\u52d5\u63a7\u5236,\u9577\u6642\u9593\u6eab\u63a7\u8a2d\u5099,\u8a2d\u5099\u7dad\u4fee\u6eab\u63a7\u5668,\u6eab\u5ea6\u63a7\u5236\u5668\u539f\u5ee0,FOTEK \u6eab\u63a7\u5668, 48\u00d796\u00d7100mm, 48\u00d796\u00d7100MM, 4B\u00d796\u00d7100mm, 48\u00d79G\u00d7100mm, 48\u00d796\u00d7l00mm, 48\u00d796\u00d7I00mm, 48\u00d796\u00d7i00mm, 48\u00d796\u00d71O0mm, 48\u00d796\u00d71o0mm, 48\u00d796\u00d710Omm, 48\u00d796\u00d710omm, 45\u00d792mm, 45\u00d792MM, 4S\u00d792mm, 4s\u00d792mm, 45\u00d79Zmm, 45\u00d79zmm<\/p>","protected":false},"featured_media":90810,"template":"","meta":{"site-sidebar-layout":"default","site-content-layout":"","ast-site-content-layout":"default","site-content-style":"default","site-sidebar-style":"default","ast-global-header-display":"","ast-banner-title-visibility":"","ast-main-header-display":"","ast-hfb-above-header-display":"","ast-hfb-below-header-display":"","ast-hfb-mobile-header-display":"","site-post-title":"","ast-breadcrumbs-content":"","ast-featured-img":"","footer-sml-layout":"","ast-disable-related-posts":"","theme-transparent-header-meta":"default","adv-header-id-meta":"","stick-header-meta":"","header-above-stick-meta":"","header-main-stick-meta":"","header-below-stick-meta":"","astra-migrate-meta-layouts":"set","ast-page-background-enabled":"default","ast-page-background-meta":{"desktop":{"background-color":"var(--ast-global-color-4)","background-image":"","background-repeat":"repeat","background-position":"center center","background-size":"auto","background-attachment":"scroll","background-type":"","background-media":"","overlay-type":"","overlay-color":"","overlay-opacity":"","overlay-gradient":""},"tablet":{"background-color":"","background-image":"","background-repeat":"repeat","background-position":"center center","background-size":"auto","background-attachment":"scroll","background-type":"","background-media":"","overlay-type":"","overlay-color":"","overlay-opacity":"","overlay-gradient":""},"mobile":{"background-color":"","background-image":"","background-repeat":"repeat","background-position":"center center","background-size":"auto","background-attachment":"scroll","background-type":"","background-media":"","overlay-type":"","overlay-color":"","overlay-opacity":"","overlay-gradient":""}},"ast-content-background-meta":{"desktop":{"background-color":"var(--ast-global-color-5)","background-image":"","background-repeat":"repeat","background-position":"center center","background-size":"auto","background-attachment":"scroll","background-type":"","background-media":"","overlay-type":"","overlay-color":"","overlay-opacity":"","overlay-gradient":""},"tablet":{"background-color":"var(--ast-global-color-5)","background-image":"","background-repeat":"repeat","background-position":"center center","background-size":"auto","background-attachment":"scroll","background-type":"","background-media":"","overlay-type":"","overlay-color":"","overlay-opacity":"","overlay-gradient":""},"mobile":{"background-color":"var(--ast-global-color-5)","background-image":"","background-repeat":"repeat","background-position":"center center","background-size":"auto","background-attachment":"scroll","background-type":"","background-media":"","overlay-type":"","overlay-color":"","overlay-opacity":"","overlay-gradient":""}}},"product_brand":[96989172],"product_cat":[96987569,96987643,96987574,96987641,96987585,96987596],"product_tag":[96988474,96987846,96988506],"class_list":{"0":"post-90808","1":"product","2":"type-product","3":"status-publish","4":"has-post-thumbnail","6":"product_brand-fotek","7":"product_cat-products","8":"product_cat-new-products-february","9":"product_cat-special-materials","10":"product_cat-latest-products","11":"product_cat-component-other","12":"product_cat-tapes","13":"product_tag-fotek","14":"product_tag-96987846","15":"product_tag-96988506","16":"desktop-align-left","17":"tablet-align-left","18":"mobile-align-left","19":"ast-product-gallery-layout-horizontal-slider","20":"ast-product-gallery-with-no-image","21":"ast-product-single-variable","22":"ast-product-tabs-layout-horizontal","24":"first","25":"instock","26":"shipping-taxable","27":"purchasable","28":"product-type-variable"},"group_of_quantity":0,"min_quantity":0,"max_quantity":"","exclude_order_quantity_value_rules":"no","exclude_category_quantity_rules":"no","combine_variations":"no","_links":{"self":[{"href":"https:\/\/jiahon.com.tw\/en\/wp-json\/wp\/v2\/product\/90808","targetHints":{"allow":["GET"]}}],"collection":[{"href":"https:\/\/jiahon.com.tw\/en\/wp-json\/wp\/v2\/product"}],"about":[{"href":"https:\/\/jiahon.com.tw\/en\/wp-json\/wp\/v2\/types\/product"}],"version-history":[{"count":0,"href":"https:\/\/jiahon.com.tw\/en\/wp-json\/wp\/v2\/product\/90808\/revisions"}],"wp:featuredmedia":[{"embeddable":true,"href":"https:\/\/jiahon.com.tw\/en\/wp-json\/wp\/v2\/media\/90810"}],"wp:attachment":[{"href":"https:\/\/jiahon.com.tw\/en\/wp-json\/wp\/v2\/media?parent=90808"}],"wp:term":[{"taxonomy":"product_brand","embeddable":true,"href":"https:\/\/jiahon.com.tw\/en\/wp-json\/wp\/v2\/product_brand?post=90808"},{"taxonomy":"product_cat","embeddable":true,"href":"https:\/\/jiahon.com.tw\/en\/wp-json\/wp\/v2\/product_cat?post=90808"},{"taxonomy":"product_tag","embeddable":true,"href":"https:\/\/jiahon.com.tw\/en\/wp-json\/wp\/v2\/product_tag?post=90808"}],"curies":[{"name":"wp","href":"https:\/\/api.w.org\/{rel}","templated":true}]}}