{"id":91089,"date":"2026-02-12T11:31:07","date_gmt":"2026-02-12T03:31:07","guid":{"rendered":"https:\/\/jiahon.com.tw\/?post_type=product&#038;p=91089"},"modified":"2026-04-08T13:53:19","modified_gmt":"2026-04-08T05:53:19","slug":"%e4%b8%8d%e9%8f%bd%e9%8b%bc%e6%8e%92%e6%a4%85%e7%b3%bb%e5%88%97","status":"publish","type":"product","link":"https:\/\/jiahon.com.tw\/en\/product\/%e4%b8%8d%e9%8f%bd%e9%8b%bc%e6%8e%92%e6%a4%85%e7%b3%bb%e5%88%97\/","title":{"rendered":"\u4e0d\u93fd\u92fc\u6392\u6905\u7cfb\u5217"},"content":{"rendered":"<h2 style=\"color: #1a3a5c; border-left: 5px solid #e8a020; padding-left: 18px; line-height: 1.5\">\u4e0d\u93fd\u92fc\u6392\u6905 \u4e09\u4eba\u5ea7 \/ \u56db\u4eba\u5ea7\uff5c\u516c\u5171\u7a7a\u9593\u5019\u4f4d\u6905 \u00b7 \u8010\u91cd\u6613\u6e05\u6f54<\/h2>\n<p>\u91ab\u9662\u5019\u8a3a\u5340\u3001\u5de5\u5ee0\u63a5\u5f85\u5ef3\u3001\u653f\u5e9c\u6a5f\u95dc\u5927\u5ef3\u7b49\u516c\u5171\u7a7a\u9593\u5c0d\u6392\u6905\u7684\u8981\u6c42\u96c6\u4e2d\u5728\u4e09\u9ede\uff1a\u7d50\u69cb\u627f\u91cd\u3001\u7dad\u8b77\u7c21\u4fbf\u3001\u5916\u89c0\u8010\u770b\u3002<strong>\u4e0d\u93fd\u92fc\u6392\u6905<\/strong>\u4ee5\u9ad8\u5f37\u5ea6\u4e0d\u93fd\u92fc\u4e00\u9ad4\u69cb\u6210\u6905\u67b6\u8207\u5ea7\u9762\uff0c\u9632\u93fd\u8010\u8150\u8755\uff0c\u65e5\u5e38\u7dad\u8b77\u53ea\u9700\u64e6\u62ed\uff0c\u7121\u9700\u5b9a\u671f\u88dc\u6f06\uff1b\u56fa\u5b9a\u5f0f\u8a2d\u8a08\u4e0d\u6613\u88ab\u96a8\u610f\u79fb\u4f4d\uff0c\u9069\u5408\u9577\u671f\u5b89\u88dd\u65bc\u516c\u5171\u7a7a\u9593\u3002\u4e09\u4eba\u5ea7\uff081770\u00d7660\u00d7830 mm\uff09\u8207\u56db\u4eba\u5ea7\uff082340\u00d7660\u00d7830 mm\uff09\u5169\u7a2e\u898f\u683c\u53ef\u4f9d\u5834\u5730\u5bec\u5ea6\u5f48\u6027\u642d\u914d\uff0c\u6eff\u8db3\u5de5\u7a0b\u6a19\u6848\u6279\u91cf\u9700\u6c42\u3002<\/p>\n<h3 style=\"color: #1a3a5c; line-height: 1.5; border-bottom: 2px solid #1a3a5c; padding-bottom: 6px\">\u898f\u683c\u5c0d\u7167<\/h3>\n<table style=\"width:100%;border-collapse:collapse;margin:14px 0\">\n<tr>\n<th style=\"background:#1a3a5c;color:#fff;padding:9px 14px;border:1px solid #1a3a5c;text-align:left;font-weight:600\">Specifications<\/th>\n<th style=\"background:#1a3a5c;color:#fff;padding:9px 14px;border:1px solid #1a3a5c;text-align:left;font-weight:600\">\u4e09\u4eba\u5ea7<\/th>\n<th style=\"background:#1a3a5c;color:#fff;padding:9px 14px;border:1px solid #1a3a5c;text-align:left;font-weight:600\">\u56db\u4eba\u5ea7<\/th>\n<\/tr>\n<tr>\n<td style=\"padding:9px 14px;border:1px solid #dde4ee;vertical-align:top\">\u5916\u5c3a\u5bf8\uff08L\u00d7D\u00d7H\uff09<\/td>\n<td style=\"padding:9px 14px;border:1px solid #dde4ee;vertical-align:top\">1770\u00d7660\u00d7830 mm<\/td>\n<td style=\"padding:9px 14px;border:1px solid #dde4ee;vertical-align:top\">2340\u00d7660\u00d7830 mm<\/td>\n<\/tr>\n<tr>\n<td style=\"padding:9px 14px;border:1px solid #dde4ee;vertical-align:top;background:#f7f9fc\">Material<\/td>\n<td style=\"padding:9px 14px;border:1px solid #dde4ee;vertical-align:top;background:#f7f9fc\" colspan=\"2\">\u5168\u4e0d\u93fd\u92fc\uff08\u9632\u93fd\u8010\u8150\u8755\uff09<\/td>\n<\/tr>\n<tr>\n<td style=\"padding:9px 14px;border:1px solid #dde4ee;vertical-align:top\">\u7d50\u69cb<\/td>\n<td style=\"padding:9px 14px;border:1px solid #dde4ee;vertical-align:top\" colspan=\"2\">\u52a0\u539a\u9aa8\u67b6\uff0c\u56fa\u5b9a\u5f0f\uff0c\u627f\u91cd\u7a69\u5b9a<\/td>\n<\/tr>\n<tr>\n<td style=\"padding:9px 14px;border:1px solid #dde4ee;vertical-align:top;background:#f7f9fc\">Maintenance<\/td>\n<td style=\"padding:9px 14px;border:1px solid #dde4ee;vertical-align:top;background:#f7f9fc\" colspan=\"2\">\u5ea7\u9762\u5e73\u6574\u6613\u64e6\u62ed\uff0c\u7121\u5e03\u9762\u4e0d\u7a4d\u5875<\/td>\n<\/tr>\n<\/table>\n<h3 style=\"color: #1a3a5c; line-height: 1.5; border-bottom: 2px solid #1a3a5c; padding-bottom: 6px\">\u5e38\u898b\u61c9\u7528\u5834\u666f<\/h3>\n<table style=\"width:100%;border-collapse:collapse;margin:14px 0\">\n<tr>\n<th style=\"background:#1a3a5c;color:#fff;padding:9px 14px;border:1px solid #1a3a5c;text-align:left;font-weight:600\">\u5834\u666f<\/th>\n<th style=\"background:#1a3a5c;color:#fff;padding:9px 14px;border:1px solid #1a3a5c;text-align:left;font-weight:600\">Description<\/th>\n<\/tr>\n<tr>\n<td style=\"padding:9px 14px;border:1px solid #dde4ee;vertical-align:top\">\u91ab\u9662 \/ \u8a3a\u6240\u5019\u8a3a\u5340<\/td>\n<td style=\"padding:9px 14px;border:1px solid #dde4ee;vertical-align:top\">\u8010\u8150\u8755\u3001\u6613\u6d88\u6bd2\uff0c\u7b26\u5408\u91ab\u7642\u74b0\u5883\u885b\u751f\u9700\u6c42<\/td>\n<\/tr>\n<tr>\n<td style=\"padding:9px 14px;border:1px solid #dde4ee;vertical-align:top;background:#f7f9fc\">\u8eca\u7ad9 \/ \u6a5f\u5834\u5019\u8eca\u5340<\/td>\n<td style=\"padding:9px 14px;border:1px solid #dde4ee;vertical-align:top;background:#f7f9fc\">\u9ad8\u6d41\u91cf\u4f7f\u7528\uff0c\u8010\u78e8\u4e0d\u6613\u640d\u58de<\/td>\n<\/tr>\n<tr>\n<td style=\"padding:9px 14px;border:1px solid #dde4ee;vertical-align:top\">\u653f\u5e9c\u6a5f\u95dc \/ \u9280\u884c\u5927\u5ef3<\/td>\n<td style=\"padding:9px 14px;border:1px solid #dde4ee;vertical-align:top\">\u5916\u89c0\u7a69\u91cd\uff0c\u5de5\u7a0b\u6a19\u6848\u5e38\u898b\u9078\u6750<\/td>\n<\/tr>\n<tr>\n<td style=\"padding:9px 14px;border:1px solid #dde4ee;vertical-align:top;background:#f7f9fc\">\u5de5\u5ee0 \/ \u4f01\u696d\u63a5\u5f85\u5340<\/td>\n<td style=\"padding:9px 14px;border:1px solid #dde4ee;vertical-align:top;background:#f7f9fc\">\u4e0d\u92b9\u92fc\u8cea\u611f\u7b26\u5408\u5de5\u696d\u73fe\u4ee3\u98a8\u683c<\/td>\n<\/tr>\n<\/table>\n<p>\u5609\u9d3b\u63d0\u4f9b\u4e0d\u93fd\u92fc\u6392\u6905\u8a62\u50f9\u8207\u5de5\u7a0b\u6a19\u6848\u6279\u91cf\u4f9b\u8ca8\uff0c\u53ef\u4f9d\u5834\u5730\u9700\u6c42\u5efa\u8b70\u6578\u91cf\u914d\u7f6e\u3002<\/p>\n<div style=\"border:2px solid #BDD7EE;border-radius:10px;overflow:hidden\">\n<h6 style=\"background:#f8fafc;border-bottom:2px solid #BDD7EE;padding:20px 18px;font-weight:bold;color:#64748b;letter-spacing:1px;text-align:left\"><span style=\"color:#BDD7EE\">\u258c<\/span> \u540c\u5834\u52a0\u6620\uff5c\u4e0d\u93fd\u92fc\u6392\u6905 \u4e09\u4eba\u5ea7 \/ \u56db\u4eba\u5ea7\uff5c\u516c\u5171\u7a7a\u9593\u5019\u4f4d\u6905 \u00b7 \u8010\u91cd\u6613\u6e05\u6f54<\/h6>\n<p><a href=\"https:\/\/jiahon.com.tw\/en\/product\/304-ss-step-stool\/\" style=\"text-decoration:none;display:block;color:#1e293b;padding:6px 18px;line-height:1.85;border-bottom:1px solid #e2e8f0\"><strong style=\"display:block;color:#1a3a5c;font-weight:bold;margin-bottom:3px\">304 \u4e0d\u93fd\u92fc\u8173\u8e0f\u51f3 \u2014 \u5019\u8a3a\u5ba4 \/ \u91ab\u7642\u8f14\u52a9\u8e0f\u53f0<\/strong><\/a><a href=\"https:\/\/jiahon.com.tw\/en\/product\/iron-swivel-chair-series\/\" style=\"text-decoration:none;display:block;color:#1e293b;padding:6px 18px;line-height:1.85\"><strong style=\"display:block;color:#1a3a5c;font-weight:bold;margin-bottom:3px\">\u9435\u88fd\u65cb\u8f49\u6905\u7cfb\u5217 \u2014 \u5de5\u5ee0\u8207\u8fa6\u516c\u74b0\u5883\u5de5\u4f5c\u6905<\/strong><\/a><\/div>\n<div style=\"background:#01568F;border-radius:10px;padding:18px 24px;text-align:center;margin:16px 0 24px;color:#fff\">\n<h5 style=\"color:#fff;margin-bottom:16px\">\u9700\u8981\u5831\u50f9\u6216\u78ba\u8a8d\u898f\u683c\uff1f\u6b61\u8fce\u6d3d\u8a62<\/h5>\n<p><a href=\"https:\/\/jiahon.com.tw\/en\/%E5%98%89%E9%B4%BB%E7%95%99%E8%81%B2%E6%A9%9F\/\" style=\"display:inline-block;background:#FEF9C6;font-weight:bold;padding:11px 28px;border-radius:7px\">\u7acb\u5373\u8a62\u50f9<\/a>\n<\/div>","protected":false},"excerpt":{"rendered":"<p>\u4e0d\u93fd\u92fc\u6392\u6905,\u4e09\u4eba\u5ea7\u6392\u6905,\u56db\u4eba\u5ea7\u6392\u6905,\u516c\u5171\u5019\u4f4d\u6905,\u91ab\u9662\u5019\u8a3a\u6905,\u8eca\u7ad9\u6392\u6905,\u6a5f\u5834\u5019\u8eca\u6905,\u4e0d\u93fd\u92fc\u5019\u4f4d\u6905,\u653f\u5e9c\u6a5f\u95dc\u6392\u6905,\u9280\u884c\u5927\u5ef3\u6905,\u516c\u5171\u7a7a\u9593\u5ea7\u6905,\u5de5\u7a0b\u6a19\u6848\u6392\u6905,\u8010\u91cd\u4e0d\u93fd\u92fc\u6905,\u56fa\u5b9a\u5f0f\u6392\u6905,\u5546\u5834\u4f11\u606f\u6905,\u8a3a\u6240\u5019\u8a3a\u6905,\u5b78\u6821\u516c\u5171\u6905,\u5927\u5ef3\u7b49\u5019\u6905,\u4e0d\u93fd\u92fc\u9023\u6392\u6905,\u5927\u578b\u5019\u4f4d\u6392\u6905, 1770\u00d7660\u00d7830mm, 1770\u00d7660\u00d7830MM, l770\u00d7660\u00d7830mm, I770\u00d7660\u00d7830mm, i770\u00d7660\u00d7830mm, 177O\u00d7660\u00d7830mm, 177o\u00d7660\u00d7830mm, 1770\u00d7G60\u00d7830mm, 1770\u00d76G0\u00d7830mm, 1770\u00d766O\u00d7830mm, 1770\u00d766o\u00d7830mm, 1770\u00d7660\u00d7B30mm, 1770\u00d7660\u00d783Omm, 1770\u00d7660\u00d783omm, 2340\u00d7660\u00d7830mm, 2340\u00d7660\u00d7830MM, Z340\u00d7660\u00d7830mm, z340\u00d7660\u00d7830mm, 234O\u00d7660\u00d7830mm, 234o\u00d7660\u00d7830mm, 2340\u00d7G60\u00d7830mm, 2340\u00d76G0\u00d7830mm, 2340\u00d766O\u00d7830mm, 2340\u00d766o\u00d7830mm, 2340\u00d7660\u00d7B30mm, 2340\u00d7660\u00d783Omm, 2340\u00d7660\u00d783omm<\/p>","protected":false},"featured_media":91091,"template":"","meta":{"site-sidebar-layout":"default","site-content-layout":"","ast-site-content-layout":"default","site-content-style":"default","site-sidebar-style":"default","ast-global-header-display":"","ast-banner-title-visibility":"","ast-main-header-display":"","ast-hfb-above-header-display":"","ast-hfb-below-header-display":"","ast-hfb-mobile-header-display":"","site-post-title":"","ast-breadcrumbs-content":"","ast-featured-img":"","footer-sml-layout":"","ast-disable-related-posts":"","theme-transparent-header-meta":"default","adv-header-id-meta":"","stick-header-meta":"","header-above-stick-meta":"","header-main-stick-meta":"","header-below-stick-meta":"","astra-migrate-meta-layouts":"set","ast-page-background-enabled":"default","ast-page-background-meta":{"desktop":{"background-color":"var(--ast-global-color-4)","background-image":"","background-repeat":"repeat","background-position":"center center","background-size":"auto","background-attachment":"scroll","background-type":"","background-media":"","overlay-type":"","overlay-color":"","overlay-opacity":"","overlay-gradient":""},"tablet":{"background-color":"","background-image":"","background-repeat":"repeat","background-position":"center center","background-size":"auto","background-attachment":"scroll","background-type":"","background-media":"","overlay-type":"","overlay-color":"","overlay-opacity":"","overlay-gradient":""},"mobile":{"background-color":"","background-image":"","background-repeat":"repeat","background-position":"center center","background-size":"auto","background-attachment":"scroll","background-type":"","background-media":"","overlay-type":"","overlay-color":"","overlay-opacity":"","overlay-gradient":""}},"ast-content-background-meta":{"desktop":{"background-color":"var(--ast-global-color-5)","background-image":"","background-repeat":"repeat","background-position":"center center","background-size":"auto","background-attachment":"scroll","background-type":"","background-media":"","overlay-type":"","overlay-color":"","overlay-opacity":"","overlay-gradient":""},"tablet":{"background-color":"var(--ast-global-color-5)","background-image":"","background-repeat":"repeat","background-position":"center center","background-size":"auto","background-attachment":"scroll","background-type":"","background-media":"","overlay-type":"","overlay-color":"","overlay-opacity":"","overlay-gradient":""},"mobile":{"background-color":"var(--ast-global-color-5)","background-image":"","background-repeat":"repeat","background-position":"center center","background-size":"auto","background-attachment":"scroll","background-type":"","background-media":"","overlay-type":"","overlay-color":"","overlay-opacity":"","overlay-gradient":""}}},"product_brand":[96989041],"product_cat":[96987569,96987643,96987603,96987641,96987576],"product_tag":[96988004],"class_list":{"0":"post-91089","1":"product","2":"type-product","3":"status-publish","4":"has-post-thumbnail","6":"product_brand-96989041","7":"product_cat-products","8":"product_cat-new-products-february","9":"product_cat-gift","10":"product_cat-latest-products","11":"product_cat-promotion-services","12":"product_tag-96988004","13":"desktop-align-left","14":"tablet-align-left","15":"mobile-align-left","16":"ast-product-gallery-layout-horizontal-slider","17":"ast-product-gallery-with-no-image","18":"ast-product-single-variable","19":"ast-product-tabs-layout-horizontal","21":"first","22":"instock","23":"shipping-taxable","24":"purchasable","25":"product-type-variable"},"group_of_quantity":0,"min_quantity":0,"max_quantity":"","exclude_order_quantity_value_rules":"no","exclude_category_quantity_rules":"no","combine_variations":"no","_links":{"self":[{"href":"https:\/\/jiahon.com.tw\/en\/wp-json\/wp\/v2\/product\/91089","targetHints":{"allow":["GET"]}}],"collection":[{"href":"https:\/\/jiahon.com.tw\/en\/wp-json\/wp\/v2\/product"}],"about":[{"href":"https:\/\/jiahon.com.tw\/en\/wp-json\/wp\/v2\/types\/product"}],"version-history":[{"count":0,"href":"https:\/\/jiahon.com.tw\/en\/wp-json\/wp\/v2\/product\/91089\/revisions"}],"wp:featuredmedia":[{"embeddable":true,"href":"https:\/\/jiahon.com.tw\/en\/wp-json\/wp\/v2\/media\/91091"}],"wp:attachment":[{"href":"https:\/\/jiahon.com.tw\/en\/wp-json\/wp\/v2\/media?parent=91089"}],"wp:term":[{"taxonomy":"product_brand","embeddable":true,"href":"https:\/\/jiahon.com.tw\/en\/wp-json\/wp\/v2\/product_brand?post=91089"},{"taxonomy":"product_cat","embeddable":true,"href":"https:\/\/jiahon.com.tw\/en\/wp-json\/wp\/v2\/product_cat?post=91089"},{"taxonomy":"product_tag","embeddable":true,"href":"https:\/\/jiahon.com.tw\/en\/wp-json\/wp\/v2\/product_tag?post=91089"}],"curies":[{"name":"wp","href":"https:\/\/api.w.org\/{rel}","templated":true}]}}