{"id":91111,"date":"2026-02-12T14:06:40","date_gmt":"2026-02-12T06:06:40","guid":{"rendered":"https:\/\/jiahon.com.tw\/?post_type=product&#038;p=91111"},"modified":"2026-04-08T13:53:21","modified_gmt":"2026-04-08T05:53:21","slug":"%e8%bc%95%e4%be%bf%e5%a1%91%e8%86%a0%e5%87%b3%e7%b3%bb%e5%88%97","status":"publish","type":"product","link":"https:\/\/jiahon.com.tw\/en\/product\/%e8%bc%95%e4%be%bf%e5%a1%91%e8%86%a0%e5%87%b3%e7%b3%bb%e5%88%97\/","title":{"rendered":"\u8f15\u4fbf\u5851\u81a0\u51f3\u7cfb\u5217"},"content":{"rendered":"<h2 style=\"color: #1a3a5c; border-left: 5px solid #e8a020; padding-left: 18px; line-height: 1.5\">\u8f15\u4fbf\u5851\u81a0\u51f3\u7cfb\u5217\uff5c\u8010\u6454\u65b9\u51f3 \/ \u6298\u758a\u4fbf\u651c\u51f3 \u00b7 \u5bb6\u7528\u5546\u7528\u6279\u91cf\u63a1\u8cfc<\/h2>\n<p>\u9700\u8981\u5927\u91cf\u3001\u7d93\u6fdf\u5be6\u60e0\u7684\u5ea7\u6905\u5099\u7528\u6642\uff0c\u5851\u81a0\u51f3\u662f\u6700\u5e38\u898b\u7684\u9078\u64c7\u3002\u672c\u7cfb\u5217\u63d0\u4f9b\u5169\u6b3e\uff1a<strong>\u8010\u6454\u5851\u81a0\u65b9\u51f3<\/strong>\uff08PP \u589e\u5f37\u4e00\u9ad4\u6210\u578b\uff0c32\u00d727\u00d748 cm\uff0c\u627f\u91cd 150 kg\uff09\u63a1\u5713\u89d2\u9632\u649e\u8a2d\u8a08\uff0c\u591a\u8272\u53ef\u9078\uff08\u7d05\/\u85cd\/\u7da0\uff09\uff0c\u9069\u5408\u9910\u5ef3\u3001\u5c0f\u5403\u5e97\u6216\u5de5\u5ee0\u81e8\u6642\u5ea7\u6905\u6279\u91cf\u914d\u7f6e\uff1b<strong>\u6298\u758a\u4fbf\u651c\u51f3<\/strong>\uff08PP \u5851\u81a0 + \u9435\u7ba1\u6846\u67b6\uff0c28\u00d733\u00d730 cm\uff0c\u627f\u91cd 100 kg\uff09\u6298\u758a\u5f8c\u50c5 25 cm \u539a\u3001\u91cd\u91cf 1.2 kg\uff0c\u9069\u5408\u9700\u8981\u96a8\u8eab\u651c\u5e36\u6216\u5927\u91cf\u96c6\u4e2d\u6536\u7d0d\u7684\u5834\u5408\uff0c\u5982\u6d3b\u52d5\u4f48\u7f6e\u3001\u4f01\u696d\u8a13\u7df4\u8ab2\u7a0b\u6216\u54e1\u5de5\u6d3b\u52d5\u5099\u7528\u6905\u3002<\/p>\n<h3 style=\"color: #1a3a5c; line-height: 1.5; border-bottom: 2px solid #1a3a5c; padding-bottom: 6px\">\u898f\u683c\u5c0d\u7167<\/h3>\n<table style=\"width:100%;border-collapse:collapse;margin:14px 0\">\n<tr>\n<th style=\"background:#1a3a5c;color:#fff;padding:9px 14px;border:1px solid #1a3a5c;text-align:left;font-weight:600\">Model Number<\/th>\n<th style=\"background:#1a3a5c;color:#fff;padding:9px 14px;border:1px solid #1a3a5c;text-align:left;font-weight:600\">\u5c3a\u5bf8\uff08W\u00d7L\u00d7H\uff09<\/th>\n<th style=\"background:#1a3a5c;color:#fff;padding:9px 14px;border:1px solid #1a3a5c;text-align:left;font-weight:600\">\u6750\u8cea \/ \u7d50\u69cb<\/th>\n<th style=\"background:#1a3a5c;color:#fff;padding:9px 14px;border:1px solid #1a3a5c;text-align:left;font-weight:600\">\u627f\u91cd<\/th>\n<th style=\"background:#1a3a5c;color:#fff;padding:9px 14px;border:1px solid #1a3a5c;text-align:left;font-weight:600\">Features<\/th>\n<\/tr>\n<tr>\n<td style=\"padding:9px 14px;border:1px solid #dde4ee;vertical-align:top\">\u8010\u6454\u5851\u81a0\u65b9\u51f3<\/td>\n<td style=\"padding:9px 14px;border:1px solid #dde4ee;vertical-align:top\">32\u00d727\u00d748 cm<\/td>\n<td style=\"padding:9px 14px;border:1px solid #dde4ee;vertical-align:top\">PP \u589e\u5f37\u4e00\u9ad4\u6210\u578b<\/td>\n<td style=\"padding:9px 14px;border:1px solid #dde4ee;vertical-align:top\">150 kg<\/td>\n<td style=\"padding:9px 14px;border:1px solid #dde4ee;vertical-align:top\">\u5713\u89d2\u9632\u649e\uff0c\u591a\u8272\uff0c\u5806\u758a\u6536\u7d0d<\/td>\n<\/tr>\n<tr>\n<td style=\"padding:9px 14px;border:1px solid #dde4ee;vertical-align:top;background:#f7f9fc\">\u6298\u758a\u4fbf\u651c\u51f3<\/td>\n<td style=\"padding:9px 14px;border:1px solid #dde4ee;vertical-align:top;background:#f7f9fc\">28\u00d733\u00d730 cm\uff08\u5c55\u958b\uff09<\/td>\n<td style=\"padding:9px 14px;border:1px solid #dde4ee;vertical-align:top;background:#f7f9fc\">PP + \u9435\u7ba1\u6846\u67b6\uff0c\u53ef\u6298\u758a<\/td>\n<td style=\"padding:9px 14px;border:1px solid #dde4ee;vertical-align:top;background:#f7f9fc\">100 kg<\/td>\n<td style=\"padding:9px 14px;border:1px solid #dde4ee;vertical-align:top;background:#f7f9fc\">\u6298\u758a\u50c5 25 cm\uff0c\u91cd 1.2 kg<\/td>\n<\/tr>\n<\/table>\n<p>\u5609\u9d3b\u63d0\u4f9b\u5851\u81a0\u51f3\u7cfb\u5217\u6279\u91cf\u63a1\u8cfc\u5831\u50f9\uff0c\u9069\u5408\u5de5\u5ee0\u3001\u5b78\u6821\u8207\u4f01\u696d\u6d3b\u52d5\u5927\u91cf\u914d\u7f6e\u3002<\/p>\n<div style=\"border:2px solid #BDD7EE;border-radius:10px;overflow:hidden\">\n<h6 style=\"background:#f8fafc;border-bottom:2px solid #BDD7EE;padding:20px 18px;font-weight:bold;color:#64748b;letter-spacing:1px;text-align:left\"><span style=\"color:#BDD7EE\">\u258c<\/span> \u540c\u5834\u52a0\u6620\uff5c\u8f15\u4fbf\u5851\u81a0\u51f3\u7cfb\u5217\uff5c\u8010\u6454\u65b9\u51f3 \/ \u6298\u758a\u4fbf\u651c\u51f3 \u00b7 \u5bb6\u7528\u5546\u7528\u6279\u91cf\u63a1\u8cfc<\/h6>\n<p><a href=\"https:\/\/jiahon.com.tw\/en\/product\/iron-round-stool-series\/\" style=\"text-decoration:none;display:block;color:#1e293b;padding:6px 18px;line-height:1.85;border-bottom:1px solid #e2e8f0\"><strong style=\"display:block;color:#1a3a5c;font-weight:bold;margin-bottom:3px\">\u9435\u88fd\u5713\u9762\u6905 \/ \u65cb\u8f49\u5713\u9762\u6905 \u2014 \u91d1\u5c6c\u7d50\u69cb\u8010\u7528\u4f5c\u696d\u51f3<\/strong><\/a><a href=\"https:\/\/jiahon.com.tw\/en\/product\/iron-folding-training-table\/\" style=\"text-decoration:none;display:block;color:#1e293b;padding:6px 18px;line-height:1.85\"><strong style=\"display:block;color:#1a3a5c;font-weight:bold;margin-bottom:3px\">\u9435\u70e4\u6f06\u6298\u758a\u5de5\u4f5c\u684c \u2014 \u57f9\u8a13\u5ba4 \/ \u6d3b\u52d5\u684c\u6905\u642d\u914d<\/strong><\/a><\/div>\n<div style=\"background:#01568F;border-radius:10px;padding:18px 24px;text-align:center;margin:16px 0 24px;color:#fff\">\n<h5 style=\"color:#fff;margin-bottom:16px\">\u9700\u8981\u5831\u50f9\u6216\u78ba\u8a8d\u898f\u683c\uff1f\u6b61\u8fce\u6d3d\u8a62<\/h5>\n<p><a href=\"https:\/\/jiahon.com.tw\/en\/%E5%98%89%E9%B4%BB%E7%95%99%E8%81%B2%E6%A9%9F\/\" style=\"display:inline-block;background:#FEF9C6;font-weight:bold;padding:11px 28px;border-radius:7px\">\u7acb\u5373\u8a62\u50f9<\/a>\n<\/div>","protected":false},"excerpt":{"rendered":"<p>\u5851\u81a0\u51f3\u6279\u767c,\u5851\u81a0\u65b9\u51f3,\u5851\u81a0\u6298\u758a\u51f3,\u5bb6\u7528\u63db\u978b\u51f3,\u8010\u6454\u5851\u81a0\u6905,\u5851\u81a0\u677f\u51f3,\u6236\u5916\u6298\u758a\u6905,\u99ac\u624e,\u91e3\u9b5a\u5c0f\u51f3,\u9732\u71df\u5c0f\u677f\u51f3,\u52a0\u539a\u5851\u81a0\u51f3,\u4fbf\u651c\u5f0f\u6298\u758a\u51f3,\u5546\u7528\u5851\u81a0\u6905,\u7d93\u6fdf\u578b\u5851\u81a0\u51f3,\u6279\u767c\u5851\u6599\u51f3\u5b50,\u5bb6\u5ead\u5851\u81a0\u6905,\u5c0f\u677f\u51f3\u6279\u767c,\u6d3b\u52d5\u7528\u6298\u758a\u51f3,\u5de5\u4f5c\u51f3,\u5851\u81a0\u77ee\u51f3, 32cm \u00d7 27cm \u00d7 48cm, 32cm\u00d7 27cm \u00d7 48cm, 32cm \u00d727cm \u00d7 48cm, 32cm \u00d7 27cm\u00d7 48cm, 32cm \u00d7 27cm \u00d748cm, 32cm\u00d727cm\u00d748cm, 32CM \u00d7 27CM \u00d7 48CM, 3Zcm \u00d7 27cm \u00d7 48cm, 3zcm \u00d7 27cm \u00d7 48cm, 32cm \u00d7 Z7cm \u00d7 48cm, 32cm \u00d7 z7cm \u00d7 48cm, 32cm \u00d7 27cm \u00d7 4Bcm, 28cm \u00d7 33cm \u00d7 30cm, 28cm\u00d7 33cm \u00d7 30cm, 28cm \u00d733cm \u00d7 30cm, 28cm \u00d7 33cm\u00d7 30cm, 28cm \u00d7 33cm \u00d730cm, 28cm\u00d733cm\u00d730cm, 28CM \u00d7 33CM \u00d7 30CM, Z8cm \u00d7 33cm \u00d7 30cm, z8cm \u00d7 33cm \u00d7 30cm, 2Bcm \u00d7 33cm \u00d7 30cm, 28cm \u00d7 33cm \u00d7 3Ocm, 28cm \u00d7 33cm \u00d7 3ocm<\/p>","protected":false},"featured_media":91112,"template":"","meta":{"site-sidebar-layout":"default","site-content-layout":"","ast-site-content-layout":"default","site-content-style":"default","site-sidebar-style":"default","ast-global-header-display":"","ast-banner-title-visibility":"","ast-main-header-display":"","ast-hfb-above-header-display":"","ast-hfb-below-header-display":"","ast-hfb-mobile-header-display":"","site-post-title":"","ast-breadcrumbs-content":"","ast-featured-img":"","footer-sml-layout":"","ast-disable-related-posts":"","theme-transparent-header-meta":"default","adv-header-id-meta":"","stick-header-meta":"","header-above-stick-meta":"","header-main-stick-meta":"","header-below-stick-meta":"","astra-migrate-meta-layouts":"set","ast-page-background-enabled":"default","ast-page-background-meta":{"desktop":{"background-color":"var(--ast-global-color-4)","background-image":"","background-repeat":"repeat","background-position":"center center","background-size":"auto","background-attachment":"scroll","background-type":"","background-media":"","overlay-type":"","overlay-color":"","overlay-opacity":"","overlay-gradient":""},"tablet":{"background-color":"","background-image":"","background-repeat":"repeat","background-position":"center center","background-size":"auto","background-attachment":"scroll","background-type":"","background-media":"","overlay-type":"","overlay-color":"","overlay-opacity":"","overlay-gradient":""},"mobile":{"background-color":"","background-image":"","background-repeat":"repeat","background-position":"center center","background-size":"auto","background-attachment":"scroll","background-type":"","background-media":"","overlay-type":"","overlay-color":"","overlay-opacity":"","overlay-gradient":""}},"ast-content-background-meta":{"desktop":{"background-color":"var(--ast-global-color-5)","background-image":"","background-repeat":"repeat","background-position":"center center","background-size":"auto","background-attachment":"scroll","background-type":"","background-media":"","overlay-type":"","overlay-color":"","overlay-opacity":"","overlay-gradient":""},"tablet":{"background-color":"var(--ast-global-color-5)","background-image":"","background-repeat":"repeat","background-position":"center center","background-size":"auto","background-attachment":"scroll","background-type":"","background-media":"","overlay-type":"","overlay-color":"","overlay-opacity":"","overlay-gradient":""},"mobile":{"background-color":"var(--ast-global-color-5)","background-image":"","background-repeat":"repeat","background-position":"center center","background-size":"auto","background-attachment":"scroll","background-type":"","background-media":"","overlay-type":"","overlay-color":"","overlay-opacity":"","overlay-gradient":""}}},"product_brand":[96989041],"product_cat":[96987569,96987643,96987603,96987641,96987576],"product_tag":[96988004],"class_list":{"0":"post-91111","1":"product","2":"type-product","3":"status-publish","4":"has-post-thumbnail","6":"product_brand-96989041","7":"product_cat-products","8":"product_cat-new-products-february","9":"product_cat-gift","10":"product_cat-latest-products","11":"product_cat-promotion-services","12":"product_tag-96988004","13":"desktop-align-left","14":"tablet-align-left","15":"mobile-align-left","16":"ast-product-gallery-layout-horizontal-slider","17":"ast-product-gallery-with-no-image","18":"ast-product-single-variable","19":"ast-product-tabs-layout-horizontal","21":"first","22":"instock","23":"shipping-taxable","24":"purchasable","25":"product-type-variable"},"group_of_quantity":0,"min_quantity":0,"max_quantity":"","exclude_order_quantity_value_rules":"no","exclude_category_quantity_rules":"no","combine_variations":"no","_links":{"self":[{"href":"https:\/\/jiahon.com.tw\/en\/wp-json\/wp\/v2\/product\/91111","targetHints":{"allow":["GET"]}}],"collection":[{"href":"https:\/\/jiahon.com.tw\/en\/wp-json\/wp\/v2\/product"}],"about":[{"href":"https:\/\/jiahon.com.tw\/en\/wp-json\/wp\/v2\/types\/product"}],"version-history":[{"count":0,"href":"https:\/\/jiahon.com.tw\/en\/wp-json\/wp\/v2\/product\/91111\/revisions"}],"wp:featuredmedia":[{"embeddable":true,"href":"https:\/\/jiahon.com.tw\/en\/wp-json\/wp\/v2\/media\/91112"}],"wp:attachment":[{"href":"https:\/\/jiahon.com.tw\/en\/wp-json\/wp\/v2\/media?parent=91111"}],"wp:term":[{"taxonomy":"product_brand","embeddable":true,"href":"https:\/\/jiahon.com.tw\/en\/wp-json\/wp\/v2\/product_brand?post=91111"},{"taxonomy":"product_cat","embeddable":true,"href":"https:\/\/jiahon.com.tw\/en\/wp-json\/wp\/v2\/product_cat?post=91111"},{"taxonomy":"product_tag","embeddable":true,"href":"https:\/\/jiahon.com.tw\/en\/wp-json\/wp\/v2\/product_tag?post=91111"}],"curies":[{"name":"wp","href":"https:\/\/api.w.org\/{rel}","templated":true}]}}