{"id":91233,"date":"2026-02-13T11:44:45","date_gmt":"2026-02-13T03:44:45","guid":{"rendered":"https:\/\/jiahon.com.tw\/?post_type=product&#038;p=91233"},"modified":"2026-04-24T16:17:11","modified_gmt":"2026-04-24T08:17:11","slug":"pe%e8%80%90%e6%ba%ab%e5%9e%8b%e9%98%b2%e8%9d%95%e5%bd%a9%e8%89%b2%e8%86%a0%e5%b8%b6","status":"publish","type":"product","link":"https:\/\/jiahon.com.tw\/en\/product\/pe%e8%80%90%e6%ba%ab%e5%9e%8b%e9%98%b2%e8%9d%95%e5%bd%a9%e8%89%b2%e8%86%a0%e5%b8%b6\/","title":{"rendered":"PE \u8010\u6eab\u578b\u9632\u8755\u5f69\u8272\u81a0\u5e36\uff5c-23~121\u00b0C\u30fb5\u8272\u30fb\u5316\u5b78\u9632\u8755\u30fbAutoclave\u6d88\u6bd2\u30fb\u8a66\u5291\u74f6\u6a19\u8b58"},"content":{"rendered":"<h2 style=\"color: #1a3a5c; border-left: 5px solid #e8a020; padding-left: 18px; line-height: 1.5\">PE \u8010\u6eab\u578b\u9632\u8755\u5f69\u8272\u81a0\u5e36\uff5c-23~121\u00b0C\u30fb5\u8272\u30fb\u5316\u5b78\u9632\u8755\u30fbAutoclave\u6d88\u6bd2\u30fb\u8a66\u5291\u74f6\u6a19\u8b58<\/h2>\n<p>PE\uff0b\u4e19\u70ef\u9178\u81a0\uff0c19mm\u00d755M\uff0c\u4e94\u8272\uff08\u85cd\/\u767d\/\u9ec3\/\u7da0\/\u7c89\u7d05\uff09\uff0c\u8010\u6eab -23\u00b0C ~ 121\u00b0C\uff0c\u9632\u6c34\u8010\u9178\u7121\u6b98\u81a0\u3002<strong>Pink<\/strong>\u6b3e\u53ef\u8010 121\u00b0C \u9ad8\u58d3\u84b8\u6c23\u6ec5\u83cc\uff08Autoclave\uff09\uff0c\u9069\u5408\u751f\u7269\u6a23\u54c1\u7ba1\u7406\uff1b\u9ec3\u8272\u6b3e\u8010\u6cb9\u8010\u5316\u5b78\u53ef\u66f8\u5beb\uff0c\u9069\u7528\u5be6\u9a57\u5ba4\u8a66\u5291\u74f6\u6a19\u8b58\u8207\u8a2d\u5099\u7ba1\u7dda\u9632\u8755\u5206\u985e\u6a19\u793a\u3002<\/p>\n<h3 style=\"color: #1a3a5c; line-height: 1.5; border-bottom: 2px solid #1a3a5c; padding-bottom: 6px\">\u4e94\u8272\u5c0d\u7167<\/h3>\n<table style=\"width:100%;border-collapse:collapse;margin:14px 0\">\n<tr>\n<th style=\"background:#1a3a5c;color:#fff;padding:9px 14px;border:1px solid #1a3a5c;text-align:left;font-weight:600\">color<\/th>\n<th style=\"background:#1a3a5c;color:#fff;padding:9px 14px;border:1px solid #1a3a5c;text-align:left;font-weight:600\">\u7279\u6027<\/th>\n<th style=\"background:#1a3a5c;color:#fff;padding:9px 14px;border:1px solid #1a3a5c;text-align:left;font-weight:600\">\u4e3b\u8981\u7528\u9014<\/th>\n<\/tr>\n<tr>\n<td style=\"padding:9px 14px;border:1px solid #dde4ee;vertical-align:top\">Blue<\/td>\n<td style=\"padding:9px 14px;border:1px solid #dde4ee;vertical-align:top\">-23\u00b0C~121\u00b0C\uff0c\u9632\u6c34\u8010\u9178<\/td>\n<td style=\"padding:9px 14px;border:1px solid #dde4ee;vertical-align:top\">\u8a66\u5291\u74f6\u7ba1\u9053\u6a19\u793a<\/td>\n<\/tr>\n<tr>\n<td style=\"padding:9px 14px;border:1px solid #dde4ee;vertical-align:top;background:#f7f9fc\">White<\/td>\n<td style=\"padding:9px 14px;border:1px solid #dde4ee;vertical-align:top;background:#f7f9fc\">\u9ad8\u53ef\u898b\u5ea6\uff0c\u7121\u6b98\u81a0<\/td>\n<td style=\"padding:9px 14px;border:1px solid #dde4ee;vertical-align:top;background:#f7f9fc\">\u8a2d\u5099\u6a19\u793a\u3001\u767d\u677f\u6a19\u8a18<\/td>\n<\/tr>\n<tr>\n<td style=\"padding:9px 14px;border:1px solid #dde4ee;vertical-align:top\">Yellow<\/td>\n<td style=\"padding:9px 14px;border:1px solid #dde4ee;vertical-align:top\">\u8010\u6cb9\u8010\u5316\u5b78\uff0c\u53ef\u66f8\u5beb<\/td>\n<td style=\"padding:9px 14px;border:1px solid #dde4ee;vertical-align:top\">\u8a66\u5291\u74f6\u66f8\u5beb\u6a19\u8b58<\/td>\n<\/tr>\n<tr>\n<td style=\"padding:9px 14px;border:1px solid #dde4ee;vertical-align:top;background:#f7f9fc\">Green<\/td>\n<td style=\"padding:9px 14px;border:1px solid #dde4ee;vertical-align:top;background:#f7f9fc\">\u6297\u51cd\uff0c\u73bb\u7483\/\u91d1\u5c6c\/\u9676\u74f7\u9ecf\u9644<\/td>\n<td style=\"padding:9px 14px;border:1px solid #dde4ee;vertical-align:top;background:#f7f9fc\">\u4f4e\u6eab\u74b0\u5883\u6a19\u8b58<\/td>\n<\/tr>\n<tr>\n<td style=\"padding:9px 14px;border:1px solid #dde4ee;vertical-align:top\"><strong>Pink<\/strong><\/td>\n<td style=\"padding:9px 14px;border:1px solid #dde4ee;vertical-align:top\"><strong>121\u00b0C Autoclave \u9ad8\u58d3\u6ec5\u83cc<\/strong><\/td>\n<td style=\"padding:9px 14px;border:1px solid #dde4ee;vertical-align:top\">\u751f\u7269\u6a23\u54c1\u6ec5\u83cc\u6a19\u8b58<\/td>\n<\/tr>\n<\/table>\n<div style=\"border:2px solid #BDD7EE;border-radius:10px;overflow:hidden\">\n<h6 style=\"background:#f8fafc;border-bottom:2px solid #BDD7EE;padding:20px 18px;font-weight:bold;color:#64748b;letter-spacing:1px;text-align:left\"><span style=\"color:#BDD7EE\">\u258c<\/span> \u540c\u5834\u52a0\u6620\uff5c\u7cbe\u5bc6\u7279\u6b8a\u81a0\u5e36<\/h6>\n<p><a href=\"\/en\/product\/pet-marking-tape-colored\/\" style=\"text-decoration:none;display:block;color:#1e293b;padding:6px 18px;line-height:1.85;border-bottom:1px solid #e2e8f0\"><strong style=\"display:block;color:#1a3a5c;font-weight:bold;margin-bottom:3px\">PET \u6a19\u8a8c\u81a0\u5e36\uff08\u591a\u8272\uff09<\/strong><\/a><a href=\"\/en\/product\/tesa-haf-hot-melt-tape\/\" style=\"text-decoration:none;display:block;color:#1e293b;padding:6px 18px;line-height:1.85;border-bottom:1px solid #e2e8f0\"><strong style=\"display:block;color:#1a3a5c;font-weight:bold;margin-bottom:3px\">TESA HAF \u71b1\u7194\u81a0\u5e36<\/strong><\/a><a href=\"\/en\/product\/hydrogen-leak-detection-tape\/\" style=\"text-decoration:none;display:block;color:#1e293b;padding:6px 18px;line-height:1.85\"><strong style=\"display:block;color:#1a3a5c;font-weight:bold;margin-bottom:3px\">\u6c2b\u6c23\u6d29\u6f0f\u6aa2\u6e2c\u81a0\u5e36<\/strong><\/a><\/div>\n<div style=\"background:#01568F;border-radius:10px;padding:18px 24px;text-align:center;margin:16px 0 24px;color:#fff\">\n<h5 style=\"color:#fff;margin-bottom:16px\">\u9700\u8981\u5831\u50f9\u6216\u78ba\u8a8d\u898f\u683c\uff1f\u6b61\u8fce\u6d3d\u8a62<\/h5>\n<p><a href=\"https:\/\/jiahon.com.tw\/en\/%E5%98%89%E9%B4%BB%E7%95%99%E8%81%B2%E6%A9%9F\/\" style=\"display:inline-block;background:#FEF9C6;font-weight:bold;padding:11px 28px;border-radius:7px\">\u7acb\u5373\u8a62\u50f9<\/a>\n<\/div>","protected":false},"excerpt":{"rendered":"<p>PE\u8010\u6eab\u578b\u9632\u8755\u5e36,\u5be6\u9a57\u7528\u5f69\u8272\u81a0\u5e36,\u9ad8\u6eab\u9632\u8755\u81a0\u5e36,19mm\u5bec\u9632\u8755\u81a0\u5e36,55M\u9577PE\u81a0\u5e36,\u85cd\u8272PE\u81a0\u5e36,\u767d\u8272PE\u81a0\u5e36,\u9ec3\u8272PE\u81a0\u5e36,\u7da0\u8272PE\u81a0\u5e36,\u7c89\u7d05\u8272PE\u81a0\u5e36,\u9632\u5316\u5b78\u8150\u8755\u81a0\u5e36,\u8010\u9ad8\u6eab\u6a19\u793a\u81a0\u5e36,\u5be6\u9a57\u5ba4\u7ba1\u9053\u6a19\u8b58\u81a0\u5e36,\u5de5\u696d\u8868\u9762\u4fdd\u8b77\u81a0\u5e36,\u7cbe\u6e96\u5b9a\u4f4d\u81a0\u5e36,\u5f69\u8272\u6a19\u8b58\u81a0\u5e36,PE\u6750\u8cea\u9632\u8755\u81a0\u5e36,\u5be6\u9a57\u5ba4\u8a2d\u5099\u4fdd\u8b77\u81a0\u5e36,\u5de5\u5ee0\u9ad8\u6eab\u9632\u8755\u81a0\u5e36,\u9ad8\u6eab\u64cd\u4f5c\u81a0\u5e36, 19mmW \u00d7 55mL, 19mmW\u00d7 55mL, 19mmW \u00d755mL, 19mmW\u00d755mL, 19MMW \u00d7 55ML, 19mmw \u00d7 55ml, l9mmW \u00d7 55mL, I9mmW \u00d7 55mL, i9mmW \u00d7 55mL, 19mmW \u00d7 S5mL, 19mmW \u00d7 s5mL, 19mmW \u00d7 5SmL, 19mmW \u00d7 5smL, Autoclave, AUTOCLAVE, autoclave, Aut0clave, Autoc1ave, AutocIave<\/p>","protected":false},"featured_media":91234,"template":"","meta":{"site-sidebar-layout":"default","site-content-layout":"","ast-site-content-layout":"default","site-content-style":"default","site-sidebar-style":"default","ast-global-header-display":"","ast-banner-title-visibility":"","ast-main-header-display":"","ast-hfb-above-header-display":"","ast-hfb-below-header-display":"","ast-hfb-mobile-header-display":"","site-post-title":"","ast-breadcrumbs-content":"","ast-featured-img":"","footer-sml-layout":"","ast-disable-related-posts":"","theme-transparent-header-meta":"default","adv-header-id-meta":"","stick-header-meta":"","header-above-stick-meta":"","header-main-stick-meta":"","header-below-stick-meta":"","astra-migrate-meta-layouts":"set","ast-page-background-enabled":"default","ast-page-background-meta":{"desktop":{"background-color":"var(--ast-global-color-4)","background-image":"","background-repeat":"repeat","background-position":"center center","background-size":"auto","background-attachment":"scroll","background-type":"","background-media":"","overlay-type":"","overlay-color":"","overlay-opacity":"","overlay-gradient":""},"tablet":{"background-color":"","background-image":"","background-repeat":"repeat","background-position":"center center","background-size":"auto","background-attachment":"scroll","background-type":"","background-media":"","overlay-type":"","overlay-color":"","overlay-opacity":"","overlay-gradient":""},"mobile":{"background-color":"","background-image":"","background-repeat":"repeat","background-position":"center center","background-size":"auto","background-attachment":"scroll","background-type":"","background-media":"","overlay-type":"","overlay-color":"","overlay-opacity":"","overlay-gradient":""}},"ast-content-background-meta":{"desktop":{"background-color":"var(--ast-global-color-5)","background-image":"","background-repeat":"repeat","background-position":"center center","background-size":"auto","background-attachment":"scroll","background-type":"","background-media":"","overlay-type":"","overlay-color":"","overlay-opacity":"","overlay-gradient":""},"tablet":{"background-color":"var(--ast-global-color-5)","background-image":"","background-repeat":"repeat","background-position":"center center","background-size":"auto","background-attachment":"scroll","background-type":"","background-media":"","overlay-type":"","overlay-color":"","overlay-opacity":"","overlay-gradient":""},"mobile":{"background-color":"var(--ast-global-color-5)","background-image":"","background-repeat":"repeat","background-position":"center center","background-size":"auto","background-attachment":"scroll","background-type":"","background-media":"","overlay-type":"","overlay-color":"","overlay-opacity":"","overlay-gradient":""}}},"product_brand":[96989041],"product_cat":[96987569,96987643,96987574,96987641,96987596],"product_tag":[96987656],"class_list":{"0":"post-91233","1":"product","2":"type-product","3":"status-publish","4":"has-post-thumbnail","6":"product_brand-96989041","7":"product_cat-products","8":"product_cat-new-products-february","9":"product_cat-special-materials","10":"product_cat-latest-products","11":"product_cat-tapes","12":"product_tag-96987656","13":"desktop-align-left","14":"tablet-align-left","15":"mobile-align-left","16":"ast-product-gallery-layout-horizontal-slider","17":"ast-product-gallery-with-no-image","18":"ast-product-single-variable","19":"ast-product-tabs-layout-horizontal","21":"first","22":"instock","23":"shipping-taxable","24":"purchasable","25":"product-type-variable"},"group_of_quantity":0,"min_quantity":0,"max_quantity":"","exclude_order_quantity_value_rules":"no","exclude_category_quantity_rules":"no","combine_variations":"no","_links":{"self":[{"href":"https:\/\/jiahon.com.tw\/en\/wp-json\/wp\/v2\/product\/91233","targetHints":{"allow":["GET"]}}],"collection":[{"href":"https:\/\/jiahon.com.tw\/en\/wp-json\/wp\/v2\/product"}],"about":[{"href":"https:\/\/jiahon.com.tw\/en\/wp-json\/wp\/v2\/types\/product"}],"version-history":[{"count":0,"href":"https:\/\/jiahon.com.tw\/en\/wp-json\/wp\/v2\/product\/91233\/revisions"}],"wp:featuredmedia":[{"embeddable":true,"href":"https:\/\/jiahon.com.tw\/en\/wp-json\/wp\/v2\/media\/91234"}],"wp:attachment":[{"href":"https:\/\/jiahon.com.tw\/en\/wp-json\/wp\/v2\/media?parent=91233"}],"wp:term":[{"taxonomy":"product_brand","embeddable":true,"href":"https:\/\/jiahon.com.tw\/en\/wp-json\/wp\/v2\/product_brand?post=91233"},{"taxonomy":"product_cat","embeddable":true,"href":"https:\/\/jiahon.com.tw\/en\/wp-json\/wp\/v2\/product_cat?post=91233"},{"taxonomy":"product_tag","embeddable":true,"href":"https:\/\/jiahon.com.tw\/en\/wp-json\/wp\/v2\/product_tag?post=91233"}],"curies":[{"name":"wp","href":"https:\/\/api.w.org\/{rel}","templated":true}]}}