{"id":91243,"date":"2026-02-13T13:26:51","date_gmt":"2026-02-13T05:26:51","guid":{"rendered":"https:\/\/jiahon.com.tw\/?post_type=product&#038;p=91243"},"modified":"2026-04-24T17:05:13","modified_gmt":"2026-04-24T09:05:13","slug":"%e8%80%90%e7%86%b1%e8%81%9a%e8%84%82%e8%86%9c%e8%86%a0%e5%b8%b6","status":"publish","type":"product","link":"https:\/\/jiahon.com.tw\/en\/product\/%e8%80%90%e7%86%b1%e8%81%9a%e8%84%82%e8%86%9c%e8%86%a0%e5%b8%b6\/","title":{"rendered":"PET \u8010\u71b1\u805a\u8102\u819c\u81a0\u5e36\uff5c\u85cd\u8272220\u00b0C\u906e\u853d\u30fb\u6dfa\u9ec3B\u7d1a\u7d55\u7de3\u30fb\u7da0\u8272SMT\u56de\u6d41\u710a\u30fb\u4e0d\u6b98\u81a0"},"content":{"rendered":"<h2 style=\"color: #1a3a5c; border-left: 5px solid #e8a020; padding-left: 18px; line-height: 1.5\">PET \u8010\u71b1\u805a\u8102\u819c\u81a0\u5e36\uff5c\u85cd\u8272220\u00b0C\u906e\u853d\u30fb\u6dfa\u9ec3B\u7d1a\u7d55\u7de3\u30fb\u7da0\u8272SMT\u56de\u6d41\u710a\u30fb\u4e0d\u6b98\u81a0<\/h2>\n<p>\u4e09\u6b3e PET\uff0b\u77fd\u81a0\u8010\u71b1\u81a0\u5e36\uff0c\u6495\u9664\u4e0d\u6b98\u81a0\uff1a<strong>Blue<\/strong>\uff080.056mm\uff0c15mm\u00d766M\uff0c220\u00b0C\uff0c6kV\uff09\u70e4\u6f06\u96fb\u934d\u906e\u853d\uff1b<strong>\u6dfa\u9ec3\u8272<\/strong>\uff080.025mm\uff0c15mm\u00d766M\uff0c\u963b\u71c3 B \u7d1a 130\u00b0C\uff09\u9ad8\u983b\u8b8a\u58d3\u5668\u7d55\u7de3\uff1b<strong>Green<\/strong>\uff080.025mm\uff0c18mm\u00d766M\uff0c6kV\uff09SMT \u56de\u6d41\u710a\u88fd\u7a0b\u906e\u853d\u3002<\/p>\n<p><img decoding=\"async\" src=\"data:image\/svg+xml;base64,PHN2ZyB2aWV3Qm94PSIwIDAgNTQwIDg4IiB4bWxucz0iaHR0cDovL3d3dy53My5vcmcvMjAwMC9zdmciIGZvbnQtZmFtaWx5PSJzYW5zLXNlcmlmIj4KICAgICAgICA8cmVjdCB3aWR0aD0iNTQwIiBoZWlnaHQ9Ijg4IiBmaWxsPSIjZjhmOWZiIiByeD0iNiIvPgogICAgICAgIDx0ZXh0IHg9IjI3MCIgeT0iMTciIHRleHQtYW5jaG9yPSJtaWRkbGUiIGZvbnQtc2l6ZT0iMTIiIGZpbGw9IiMxYTNhNWMiIGZvbnQtd2VpZ2h0PSI3MDAiPuS4ieiJsumBuOeUqOmAn+afpTwvdGV4dD4KICAgICAgICA8cmVjdCB4PSIxMiIgeT0iMjUiIHdpZHRoPSIxNjAiIGhlaWdodD0iNTUiIHJ4PSI1IiBmaWxsPSIjMTU2NWMwIi8+CiAgICAgICAgPHRleHQgeD0iOTIiIHk9IjQ2IiB0ZXh0LWFuY2hvcj0ibWlkZGxlIiBmb250LXNpemU9IjEyIiBmaWxsPSIjZmZmIiBmb250LXdlaWdodD0iNzAwIj7ol43oibI8L3RleHQ+CiAgICAgICAgPHRleHQgeD0iOTIiIHk9IjYwIiB0ZXh0LWFuY2hvcj0ibWlkZGxlIiBmb250LXNpemU9IjEwIiBmaWxsPSIjYmJkZWZiIj4yMjDCsEMgLyA2a1Y8L3RleHQ+CiAgICAgICAgPHRleHQgeD0iOTIiIHk9IjczIiB0ZXh0LWFuY2hvcj0ibWlkZGxlIiBmb250LXNpemU9IjEwIiBmaWxsPSIjOTBjYWY5Ij7ng6TmvIbpm7vpjY3pga7olL08L3RleHQ+CiAgICAgICAgPHJlY3QgeD0iMTg4IiB5PSIyNSIgd2lkdGg9IjE2MCIgaGVpZ2h0PSI1NSIgcng9IjUiIGZpbGw9IiNmOWE4MjUiLz4KICAgICAgICA8dGV4dCB4PSIyNjgiIHk9IjQ2IiB0ZXh0LWFuY2hvcj0ibWlkZGxlIiBmb250LXNpemU9IjEyIiBmaWxsPSIjZmZmIiBmb250LXdlaWdodD0iNzAwIj7mt7rpu4PoibI8L3RleHQ+CiAgICAgICAgPHRleHQgeD0iMjY4IiB5PSI2MCIgdGV4dC1hbmNob3I9Im1pZGRsZSIgZm9udC1zaXplPSIxMCIgZmlsbD0iI2ZmZjhlMSI+MTMwwrBDIOmYu+eHg0LntJo8L3RleHQ+CiAgICAgICAgPHRleHQgeD0iMjY4IiB5PSI3MyIgdGV4dC1hbmNob3I9Im1pZGRsZSIgZm9udC1zaXplPSIxMCIgZmlsbD0iI2ZmZjNlMCI+6K6K5aOT5Zmo57ea5ZyI57WV57ejPC90ZXh0PgogICAgICAgIDxyZWN0IHg9IjM2NCIgeT0iMjUiIHdpZHRoPSIxNjIiIGhlaWdodD0iNTUiIHJ4PSI1IiBmaWxsPSIjMmU3ZDMyIi8+CiAgICAgICAgPHRleHQgeD0iNDQ1IiB5PSI0NiIgdGV4dC1hbmNob3I9Im1pZGRsZSIgZm9udC1zaXplPSIxMiIgZmlsbD0iI2ZmZiIgZm9udC13ZWlnaHQ9IjcwMCI+57ag6ImyPC90ZXh0PgogICAgICAgIDx0ZXh0IHg9IjQ0NSIgeT0iNjAiIHRleHQtYW5jaG9yPSJtaWRkbGUiIGZvbnQtc2l6ZT0iMTAiIGZpbGw9IiNjOGU2YzkiPjZrViAvIFNNVOebuOWuuTwvdGV4dD4KICAgICAgICA8dGV4dCB4PSI0NDUiIHk9IjczIiB0ZXh0LWFuY2hvcj0ibWlkZGxlIiBmb250LXNpemU9IjEwIiBmaWxsPSIjYTVkNmE3Ij7lm57mtYHnhIroo73nqIvpga7olL08L3RleHQ+CiAgICAgIDwvc3ZnPg==\" style=\"width:100%;max-width:1000px;display:block;margin:0 auto 20px\" alt=\"\u4e09\u8272\u9078\u7528\u901f\u67e5\"><\/p>\n<h3 style=\"color: #1a3a5c; line-height: 1.5; border-bottom: 2px solid #1a3a5c; padding-bottom: 6px\">\u898f\u683c\u5c0d\u7167<\/h3>\n<table style=\"width:100%;border-collapse:collapse;margin:14px 0\">\n<tr>\n<th style=\"background:#1a3a5c;color:#fff;padding:9px 14px;border:1px solid #1a3a5c;text-align:left;font-weight:600\">color<\/th>\n<th style=\"background:#1a3a5c;color:#fff;padding:9px 14px;border:1px solid #1a3a5c;text-align:left;font-weight:600\">Thickness<\/th>\n<th style=\"background:#1a3a5c;color:#fff;padding:9px 14px;border:1px solid #1a3a5c;text-align:left;font-weight:600\">\u5bec\u00d7\u9577<\/th>\n<th style=\"background:#1a3a5c;color:#fff;padding:9px 14px;border:1px solid #1a3a5c;text-align:left;font-weight:600\">\u8010\u6eab<\/th>\n<th style=\"background:#1a3a5c;color:#fff;padding:9px 14px;border:1px solid #1a3a5c;text-align:left;font-weight:600\">\u7d55\u7de3<\/th>\n<\/tr>\n<tr>\n<td style=\"padding:9px 14px;border:1px solid #dde4ee;vertical-align:top\"><strong>Blue<\/strong><\/td>\n<td style=\"padding:9px 14px;border:1px solid #dde4ee;vertical-align:top\">0.056mm<\/td>\n<td style=\"padding:9px 14px;border:1px solid #dde4ee;vertical-align:top\">15mm\u00d766M<\/td>\n<td style=\"padding:9px 14px;border:1px solid #dde4ee;vertical-align:top\">220\u00b0C<\/td>\n<td style=\"padding:9px 14px;border:1px solid #dde4ee;vertical-align:top\">6kV<\/td>\n<\/tr>\n<tr>\n<td style=\"padding:9px 14px;border:1px solid #dde4ee;vertical-align:top;background:#f7f9fc\"><strong>\u6dfa\u9ec3\u8272<\/strong><\/td>\n<td style=\"padding:9px 14px;border:1px solid #dde4ee;vertical-align:top;background:#f7f9fc\">0.025mm<\/td>\n<td style=\"padding:9px 14px;border:1px solid #dde4ee;vertical-align:top;background:#f7f9fc\">15mm\u00d766M<\/td>\n<td style=\"padding:9px 14px;border:1px solid #dde4ee;vertical-align:top;background:#f7f9fc\">130\u00b0C\uff08B\u7d1a\u963b\u71c3\uff09<\/td>\n<td style=\"padding:9px 14px;border:1px solid #dde4ee;vertical-align:top;background:#f7f9fc\">\u9ad8\u983b<\/td>\n<\/tr>\n<tr>\n<td style=\"padding:9px 14px;border:1px solid #dde4ee;vertical-align:top\"><strong>Green<\/strong><\/td>\n<td style=\"padding:9px 14px;border:1px solid #dde4ee;vertical-align:top\">0.025mm<\/td>\n<td style=\"padding:9px 14px;border:1px solid #dde4ee;vertical-align:top\">18mm\u00d766M<\/td>\n<td style=\"padding:9px 14px;border:1px solid #dde4ee;vertical-align:top\">SMT \u76f8\u5bb9<\/td>\n<td style=\"padding:9px 14px;border:1px solid #dde4ee;vertical-align:top\">6kV<\/td>\n<\/tr>\n<\/table>\n<div style=\"border:2px solid #BDD7EE;border-radius:10px;overflow:hidden\">\n<h6 style=\"background:#f8fafc;border-bottom:2px solid #BDD7EE;padding:20px 18px;font-weight:bold;color:#64748b;letter-spacing:1px;text-align:left\"><span style=\"color:#BDD7EE\">\u258c<\/span> \u540c\u5834\u52a0\u6620\uff5c\u96fb\u6c23\u7d55\u7de3\u81a0\u5e36<\/h6>\n<p><a href=\"\/en\/product\/mylar-pet-insulation-tape\/\" style=\"text-decoration:none;display:block;color:#1e293b;padding:6px 18px;line-height:1.85;border-bottom:1px solid #e2e8f0\"><strong style=\"display:block;color:#1a3a5c;font-weight:bold;margin-bottom:3px\">\u9ea5\u62c9\u81a0\u5e36<\/strong><\/a><a href=\"\/en\/product\/silicone-pet-tape\/\" style=\"text-decoration:none;display:block;color:#1e293b;padding:6px 18px;line-height:1.85;border-bottom:1px solid #e2e8f0\"><strong style=\"display:block;color:#1a3a5c;font-weight:bold;margin-bottom:3px\">\u77fd\u5229\u5eb7\u81a0\u5e36<\/strong><\/a><a href=\"\/en\/product\/pet-marking-tape-colored\/\" style=\"text-decoration:none;display:block;color:#1e293b;padding:6px 18px;line-height:1.85;border-bottom:1px solid #e2e8f0\"><strong style=\"display:block;color:#1a3a5c;font-weight:bold;margin-bottom:3px\">PET \u6a19\u8a8c\u81a0\u5e36<\/strong><\/a><a href=\"\/en\/product\/nitto-no15-high-voltage-insulation-tape\/\" style=\"text-decoration:none;display:block;color:#1e293b;padding:6px 18px;line-height:1.85\"><strong style=\"display:block;color:#1a3a5c;font-weight:bold;margin-bottom:3px\">NITTO NO.15<\/strong><\/a><\/div>\n<div style=\"background:#01568F;border-radius:10px;padding:18px 24px;text-align:center;margin:16px 0 24px;color:#fff\">\n<h5 style=\"color:#fff;margin-bottom:16px\">\u9700\u8981\u5831\u50f9\u6216\u78ba\u8a8d\u898f\u683c\uff1f\u6b61\u8fce\u6d3d\u8a62<\/h5>\n<p><a href=\"https:\/\/jiahon.com.tw\/en\/%E5%98%89%E9%B4%BB%E7%95%99%E8%81%B2%E6%A9%9F\/\" style=\"display:inline-block;background:#FEF9C6;font-weight:bold;padding:11px 28px;border-radius:7px\">\u7acb\u5373\u8a62\u50f9<\/a>\n<\/div>","protected":false},"excerpt":{"rendered":"<p>\u8010\u71b1\u805a\u8102\u819c\u81a0\u5e36,PET\u9ad8\u6eab\u81a0\u5e36,\u8010\u9ad8\u6eab\u81a0\u5e36,\u85cd\u8272\u8010\u71b1\u81a0\u5e36,\u6dfa\u9ec3\u8272\u8010\u71b1\u81a0\u5e36,0.056mm\u539a\u8010\u71b1\u81a0\u5e36,0.025mm\u539a\u8010\u71b1\u81a0\u5e36,15mm\u5becPET\u81a0\u5e36,66M\u9577\u9ad8\u6eab\u81a0\u5e36,\u9ad8\u6eab\u906e\u853d\u81a0\u5e36,\u70e4\u6f06\u4fdd\u8b77\u81a0\u5e36,\u96fb\u934d\u906e\u853d\u81a0\u5e36,\u9ad8\u983b\u8b8a\u58d3\u5668\u7d55\u7de3\u81a0\u5e36,\u8010\u71b1\u9632\u6b98\u81a0\u81a0\u5e36,\u96fb\u5b50\u5143\u4ef6\u4fdd\u8b77\u81a0\u5e36,\u5de5\u696d\u88fd\u7a0b\u9ad8\u6eab\u81a0\u5e36,\u7cbe\u5bc6\u96fb\u5b50\u88fd\u9020\u81a0\u5e36,\u963b\u71c3PET\u81a0\u5e36,\u5be6\u9a57\u5ba4\u8010\u71b1\u81a0\u5e36,\u9ad8\u6eab\u4f5c\u696d\u5c08\u7528\u81a0\u5e36, 0.056mmt \u00d7 15mmW \u00d7 66mL, 0056mmt \u00d7 15mmW \u00d7 66mL, 0.056mmt\u00d7 15mmW \u00d7 66mL, 0.056mmt \u00d715mmW \u00d7 66mL, 0.056mmt \u00d7 15mmW\u00d7 66mL, 0.056mmt \u00d7 15mmW \u00d766mL, 0 056mmt \u00d7 15mmW \u00d7 66mL, 0.056mmt\u00d715mmW\u00d766mL, 0056mmt\u00d715mmW\u00d766mL, 0.056MMT \u00d7 15MMW \u00d7 66ML, 0.056mmt \u00d7 15mmw \u00d7 66ml, O.056mmt \u00d7 15mmW \u00d7 66mL, o.056mmt \u00d7 15mmW \u00d7 66mL, 0.O56mmt \u00d7 15mmW \u00d7 66mL, 0.o56mmt \u00d7 15mmW \u00d7 66mL, 0.0S6mmt \u00d7 15mmW \u00d7 66mL, 0.0s6mmt \u00d7 15mmW \u00d7 66mL, 0.05Gmmt \u00d7 15mmW \u00d7 66mL, 0.056mmt \u00d7 l5mmW \u00d7 66mL, 0.056mmt \u00d7 I5mmW \u00d7 66mL, 0.056mmt \u00d7 i5mmW \u00d7 66mL, 0.056mmt \u00d7 1SmmW \u00d7 66mL, 0.056mmt \u00d7 1smmW \u00d7 66mL, 0.056mmt \u00d7 15mmW \u00d7 G6mL, 0.056mmt \u00d7 15mmW \u00d7 6GmL, 0.025mmt \u00d7 15mmW \u00d7 66mL, 0025mmt \u00d7 15mmW \u00d7 66mL, 0.025mmt\u00d7 15mmW \u00d7 66mL, 0.025mmt \u00d715mmW \u00d7 66mL, 0.025mmt \u00d7 15mmW\u00d7 66mL, 0.025mmt \u00d7 15mmW \u00d766mL, 0 025mmt \u00d7 15mmW \u00d7 66mL, 0.025mmt\u00d715mmW\u00d766mL, 0025mmt\u00d715mmW\u00d766mL, 0.025MMT \u00d7 15MMW \u00d7 66ML, 0.025mmt \u00d7 15mmw \u00d7 66ml, O.025mmt \u00d7 15mmW \u00d7 66mL, o.025mmt \u00d7 15mmW \u00d7 66mL, 0.O25mmt \u00d7 15mmW \u00d7 66mL, 0.o25mmt \u00d7 15mmW \u00d7 66mL, 0.0Z5mmt \u00d7 15mmW \u00d7 66mL, 0.0z5mmt \u00d7 15mmW \u00d7 66mL, 0.02Smmt \u00d7 15mmW \u00d7 66mL, 0.02smmt \u00d7 15mmW \u00d7 66mL, 0.025mmt \u00d7 l5mmW \u00d7 66mL, 0.025mmt \u00d7 I5mmW \u00d7 66mL, 0.025mmt \u00d7 i5mmW \u00d7 66mL, 0.025mmt \u00d7 1SmmW \u00d7 66mL, 0.025mmt \u00d7 1smmW \u00d7 66mL, 0.025mmt \u00d7 15mmW \u00d7 G6mL, 0.025mmt \u00d7 15mmW \u00d7 6GmL, 0.025mmt \u00d7 18mmW \u00d7 66mL, 0025mmt \u00d7 18mmW \u00d7 66mL, 0.025mmt\u00d7 18mmW \u00d7 66mL, 0.025mmt \u00d718mmW \u00d7 66mL, 0.025mmt \u00d7 18mmW\u00d7 66mL, 0.025mmt \u00d7 18mmW \u00d766mL, 0 025mmt \u00d7 18mmW \u00d7 66mL, 0.025mmt\u00d718mmW\u00d766mL, 0025mmt\u00d718mmW\u00d766mL, 0.025MMT \u00d7 18MMW \u00d7 66ML, 0.025mmt \u00d7 18mmw \u00d7 66ml, O.025mmt \u00d7 18mmW \u00d7 66mL, o.025mmt \u00d7 18mmW \u00d7 66mL, 0.O25mmt \u00d7 18mmW \u00d7 66mL, 0.o25mmt \u00d7 18mmW \u00d7 66mL, 0.0Z5mmt \u00d7 18mmW \u00d7 66mL, 0.0z5mmt \u00d7 18mmW \u00d7 66mL, 0.02Smmt \u00d7 18mmW \u00d7 66mL, 0.02smmt \u00d7 18mmW \u00d7 66mL, 0.025mmt \u00d7 l8mmW \u00d7 66mL, 0.025mmt \u00d7 I8mmW \u00d7 66mL, 0.025mmt \u00d7 i8mmW \u00d7 66mL, 0.025mmt \u00d7 1BmmW \u00d7 66mL, 0.025mmt \u00d7 18mmW \u00d7 G6mL, 0.025mmt \u00d7 18mmW \u00d7 6GmL<\/p>","protected":false},"featured_media":91248,"template":"","meta":{"site-sidebar-layout":"default","site-content-layout":"","ast-site-content-layout":"default","site-content-style":"default","site-sidebar-style":"default","ast-global-header-display":"","ast-banner-title-visibility":"","ast-main-header-display":"","ast-hfb-above-header-display":"","ast-hfb-below-header-display":"","ast-hfb-mobile-header-display":"","site-post-title":"","ast-breadcrumbs-content":"","ast-featured-img":"","footer-sml-layout":"","ast-disable-related-posts":"","theme-transparent-header-meta":"default","adv-header-id-meta":"","stick-header-meta":"","header-above-stick-meta":"","header-main-stick-meta":"","header-below-stick-meta":"","astra-migrate-meta-layouts":"set","ast-page-background-enabled":"default","ast-page-background-meta":{"desktop":{"background-color":"var(--ast-global-color-4)","background-image":"","background-repeat":"repeat","background-position":"center center","background-size":"auto","background-attachment":"scroll","background-type":"","background-media":"","overlay-type":"","overlay-color":"","overlay-opacity":"","overlay-gradient":""},"tablet":{"background-color":"","background-image":"","background-repeat":"repeat","background-position":"center center","background-size":"auto","background-attachment":"scroll","background-type":"","background-media":"","overlay-type":"","overlay-color":"","overlay-opacity":"","overlay-gradient":""},"mobile":{"background-color":"","background-image":"","background-repeat":"repeat","background-position":"center center","background-size":"auto","background-attachment":"scroll","background-type":"","background-media":"","overlay-type":"","overlay-color":"","overlay-opacity":"","overlay-gradient":""}},"ast-content-background-meta":{"desktop":{"background-color":"var(--ast-global-color-5)","background-image":"","background-repeat":"repeat","background-position":"center center","background-size":"auto","background-attachment":"scroll","background-type":"","background-media":"","overlay-type":"","overlay-color":"","overlay-opacity":"","overlay-gradient":""},"tablet":{"background-color":"var(--ast-global-color-5)","background-image":"","background-repeat":"repeat","background-position":"center center","background-size":"auto","background-attachment":"scroll","background-type":"","background-media":"","overlay-type":"","overlay-color":"","overlay-opacity":"","overlay-gradient":""},"mobile":{"background-color":"var(--ast-global-color-5)","background-image":"","background-repeat":"repeat","background-position":"center center","background-size":"auto","background-attachment":"scroll","background-type":"","background-media":"","overlay-type":"","overlay-color":"","overlay-opacity":"","overlay-gradient":""}}},"product_brand":[96989041],"product_cat":[96987569,96987643,96987574,96987641,96987596],"product_tag":[96987656],"class_list":{"0":"post-91243","1":"product","2":"type-product","3":"status-publish","4":"has-post-thumbnail","6":"product_brand-96989041","7":"product_cat-products","8":"product_cat-new-products-february","9":"product_cat-special-materials","10":"product_cat-latest-products","11":"product_cat-tapes","12":"product_tag-96987656","13":"desktop-align-left","14":"tablet-align-left","15":"mobile-align-left","16":"ast-product-gallery-layout-horizontal-slider","17":"ast-product-gallery-with-no-image","18":"ast-product-single-variable","19":"ast-product-tabs-layout-horizontal","21":"first","22":"instock","23":"shipping-taxable","24":"purchasable","25":"product-type-variable"},"group_of_quantity":0,"min_quantity":0,"max_quantity":"","exclude_order_quantity_value_rules":"no","exclude_category_quantity_rules":"no","combine_variations":"no","_links":{"self":[{"href":"https:\/\/jiahon.com.tw\/en\/wp-json\/wp\/v2\/product\/91243","targetHints":{"allow":["GET"]}}],"collection":[{"href":"https:\/\/jiahon.com.tw\/en\/wp-json\/wp\/v2\/product"}],"about":[{"href":"https:\/\/jiahon.com.tw\/en\/wp-json\/wp\/v2\/types\/product"}],"version-history":[{"count":1,"href":"https:\/\/jiahon.com.tw\/en\/wp-json\/wp\/v2\/product\/91243\/revisions"}],"predecessor-version":[{"id":100507,"href":"https:\/\/jiahon.com.tw\/en\/wp-json\/wp\/v2\/product\/91243\/revisions\/100507"}],"wp:featuredmedia":[{"embeddable":true,"href":"https:\/\/jiahon.com.tw\/en\/wp-json\/wp\/v2\/media\/91248"}],"wp:attachment":[{"href":"https:\/\/jiahon.com.tw\/en\/wp-json\/wp\/v2\/media?parent=91243"}],"wp:term":[{"taxonomy":"product_brand","embeddable":true,"href":"https:\/\/jiahon.com.tw\/en\/wp-json\/wp\/v2\/product_brand?post=91243"},{"taxonomy":"product_cat","embeddable":true,"href":"https:\/\/jiahon.com.tw\/en\/wp-json\/wp\/v2\/product_cat?post=91243"},{"taxonomy":"product_tag","embeddable":true,"href":"https:\/\/jiahon.com.tw\/en\/wp-json\/wp\/v2\/product_tag?post=91243"}],"curies":[{"name":"wp","href":"https:\/\/api.w.org\/{rel}","templated":true}]}}