{"id":91252,"date":"2026-02-13T14:17:08","date_gmt":"2026-02-13T06:17:08","guid":{"rendered":"https:\/\/jiahon.com.tw\/?post_type=product&#038;p=91252"},"modified":"2026-04-24T16:17:14","modified_gmt":"2026-04-24T08:17:14","slug":"%e9%9b%99%e9%9d%a2pvc%e8%86%a0%e5%b8%b6","status":"publish","type":"product","link":"https:\/\/jiahon.com.tw\/en\/product\/%e9%9b%99%e9%9d%a2pvc%e8%86%a0%e5%b8%b6\/","title":{"rendered":"\u96d9\u9762 PVC \u81a0\u5e36\uff5c\u68c9\u7d19\u7121\u81a0\u908a\u30fb8~50mm \u56db\u898f\u683c\u30fb\u5de5\u696d\u7d44\u88dd\u7cbe\u5bc6\u5b9a\u4f4d"},"content":{"rendered":"<h2 style=\"color: #1a3a5c; border-left: 5px solid #e8a020; padding-left: 18px; line-height: 1.5\">\u96d9\u9762 PVC \u81a0\u5e36\uff5c\u68c9\u7d19\u7121\u81a0\u908a\u30fb8~50mm \u56db\u898f\u683c\u30fb\u5de5\u696d\u7d44\u88dd\u7cbe\u5bc6\u5b9a\u4f4d<\/h2>\n<p>PVC \u57fa\u6750\uff0b\u58d3\u514b\u529b\u81a0\uff0c\u68c9\u7d19\u96d9\u9762\u7121\u81a0\u908a\u8a2d\u8a08\uff0c\u56db\u7a2e\u5bec\u5ea6\uff088\/25\/40\/50mm\uff09\uff0c0.20~0.25mm \u539a\uff0c22M \u9577\u3002\u9069\u7528\u96fb\u5b50\u96f6\u4ef6\u56fa\u5b9a\u3001\u9762\u677f\u9298\u677f\u8cbc\u5408\u3001\u76ae\u9769\u6587\u5177\u6ce1\u68c9\u56fa\u5b9a\u7b49\u5de5\u696d\u7d44\u88dd\u5834\u666f\u3002<\/p>\n<h3 style=\"color: #1a3a5c; line-height: 1.5; border-bottom: 2px solid #1a3a5c; padding-bottom: 6px\">\u56db\u898f\u683c<\/h3>\n<table style=\"width:100%;border-collapse:collapse;margin:14px 0\">\n<tr>\n<th style=\"background:#1a3a5c;color:#fff;padding:9px 14px;border:1px solid #1a3a5c;text-align:left;font-weight:600\">Specifications<\/th>\n<th style=\"background:#1a3a5c;color:#fff;padding:9px 14px;border:1px solid #1a3a5c;text-align:left;font-weight:600\">Dimensions<\/th>\n<th style=\"background:#1a3a5c;color:#fff;padding:9px 14px;border:1px solid #1a3a5c;text-align:left;font-weight:600\">\u4e3b\u8981\u7528\u9014<\/th>\n<\/tr>\n<tr>\n<td style=\"padding:9px 14px;border:1px solid #dde4ee;vertical-align:top\">\u7a84\u5e45\u7cbe\u5bc6<\/td>\n<td style=\"padding:9px 14px;border:1px solid #dde4ee;vertical-align:top\">0.20mm \u00d7 8mm \u00d7 22M<\/td>\n<td style=\"padding:9px 14px;border:1px solid #dde4ee;vertical-align:top\">\u96fb\u5b50\u96f6\u4ef6\u56fa\u5b9a\u3001\u7cbe\u5bc6\u6a5f\u69cb\u9ecf\u5408<\/td>\n<\/tr>\n<tr>\n<td style=\"padding:9px 14px;border:1px solid #dde4ee;vertical-align:top;background:#f7f9fc\">\u539a\u578b\u901a\u7528<\/td>\n<td style=\"padding:9px 14px;border:1px solid #dde4ee;vertical-align:top;background:#f7f9fc\">0.25mm \u00d7 25mm \u00d7 22M<\/td>\n<td style=\"padding:9px 14px;border:1px solid #dde4ee;vertical-align:top;background:#f7f9fc\">\u9ad8\u521d\u9ecf\u6027\uff0cPOP \u62db\u724c\u56fa\u5b9a<\/td>\n<\/tr>\n<tr>\n<td style=\"padding:9px 14px;border:1px solid #dde4ee;vertical-align:top\">\u4e2d\u5e45\u6a19\u6e96<\/td>\n<td style=\"padding:9px 14px;border:1px solid #dde4ee;vertical-align:top\">0.20mm \u00d7 40mm \u00d7 22M<\/td>\n<td style=\"padding:9px 14px;border:1px solid #dde4ee;vertical-align:top\">\u9762\u677f\u9298\u677f\u3001\u5bb6\u96fb\u7d44\u88dd<\/td>\n<\/tr>\n<tr>\n<td style=\"padding:9px 14px;border:1px solid #dde4ee;vertical-align:top;background:#f7f9fc\">\u5bec\u5e45\u91cd\u8f09<\/td>\n<td style=\"padding:9px 14px;border:1px solid #dde4ee;vertical-align:top;background:#f7f9fc\">0.20mm \u00d7 50mm \u00d7 22M<\/td>\n<td style=\"padding:9px 14px;border:1px solid #dde4ee;vertical-align:top;background:#f7f9fc\">\u76ae\u9769\u6587\u5177\u3001\u6ce1\u68c9\u5927\u9762\u7a4d\u56fa\u5b9a<\/td>\n<\/tr>\n<\/table>\n<div style=\"border:2px solid #BDD7EE;border-radius:10px;overflow:hidden\">\n<h6 style=\"background:#f8fafc;border-bottom:2px solid #BDD7EE;padding:20px 18px;font-weight:bold;color:#64748b;letter-spacing:1px;text-align:left\"><span style=\"color:#BDD7EE\">\u258c<\/span> \u540c\u5834\u52a0\u6620\uff5c\u5de5\u696d\u901a\u7528\u81a0\u5e36<\/h6>\n<p><a href=\"\/en\/product\/pe-foam-double-sided-tape\/\" style=\"text-decoration:none;display:block;color:#1e293b;padding:6px 18px;line-height:1.85;border-bottom:1px solid #e2e8f0\"><strong style=\"display:block;color:#1a3a5c;font-weight:bold;margin-bottom:3px\">PE \u96d9\u9762\u6ce1\u68c9\u81a0\u5e36<\/strong><\/a><a href=\"\/en\/product\/sekisui-industrial-tape\/\" style=\"text-decoration:none;display:block;color:#1e293b;padding:6px 18px;line-height:1.85;border-bottom:1px solid #e2e8f0\"><strong style=\"display:block;color:#1a3a5c;font-weight:bold;margin-bottom:3px\">Sekisui \u7a4d\u6c34<\/strong><\/a><a href=\"\/en\/product\/cellophane-tape\/\" style=\"text-decoration:none;display:block;color:#1e293b;padding:6px 18px;line-height:1.85\"><strong style=\"display:block;color:#1a3a5c;font-weight:bold;margin-bottom:3px\">\u73bb\u7483\u7d19\u81a0\u5e36<\/strong><\/a><\/div>\n<div style=\"background:#01568F;border-radius:10px;padding:18px 24px;text-align:center;margin:16px 0 24px;color:#fff\">\n<h5 style=\"color:#fff;margin-bottom:16px\">\u9700\u8981\u5831\u50f9\u6216\u78ba\u8a8d\u898f\u683c\uff1f\u6b61\u8fce\u6d3d\u8a62<\/h5>\n<p><a href=\"https:\/\/jiahon.com.tw\/en\/%E5%98%89%E9%B4%BB%E7%95%99%E8%81%B2%E6%A9%9F\/\" style=\"display:inline-block;background:#FEF9C6;font-weight:bold;padding:11px 28px;border-radius:7px\">\u7acb\u5373\u8a62\u50f9<\/a>\n<\/div>","protected":false},"excerpt":{"rendered":"<p>\u96d9\u9762PVC\u81a0\u5e36,PVC\u96d9\u9762\u81a0\u5e36,0.25mm\u539a\u96d9\u9762\u81a0\u5e36,0.20mm\u539a\u96d9\u9762\u81a0\u5e36,8mm\u5bec\u96d9\u9762\u81a0\u5e36,25mm\u5bec\u96d9\u9762\u81a0\u5e36,40mm\u5bec\u96d9\u9762\u81a0\u5e36,50mm\u5bec\u96d9\u9762\u81a0\u5e36,22M\u9577\u96d9\u9762\u81a0\u5e36,\u5de5\u696d\u96d9\u9762\u81a0\u5e36,\u96fb\u5b50\u5143\u4ef6\u7c98\u5408\u81a0\u5e36,\u6a21\u7d44\u7d44\u88dd\u81a0\u5e36,\u7cbe\u5bc6\u56fa\u5b9a\u81a0\u5e36,\u8fa6\u516c\u5ba4\u7528\u96d9\u9762\u81a0\u5e36,\u68c9\u7d19\u96d9\u9762\u81a0\u5e36,\u7559\u908a\u96d9\u9762\u81a0\u5e36,\u4e2d\u9593\u7121\u81a0\u96d9\u9762\u81a0\u5e36,\u9ad8\u9ecf\u8457\u529b\u96d9\u9762\u81a0\u5e36,PVC\u6750\u8cea\u81a0\u5e36,\u5de5\u5ee0\u7522\u7dda\u56fa\u5b9a\u81a0\u5e36, 0.25mmt \u00d7 25mmW \u00d7 22mL, 025mmt \u00d7 25mmW \u00d7 22mL, 0.25mmt\u00d7 25mmW \u00d7 22mL, 0.25mmt \u00d725mmW \u00d7 22mL, 0.25mmt \u00d7 25mmW\u00d7 22mL, 0.25mmt \u00d7 25mmW \u00d722mL, 0 25mmt \u00d7 25mmW \u00d7 22mL, 0.25mmt\u00d725mmW\u00d722mL, 025mmt\u00d725mmW\u00d722mL, 0.25MMT \u00d7 25MMW \u00d7 22ML, 0.25mmt \u00d7 25mmw \u00d7 22ml, O.25mmt \u00d7 25mmW \u00d7 22mL, o.25mmt \u00d7 25mmW \u00d7 22mL, 0.Z5mmt \u00d7 25mmW \u00d7 22mL, 0.z5mmt \u00d7 25mmW \u00d7 22mL, 0.2Smmt \u00d7 25mmW \u00d7 22mL, 0.2smmt \u00d7 25mmW \u00d7 22mL, 0.25mmt \u00d7 Z5mmW \u00d7 22mL, 0.25mmt \u00d7 z5mmW \u00d7 22mL, 0.25mmt \u00d7 2SmmW \u00d7 22mL, 0.25mmt \u00d7 2smmW \u00d7 22mL, 0.25mmt \u00d7 25mmW \u00d7 Z2mL, 0.25mmt \u00d7 25mmW \u00d7 z2mL, 0.25mmt \u00d7 25mmW \u00d7 2ZmL, 0.25mmt \u00d7 25mmW \u00d7 2zmL, 0.20mmt \u00d7 8mmW \u00d7 22mL, 020mmt \u00d7 8mmW \u00d7 22mL, 0.20mmt\u00d7 8mmW \u00d7 22mL, 0.20mmt \u00d78mmW \u00d7 22mL, 0.20mmt \u00d7 8mmW\u00d7 22mL, 0.20mmt \u00d7 8mmW \u00d722mL, 0 20mmt \u00d7 8mmW \u00d7 22mL, 0.20mmt\u00d78mmW\u00d722mL, 020mmt\u00d78mmW\u00d722mL, 0.20MMT \u00d7 8MMW \u00d7 22ML, 0.20mmt \u00d7 8mmw \u00d7 22ml, O.20mmt \u00d7 8mmW \u00d7 22mL, o.20mmt \u00d7 8mmW \u00d7 22mL, 0.Z0mmt \u00d7 8mmW \u00d7 22mL, 0.z0mmt \u00d7 8mmW \u00d7 22mL, 0.2Ommt \u00d7 8mmW \u00d7 22mL, 0.2ommt \u00d7 8mmW \u00d7 22mL, 0.20mmt \u00d7 BmmW \u00d7 22mL, 0.20mmt \u00d7 8mmW \u00d7 Z2mL, 0.20mmt \u00d7 8mmW \u00d7 z2mL, 0.20mmt \u00d7 8mmW \u00d7 2ZmL, 0.20mmt \u00d7 8mmW \u00d7 2zmL, 0.20mmt \u00d7 40mmW \u00d7 22mL, 020mmt \u00d7 40mmW \u00d7 22mL, 0.20mmt\u00d7 40mmW \u00d7 22mL, 0.20mmt \u00d740mmW \u00d7 22mL, 0.20mmt \u00d7 40mmW\u00d7 22mL, 0.20mmt \u00d7 40mmW \u00d722mL, 0 20mmt \u00d7 40mmW \u00d7 22mL, 0.20mmt\u00d740mmW\u00d722mL, 020mmt\u00d740mmW\u00d722mL, 0.20MMT \u00d7 40MMW \u00d7 22ML, 0.20mmt \u00d7 40mmw \u00d7 22ml, O.20mmt \u00d7 40mmW \u00d7 22mL, o.20mmt \u00d7 40mmW \u00d7 22mL, 0.Z0mmt \u00d7 40mmW \u00d7 22mL, 0.z0mmt \u00d7 40mmW \u00d7 22mL, 0.2Ommt \u00d7 40mmW \u00d7 22mL, 0.2ommt \u00d7 40mmW \u00d7 22mL, 0.20mmt \u00d7 4OmmW \u00d7 22mL, 0.20mmt \u00d7 4ommW \u00d7 22mL, 0.20mmt \u00d7 40mmW \u00d7 Z2mL, 0.20mmt \u00d7 40mmW \u00d7 z2mL, 0.20mmt \u00d7 40mmW \u00d7 2ZmL, 0.20mmt \u00d7 40mmW \u00d7 2zmL, 0.20mmt \u00d7 50mmW \u00d7 22mL, 020mmt \u00d7 50mmW \u00d7 22mL, 0.20mmt\u00d7 50mmW \u00d7 22mL, 0.20mmt \u00d750mmW \u00d7 22mL, 0.20mmt \u00d7 50mmW\u00d7 22mL, 0.20mmt \u00d7 50mmW \u00d722mL, 0 20mmt \u00d7 50mmW \u00d7 22mL, 0.20mmt\u00d750mmW\u00d722mL, 020mmt\u00d750mmW\u00d722mL, 0.20MMT \u00d7 50MMW \u00d7 22ML, 0.20mmt \u00d7 50mmw \u00d7 22ml, O.20mmt \u00d7 50mmW \u00d7 22mL, o.20mmt \u00d7 50mmW \u00d7 22mL, 0.Z0mmt \u00d7 50mmW \u00d7 22mL, 0.z0mmt \u00d7 50mmW \u00d7 22mL, 0.2Ommt \u00d7 50mmW \u00d7 22mL, 0.2ommt \u00d7 50mmW \u00d7 22mL, 0.20mmt \u00d7 S0mmW \u00d7 22mL, 0.20mmt \u00d7 s0mmW \u00d7 22mL, 0.20mmt \u00d7 5OmmW \u00d7 22mL, 0.20mmt \u00d7 5ommW \u00d7 22mL, 0.20mmt \u00d7 50mmW \u00d7 Z2mL, 0.20mmt \u00d7 50mmW \u00d7 z2mL, 0.20mmt \u00d7 50mmW \u00d7 2ZmL, 0.20mmt \u00d7 50mmW \u00d7 2zmL<\/p>","protected":false},"featured_media":91254,"template":"","meta":{"site-sidebar-layout":"default","site-content-layout":"","ast-site-content-layout":"default","site-content-style":"default","site-sidebar-style":"default","ast-global-header-display":"","ast-banner-title-visibility":"","ast-main-header-display":"","ast-hfb-above-header-display":"","ast-hfb-below-header-display":"","ast-hfb-mobile-header-display":"","site-post-title":"","ast-breadcrumbs-content":"","ast-featured-img":"","footer-sml-layout":"","ast-disable-related-posts":"","theme-transparent-header-meta":"default","adv-header-id-meta":"","stick-header-meta":"","header-above-stick-meta":"","header-main-stick-meta":"","header-below-stick-meta":"","astra-migrate-meta-layouts":"set","ast-page-background-enabled":"default","ast-page-background-meta":{"desktop":{"background-color":"var(--ast-global-color-4)","background-image":"","background-repeat":"repeat","background-position":"center center","background-size":"auto","background-attachment":"scroll","background-type":"","background-media":"","overlay-type":"","overlay-color":"","overlay-opacity":"","overlay-gradient":""},"tablet":{"background-color":"","background-image":"","background-repeat":"repeat","background-position":"center center","background-size":"auto","background-attachment":"scroll","background-type":"","background-media":"","overlay-type":"","overlay-color":"","overlay-opacity":"","overlay-gradient":""},"mobile":{"background-color":"","background-image":"","background-repeat":"repeat","background-position":"center center","background-size":"auto","background-attachment":"scroll","background-type":"","background-media":"","overlay-type":"","overlay-color":"","overlay-opacity":"","overlay-gradient":""}},"ast-content-background-meta":{"desktop":{"background-color":"var(--ast-global-color-5)","background-image":"","background-repeat":"repeat","background-position":"center center","background-size":"auto","background-attachment":"scroll","background-type":"","background-media":"","overlay-type":"","overlay-color":"","overlay-opacity":"","overlay-gradient":""},"tablet":{"background-color":"var(--ast-global-color-5)","background-image":"","background-repeat":"repeat","background-position":"center center","background-size":"auto","background-attachment":"scroll","background-type":"","background-media":"","overlay-type":"","overlay-color":"","overlay-opacity":"","overlay-gradient":""},"mobile":{"background-color":"var(--ast-global-color-5)","background-image":"","background-repeat":"repeat","background-position":"center center","background-size":"auto","background-attachment":"scroll","background-type":"","background-media":"","overlay-type":"","overlay-color":"","overlay-opacity":"","overlay-gradient":""}}},"product_brand":[96989041],"product_cat":[96987569,96987643,96987574,96987641,96987596],"product_tag":[96987656],"class_list":{"0":"post-91252","1":"product","2":"type-product","3":"status-publish","4":"has-post-thumbnail","6":"product_brand-96989041","7":"product_cat-products","8":"product_cat-new-products-february","9":"product_cat-special-materials","10":"product_cat-latest-products","11":"product_cat-tapes","12":"product_tag-96987656","13":"desktop-align-left","14":"tablet-align-left","15":"mobile-align-left","16":"ast-product-gallery-layout-horizontal-slider","17":"ast-product-gallery-with-no-image","18":"ast-product-single-variable","19":"ast-product-tabs-layout-horizontal","21":"first","22":"instock","23":"shipping-taxable","24":"purchasable","25":"product-type-variable"},"group_of_quantity":0,"min_quantity":0,"max_quantity":"","exclude_order_quantity_value_rules":"no","exclude_category_quantity_rules":"no","combine_variations":"no","_links":{"self":[{"href":"https:\/\/jiahon.com.tw\/en\/wp-json\/wp\/v2\/product\/91252","targetHints":{"allow":["GET"]}}],"collection":[{"href":"https:\/\/jiahon.com.tw\/en\/wp-json\/wp\/v2\/product"}],"about":[{"href":"https:\/\/jiahon.com.tw\/en\/wp-json\/wp\/v2\/types\/product"}],"version-history":[{"count":0,"href":"https:\/\/jiahon.com.tw\/en\/wp-json\/wp\/v2\/product\/91252\/revisions"}],"wp:featuredmedia":[{"embeddable":true,"href":"https:\/\/jiahon.com.tw\/en\/wp-json\/wp\/v2\/media\/91254"}],"wp:attachment":[{"href":"https:\/\/jiahon.com.tw\/en\/wp-json\/wp\/v2\/media?parent=91252"}],"wp:term":[{"taxonomy":"product_brand","embeddable":true,"href":"https:\/\/jiahon.com.tw\/en\/wp-json\/wp\/v2\/product_brand?post=91252"},{"taxonomy":"product_cat","embeddable":true,"href":"https:\/\/jiahon.com.tw\/en\/wp-json\/wp\/v2\/product_cat?post=91252"},{"taxonomy":"product_tag","embeddable":true,"href":"https:\/\/jiahon.com.tw\/en\/wp-json\/wp\/v2\/product_tag?post=91252"}],"curies":[{"name":"wp","href":"https:\/\/api.w.org\/{rel}","templated":true}]}}