{"id":91259,"date":"2026-02-13T14:29:14","date_gmt":"2026-02-13T06:29:14","guid":{"rendered":"https:\/\/jiahon.com.tw\/?post_type=product&#038;p=91259"},"modified":"2026-04-24T16:17:17","modified_gmt":"2026-04-24T08:17:17","slug":"%e9%8b%81%e7%ae%94%e8%86%a0%e5%b8%b6","status":"publish","type":"product","link":"https:\/\/jiahon.com.tw\/en\/product\/%e9%8b%81%e7%ae%94%e8%86%a0%e5%b8%b6\/","title":{"rendered":"\u92c1\u7b94\u81a0\u5e36\uff5c0.1mm\u30fb50mm\u00d740\/50M\u30fb\u7ba1\u9053\u5bc6\u5c01\u30fbHVAC\u9694\u71b1\u30fb\u5eda\u623f\u9632\u6cb9\u7f8e\u7e2b"},"content":{"rendered":"<h2 style=\"color: #1a3a5c; border-left: 5px solid #e8a020; padding-left: 18px; line-height: 1.5\">\u92c1\u7b94\u81a0\u5e36\uff5c0.1mm\u30fb50mm\u00d740\/50M\u30fb\u7ba1\u9053\u5bc6\u5c01\u30fbHVAC\u9694\u71b1\u30fb\u5eda\u623f\u9632\u6cb9\u7f8e\u7e2b<\/h2>\n<p>\u92c1\u7b94\u57fa\u6750\uff0c0.1mm\u00d750mm\uff0c\u5169\u898f\u683c\uff1a<strong>40M \u6a19\u6e96\u578b<\/strong>\uff08\u58d3\u514b\u529b\u81a0\uff0c-20~120\u00b0C\uff0c\u51b7\u6c23\u7ba1\u9053\/HVAC \u9694\u71b1\u5bc6\u5c01\uff09\uff1b<strong>50M \u9577\u6372\u578b<\/strong>\uff08\u5c0e\u96fb\u81a0\uff0c130\u00b0C\uff0c\u5eda\u623f\u7076\u53f0\u7f8e\u7e2b\u9632\u6cb9\uff09\u3002\u8010\u9ad8\u6eab\u9632\u6c34\u9632\u6f6e\u9632\u6cb9\uff0c\u65bd\u5de5\u670d\u8cbc\uff0c\u88c1\u5207\u65b9\u4fbf\u3002<\/p>\n<h3 style=\"color: #1a3a5c; line-height: 1.5; border-bottom: 2px solid #1a3a5c; padding-bottom: 6px\">Specifications<\/h3>\n<table style=\"width:100%;border-collapse:collapse;margin:14px 0\">\n<tr>\n<th style=\"background:#1a3a5c;color:#fff;padding:9px 14px;border:1px solid #1a3a5c;text-align:left;font-weight:600\">Specifications<\/th>\n<th style=\"background:#1a3a5c;color:#fff;padding:9px 14px;border:1px solid #1a3a5c;text-align:left;font-weight:600\">Dimensions<\/th>\n<th style=\"background:#1a3a5c;color:#fff;padding:9px 14px;border:1px solid #1a3a5c;text-align:left;font-weight:600\">\u81a0\u7cfb<\/th>\n<th style=\"background:#1a3a5c;color:#fff;padding:9px 14px;border:1px solid #1a3a5c;text-align:left;font-weight:600\">\u8010\u6eab<\/th>\n<th style=\"background:#1a3a5c;color:#fff;padding:9px 14px;border:1px solid #1a3a5c;text-align:left;font-weight:600\">\u7528\u9014<\/th>\n<\/tr>\n<tr>\n<td style=\"padding:9px 14px;border:1px solid #dde4ee;vertical-align:top\">Standard Type<\/td>\n<td style=\"padding:9px 14px;border:1px solid #dde4ee;vertical-align:top\">0.1mm \u00d7 50mm \u00d7 40M<\/td>\n<td style=\"padding:9px 14px;border:1px solid #dde4ee;vertical-align:top\">Acrylic<\/td>\n<td style=\"padding:9px 14px;border:1px solid #dde4ee;vertical-align:top\">-20~120\u00b0C<\/td>\n<td style=\"padding:9px 14px;border:1px solid #dde4ee;vertical-align:top\">\u7ba1\u9053\u5bc6\u5c01\u3001HVAC \u9694\u71b1<\/td>\n<\/tr>\n<tr>\n<td style=\"padding:9px 14px;border:1px solid #dde4ee;vertical-align:top;background:#f7f9fc\">\u9577\u6372\u578b<\/td>\n<td style=\"padding:9px 14px;border:1px solid #dde4ee;vertical-align:top;background:#f7f9fc\">0.1mm \u00d7 50mm \u00d7 50M<\/td>\n<td style=\"padding:9px 14px;border:1px solid #dde4ee;vertical-align:top;background:#f7f9fc\">Conductive Adhesive<\/td>\n<td style=\"padding:9px 14px;border:1px solid #dde4ee;vertical-align:top;background:#f7f9fc\">130\u00b0C<\/td>\n<td style=\"padding:9px 14px;border:1px solid #dde4ee;vertical-align:top;background:#f7f9fc\">\u5eda\u623f\u7076\u53f0\u7f8e\u7e2b\u3001\u9632\u6cb9<\/td>\n<\/tr>\n<\/table>\n<div style=\"border:2px solid #BDD7EE;border-radius:10px;overflow:hidden\">\n<h6 style=\"background:#f8fafc;border-bottom:2px solid #BDD7EE;padding:20px 18px;font-weight:bold;color:#64748b;letter-spacing:1px;text-align:left\"><span style=\"color:#BDD7EE\">\u258c<\/span> \u540c\u5834\u52a0\u6620\uff5c\u9632\u6c34\u5bc6\u5c01\u81a0\u5e36<\/h6>\n<p><a href=\"\/en\/product\/butyl-rubber-waterproof-tape\/\" style=\"text-decoration:none;display:block;color:#1e293b;padding:6px 18px;line-height:1.85;border-bottom:1px solid #e2e8f0\"><strong style=\"display:block;color:#1a3a5c;font-weight:bold;margin-bottom:3px\">\u4e01\u57fa\u81a0\u9632\u6c34\u81a0\u5e36<\/strong><\/a><a href=\"\/en\/product\/waterproof-cloth-tape\/\" style=\"text-decoration:none;display:block;color:#1e293b;padding:6px 18px;line-height:1.85\"><strong style=\"display:block;color:#1a3a5c;font-weight:bold;margin-bottom:3px\">\u9632\u6c34\u5e03\u9762\u81a0\u5e36<\/strong><\/a><\/div>\n<div style=\"background:#01568F;border-radius:10px;padding:18px 24px;text-align:center;margin:16px 0 24px;color:#fff\">\n<h5 style=\"color:#fff;margin-bottom:16px\">\u9700\u8981\u5831\u50f9\u6216\u78ba\u8a8d\u898f\u683c\uff1f\u6b61\u8fce\u6d3d\u8a62<\/h5>\n<p><a href=\"https:\/\/jiahon.com.tw\/en\/%E5%98%89%E9%B4%BB%E7%95%99%E8%81%B2%E6%A9%9F\/\" style=\"display:inline-block;background:#FEF9C6;font-weight:bold;padding:11px 28px;border-radius:7px\">\u7acb\u5373\u8a62\u50f9<\/a>\n<\/div>","protected":false},"excerpt":{"rendered":"<p>\u92c1\u7b94\u81a0\u5e36,\u92c1\u7b94\u81a0\u5e03,0.1mm\u92c1\u7b94\u81a0\u5e36,50mm\u5bec\u92c1\u7b94\u81a0\u5e36,40M\u92c1\u7b94\u81a0\u5e36,50M\u92c1\u7b94\u81a0\u5e36,\u92c1\u7b94\u81a0\u5e36\u6279\u767c,\u5eda\u623f\u9632\u6cb9\u81a0\u5e36,\u7076\u53f0\u9632\u9709\u8cbc,\u6cb9\u7159\u6a5f\u7ba1\u9053\u81a0\u5e36,\u7ba1\u9053\u5bc6\u5c01\u92c1\u7b94\u81a0\u5e36,\u9694\u71b1\u92c1\u7b94\u81a0\u5e36,\u9632\u6c34\u92c1\u7b94\u81a0\u5e36,\u9632\u6f6e\u92c1\u7b94\u81a0\u5e36,\u9632\u9709\u5bc6\u5c01\u81a0\u5e36,\u6392\u7159\u7ba1\u4fee\u88dc\u81a0\u5e36,HVAC\u7ba1\u9053\u81a0\u5e36,\u5de5\u696d\u9694\u71b1\u81a0\u5e36,\u51b7\u6c23\u7ba1\u9053\u92c1\u7b94\u81a0\u5e36,\u9ad8\u9ecf\u8457\u92c1\u7b94\u81a0\u5e36, 0.1mmt \u00d7 50mmW \u00d7 40m, 01mmt \u00d7 50mmW \u00d7 40m, 0.1mmt\u00d7 50mmW \u00d7 40m, 0.1mmt \u00d750mmW \u00d7 40m, 0.1mmt \u00d7 50mmW\u00d7 40m, 0.1mmt \u00d7 50mmW \u00d740m, 0 1mmt \u00d7 50mmW \u00d7 40m, 0.1mmt\u00d750mmW\u00d740m, 01mmt\u00d750mmW\u00d740m, 0.1MMT \u00d7 50MMW \u00d7 40M, 0.1mmt \u00d7 50mmw \u00d7 40m, O.1mmt \u00d7 50mmW \u00d7 40m, o.1mmt \u00d7 50mmW \u00d7 40m, 0.lmmt \u00d7 50mmW \u00d7 40m, 0.Immt \u00d7 50mmW \u00d7 40m, 0.immt \u00d7 50mmW \u00d7 40m, 0.1mmt \u00d7 S0mmW \u00d7 40m, 0.1mmt \u00d7 s0mmW \u00d7 40m, 0.1mmt \u00d7 5OmmW \u00d7 40m, 0.1mmt \u00d7 5ommW \u00d7 40m, 0.1mmt \u00d7 50mmW \u00d7 4Om, 0.1mmt \u00d7 50mmW \u00d7 4om, 0.1mmt \u00d7 50mmW \u00d7 50m, 01mmt \u00d7 50mmW \u00d7 50m, 0.1mmt\u00d7 50mmW \u00d7 50m, 0.1mmt \u00d750mmW \u00d7 50m, 0.1mmt \u00d7 50mmW\u00d7 50m, 0.1mmt \u00d7 50mmW \u00d750m, 0 1mmt \u00d7 50mmW \u00d7 50m, 0.1mmt\u00d750mmW\u00d750m, 01mmt\u00d750mmW\u00d750m, 0.1MMT \u00d7 50MMW \u00d7 50M, 0.1mmt \u00d7 50mmw \u00d7 50m, O.1mmt \u00d7 50mmW \u00d7 50m, o.1mmt \u00d7 50mmW \u00d7 50m, 0.lmmt \u00d7 50mmW \u00d7 50m, 0.Immt \u00d7 50mmW \u00d7 50m, 0.immt \u00d7 50mmW \u00d7 50m, 0.1mmt \u00d7 S0mmW \u00d7 50m, 0.1mmt \u00d7 s0mmW \u00d7 50m, 0.1mmt \u00d7 5OmmW \u00d7 50m, 0.1mmt \u00d7 5ommW \u00d7 50m, 0.1mmt \u00d7 50mmW \u00d7 S0m, 0.1mmt \u00d7 50mmW \u00d7 s0m, 0.1mmt \u00d7 50mmW \u00d7 5Om, 0.1mmt \u00d7 50mmW \u00d7 5om<\/p>","protected":false},"featured_media":91260,"template":"","meta":{"site-sidebar-layout":"default","site-content-layout":"","ast-site-content-layout":"default","site-content-style":"default","site-sidebar-style":"default","ast-global-header-display":"","ast-banner-title-visibility":"","ast-main-header-display":"","ast-hfb-above-header-display":"","ast-hfb-below-header-display":"","ast-hfb-mobile-header-display":"","site-post-title":"","ast-breadcrumbs-content":"","ast-featured-img":"","footer-sml-layout":"","ast-disable-related-posts":"","theme-transparent-header-meta":"default","adv-header-id-meta":"","stick-header-meta":"","header-above-stick-meta":"","header-main-stick-meta":"","header-below-stick-meta":"","astra-migrate-meta-layouts":"set","ast-page-background-enabled":"default","ast-page-background-meta":{"desktop":{"background-color":"var(--ast-global-color-4)","background-image":"","background-repeat":"repeat","background-position":"center center","background-size":"auto","background-attachment":"scroll","background-type":"","background-media":"","overlay-type":"","overlay-color":"","overlay-opacity":"","overlay-gradient":""},"tablet":{"background-color":"","background-image":"","background-repeat":"repeat","background-position":"center center","background-size":"auto","background-attachment":"scroll","background-type":"","background-media":"","overlay-type":"","overlay-color":"","overlay-opacity":"","overlay-gradient":""},"mobile":{"background-color":"","background-image":"","background-repeat":"repeat","background-position":"center center","background-size":"auto","background-attachment":"scroll","background-type":"","background-media":"","overlay-type":"","overlay-color":"","overlay-opacity":"","overlay-gradient":""}},"ast-content-background-meta":{"desktop":{"background-color":"var(--ast-global-color-5)","background-image":"","background-repeat":"repeat","background-position":"center center","background-size":"auto","background-attachment":"scroll","background-type":"","background-media":"","overlay-type":"","overlay-color":"","overlay-opacity":"","overlay-gradient":""},"tablet":{"background-color":"var(--ast-global-color-5)","background-image":"","background-repeat":"repeat","background-position":"center center","background-size":"auto","background-attachment":"scroll","background-type":"","background-media":"","overlay-type":"","overlay-color":"","overlay-opacity":"","overlay-gradient":""},"mobile":{"background-color":"var(--ast-global-color-5)","background-image":"","background-repeat":"repeat","background-position":"center center","background-size":"auto","background-attachment":"scroll","background-type":"","background-media":"","overlay-type":"","overlay-color":"","overlay-opacity":"","overlay-gradient":""}}},"product_brand":[96989041],"product_cat":[96987569,96987643,96987574,96987641,96987596],"product_tag":[96987656],"class_list":{"0":"post-91259","1":"product","2":"type-product","3":"status-publish","4":"has-post-thumbnail","6":"product_brand-96989041","7":"product_cat-products","8":"product_cat-new-products-february","9":"product_cat-special-materials","10":"product_cat-latest-products","11":"product_cat-tapes","12":"product_tag-96987656","13":"desktop-align-left","14":"tablet-align-left","15":"mobile-align-left","16":"ast-product-gallery-layout-horizontal-slider","17":"ast-product-gallery-with-no-image","18":"ast-product-single-variable","19":"ast-product-tabs-layout-horizontal","21":"first","22":"instock","23":"shipping-taxable","24":"purchasable","25":"product-type-variable"},"group_of_quantity":0,"min_quantity":0,"max_quantity":"","exclude_order_quantity_value_rules":"no","exclude_category_quantity_rules":"no","combine_variations":"no","_links":{"self":[{"href":"https:\/\/jiahon.com.tw\/en\/wp-json\/wp\/v2\/product\/91259","targetHints":{"allow":["GET"]}}],"collection":[{"href":"https:\/\/jiahon.com.tw\/en\/wp-json\/wp\/v2\/product"}],"about":[{"href":"https:\/\/jiahon.com.tw\/en\/wp-json\/wp\/v2\/types\/product"}],"version-history":[{"count":0,"href":"https:\/\/jiahon.com.tw\/en\/wp-json\/wp\/v2\/product\/91259\/revisions"}],"wp:featuredmedia":[{"embeddable":true,"href":"https:\/\/jiahon.com.tw\/en\/wp-json\/wp\/v2\/media\/91260"}],"wp:attachment":[{"href":"https:\/\/jiahon.com.tw\/en\/wp-json\/wp\/v2\/media?parent=91259"}],"wp:term":[{"taxonomy":"product_brand","embeddable":true,"href":"https:\/\/jiahon.com.tw\/en\/wp-json\/wp\/v2\/product_brand?post=91259"},{"taxonomy":"product_cat","embeddable":true,"href":"https:\/\/jiahon.com.tw\/en\/wp-json\/wp\/v2\/product_cat?post=91259"},{"taxonomy":"product_tag","embeddable":true,"href":"https:\/\/jiahon.com.tw\/en\/wp-json\/wp\/v2\/product_tag?post=91259"}],"curies":[{"name":"wp","href":"https:\/\/api.w.org\/{rel}","templated":true}]}}