{"id":91264,"date":"2026-02-13T14:41:30","date_gmt":"2026-02-13T06:41:30","guid":{"rendered":"https:\/\/jiahon.com.tw\/?post_type=product&#038;p=91264"},"modified":"2026-04-24T16:17:17","modified_gmt":"2026-04-24T08:17:17","slug":"%e9%98%b2%e6%b0%b4%e5%b8%83%e9%9d%a2%e8%86%a0%e5%b8%b6","status":"publish","type":"product","link":"https:\/\/jiahon.com.tw\/en\/product\/%e9%98%b2%e6%b0%b4%e5%b8%83%e9%9d%a2%e8%86%a0%e5%b8%b6\/","title":{"rendered":"\u9632\u6c34\u5e03\u9762\u81a0\u5e36\uff5c0.3mm\u00d775mm\u00d725M\u30fb\u9ad8\u9ecf\u6a61\u81a0\u30fb\u9580\u7e2b\u9632\u98a8\u5bc6\u5c01\u30fb\u5de5\u7a0b\u56fa\u5b9a"},"content":{"rendered":"<h2 style=\"color: #1a3a5c; border-left: 5px solid #e8a020; padding-left: 18px; line-height: 1.5\">\u9632\u6c34\u5e03\u9762\u81a0\u5e36\uff5c0.3mm\u00d775mm\u00d725M\u30fb\u6a61\u81a0\u9ad8\u9ecf\u30fb\u9580\u7e2b\u9632\u98a8\u5bc6\u5c01\u30fb\u5de5\u7a0b\u56fa\u5b9a<\/h2>\n<p>70 \u76ee\u68c9\u5e03\u57fa\u6750\uff0b\u6a61\u81a0\u9ad8\u9ecf\u81a0\uff0c0.3mm\u00d775mm\u00d725M\uff0c\u7070\u8272\uff0c\u9ecf\u8457\u529b \u226520N\/25mm\uff0c\u62c9\u4f38\u5f37\u5ea6 \u226570N\/25mm\uff0c\u8010\u6eab -10\u00b0C ~ 60\u00b0C\uff0c\u6495\u9664\u4e0d\u6613\u6b98\u81a0\u300275mm \u5bec\u5e45\u5927\u9762\u7a4d\u5c01\u8cbc\u7701\u6642\uff0c\u9069\u7528\u9580\u7a97\u7e2b\u9699\u9632\u98a8\u9632\u5875\u3001\u5e33\u7bf7\u7246\u9762\u81e8\u6642\u4fee\u88dc\u3001\u88dd\u6f62\u7ba1\u7dda\u5305\u8986\u56fa\u5b9a\u3002<\/p>\n<h3 style=\"color: #1a3a5c; line-height: 1.5; border-bottom: 2px solid #1a3a5c; padding-bottom: 6px\">Specifications<\/h3>\n<table style=\"width:100%;border-collapse:collapse;margin:14px 0\">\n<tr>\n<th style=\"background:#1a3a5c;color:#fff;padding:9px 14px;border:1px solid #1a3a5c;text-align:left;font-weight:600\">Item<\/th>\n<th style=\"background:#1a3a5c;color:#fff;padding:9px 14px;border:1px solid #1a3a5c;text-align:left;font-weight:600\">Specifications<\/th>\n<\/tr>\n<tr>\n<td style=\"padding:9px 14px;border:1px solid #dde4ee;vertical-align:top\">Dimensions<\/td>\n<td style=\"padding:9px 14px;border:1px solid #dde4ee;vertical-align:top\">0.3mm \u00d7 75mm \u00d7 25m<\/td>\n<\/tr>\n<tr>\n<td style=\"padding:9px 14px;border:1px solid #dde4ee;vertical-align:top;background:#f7f9fc\">\u57fa\u6750<\/td>\n<td style=\"padding:9px 14px;border:1px solid #dde4ee;vertical-align:top;background:#f7f9fc\">70 \u76ee\u68c9\u5e03\uff08\u9632\u6c34\u7e96\u7dad\uff09<\/td>\n<\/tr>\n<tr>\n<td style=\"padding:9px 14px;border:1px solid #dde4ee;vertical-align:top\">\u81a0\u7cfb<\/td>\n<td style=\"padding:9px 14px;border:1px solid #dde4ee;vertical-align:top\">\u6a61\u81a0\u7cfb\u9ad8\u9ecf\u81a0<\/td>\n<\/tr>\n<tr>\n<td style=\"padding:9px 14px;border:1px solid #dde4ee;vertical-align:top;background:#f7f9fc\">\u9ecf\u8457\u529b<\/td>\n<td style=\"padding:9px 14px;border:1px solid #dde4ee;vertical-align:top;background:#f7f9fc\">\u226520N\/25mm\uff08\u5c0d\u4e0d\u93fd\u92fc\uff09<\/td>\n<\/tr>\n<tr>\n<td style=\"padding:9px 14px;border:1px solid #dde4ee;vertical-align:top\">\u8010\u6eab<\/td>\n<td style=\"padding:9px 14px;border:1px solid #dde4ee;vertical-align:top\">-10\u00b0C ~ +60\u00b0C<\/td>\n<\/tr>\n<\/table>\n<div style=\"border:2px solid #BDD7EE;border-radius:10px;overflow:hidden\">\n<h6 style=\"background:#f8fafc;border-bottom:2px solid #BDD7EE;padding:20px 18px;font-weight:bold;color:#64748b;letter-spacing:1px;text-align:left\"><span style=\"color:#BDD7EE\">\u258c<\/span> \u540c\u5834\u52a0\u6620\uff5c\u9632\u6c34\u5bc6\u5c01\u81a0\u5e36<\/h6>\n<p><a href=\"\/en\/product\/butyl-rubber-waterproof-tape\/\" style=\"text-decoration:none;display:block;color:#1e293b;padding:6px 18px;line-height:1.85;border-bottom:1px solid #e2e8f0\"><strong style=\"display:block;color:#1a3a5c;font-weight:bold;margin-bottom:3px\">\u4e01\u57fa\u81a0\u9632\u6c34\u81a0\u5e36<\/strong><\/a><a href=\"\/en\/product\/aluminum-foil-tape\/\" style=\"text-decoration:none;display:block;color:#1e293b;padding:6px 18px;line-height:1.85\"><strong style=\"display:block;color:#1a3a5c;font-weight:bold;margin-bottom:3px\">Aluminum Foil Tape<\/strong><\/a><\/div>\n<div style=\"background:#01568F;border-radius:10px;padding:18px 24px;text-align:center;margin:16px 0 24px;color:#fff\">\n<h5 style=\"color:#fff;margin-bottom:16px\">\u9700\u8981\u5831\u50f9\u6216\u78ba\u8a8d\u898f\u683c\uff1f\u6b61\u8fce\u6d3d\u8a62<\/h5>\n<p><a href=\"https:\/\/jiahon.com.tw\/en\/%E5%98%89%E9%B4%BB%E7%95%99%E8%81%B2%E6%A9%9F\/\" style=\"display:inline-block;background:#FEF9C6;font-weight:bold;padding:11px 28px;border-radius:7px\">\u7acb\u5373\u8a62\u50f9<\/a>\n<\/div>","protected":false},"excerpt":{"rendered":"<p>\u9632\u6c34\u5e03\u9762\u81a0\u5e36,\u5e03\u57fa\u81a0\u5e36,\u9632\u98a8\u81a0\u5e36,\u51ac\u5929\u7a97\u6236\u9632\u98a8\u81a0\u5e36,\u9580\u7e2b\u5bc6\u5c01\u81a0\u5e36,\u9632\u5bd2\u4fdd\u6696\u81a0\u5e36,\u7070\u8272\u5e03\u9762\u81a0\u5e36,0.3mm\u539a\u81a0\u5e36,75mm\u5bec\u81a0\u5e36,25M\u9577\u81a0\u5e36,\u9ad8\u9ecf\u5ea6\u81a0\u5e36,\u55ae\u9762\u9632\u6c34\u81a0\u5e36,\u9632\u5875\u5bc6\u5c01\u81a0\u5e36,\u5e33\u7bf7\u4fee\u88dc\u81a0\u5e36,\u88dd\u6f62\u5de5\u7a0b\u81a0\u5e36,\u7ba1\u7dda\u5305\u8986\u81a0\u5e36,\u5f37\u529b\u4fee\u88dc\u81a0\u5e36,\u6495\u9664\u4e0d\u6b98\u81a0\u81a0\u5e36,\u6236\u5916\u9632\u6c34\u81a0\u5e36,\u5de5\u7a0b\u7528\u5e03\u57fa\u81a0\u5e36, 0.3mm\u00d775mm\u00d725M, 03mm\u00d775mm\u00d725M, 0 3mm\u00d775mm\u00d725M, 0.3MM\u00d775MM\u00d725M, 0.3mm\u00d775mm\u00d725m, O.3mm\u00d775mm\u00d725M, o.3mm\u00d775mm\u00d725M, 0.3mm\u00d77Smm\u00d725M, 0.3mm\u00d77smm\u00d725M, 0.3mm\u00d775mm\u00d7Z5M, 0.3mm\u00d775mm\u00d7z5M, 0.3mm\u00d775mm\u00d72SM, 0.3mm\u00d775mm\u00d72sM<\/p>","protected":false},"featured_media":91266,"template":"","meta":{"site-sidebar-layout":"default","site-content-layout":"","ast-site-content-layout":"default","site-content-style":"default","site-sidebar-style":"default","ast-global-header-display":"","ast-banner-title-visibility":"","ast-main-header-display":"","ast-hfb-above-header-display":"","ast-hfb-below-header-display":"","ast-hfb-mobile-header-display":"","site-post-title":"","ast-breadcrumbs-content":"","ast-featured-img":"","footer-sml-layout":"","ast-disable-related-posts":"","theme-transparent-header-meta":"default","adv-header-id-meta":"","stick-header-meta":"","header-above-stick-meta":"","header-main-stick-meta":"","header-below-stick-meta":"","astra-migrate-meta-layouts":"set","ast-page-background-enabled":"default","ast-page-background-meta":{"desktop":{"background-color":"var(--ast-global-color-4)","background-image":"","background-repeat":"repeat","background-position":"center center","background-size":"auto","background-attachment":"scroll","background-type":"","background-media":"","overlay-type":"","overlay-color":"","overlay-opacity":"","overlay-gradient":""},"tablet":{"background-color":"","background-image":"","background-repeat":"repeat","background-position":"center center","background-size":"auto","background-attachment":"scroll","background-type":"","background-media":"","overlay-type":"","overlay-color":"","overlay-opacity":"","overlay-gradient":""},"mobile":{"background-color":"","background-image":"","background-repeat":"repeat","background-position":"center center","background-size":"auto","background-attachment":"scroll","background-type":"","background-media":"","overlay-type":"","overlay-color":"","overlay-opacity":"","overlay-gradient":""}},"ast-content-background-meta":{"desktop":{"background-color":"var(--ast-global-color-5)","background-image":"","background-repeat":"repeat","background-position":"center center","background-size":"auto","background-attachment":"scroll","background-type":"","background-media":"","overlay-type":"","overlay-color":"","overlay-opacity":"","overlay-gradient":""},"tablet":{"background-color":"var(--ast-global-color-5)","background-image":"","background-repeat":"repeat","background-position":"center center","background-size":"auto","background-attachment":"scroll","background-type":"","background-media":"","overlay-type":"","overlay-color":"","overlay-opacity":"","overlay-gradient":""},"mobile":{"background-color":"var(--ast-global-color-5)","background-image":"","background-repeat":"repeat","background-position":"center center","background-size":"auto","background-attachment":"scroll","background-type":"","background-media":"","overlay-type":"","overlay-color":"","overlay-opacity":"","overlay-gradient":""}}},"product_brand":[96989041],"product_cat":[96987569,96987643,96987574,96987641,96987596],"product_tag":[96987656],"class_list":{"0":"post-91264","1":"product","2":"type-product","3":"status-publish","4":"has-post-thumbnail","6":"product_brand-96989041","7":"product_cat-products","8":"product_cat-new-products-february","9":"product_cat-special-materials","10":"product_cat-latest-products","11":"product_cat-tapes","12":"product_tag-96987656","13":"desktop-align-left","14":"tablet-align-left","15":"mobile-align-left","16":"ast-product-gallery-layout-horizontal-slider","17":"ast-product-gallery-with-no-image","18":"ast-product-single-variable","19":"ast-product-tabs-layout-horizontal","21":"first","22":"instock","23":"shipping-taxable","24":"purchasable","25":"product-type-variable"},"group_of_quantity":0,"min_quantity":0,"max_quantity":"","exclude_order_quantity_value_rules":"no","exclude_category_quantity_rules":"no","combine_variations":"no","_links":{"self":[{"href":"https:\/\/jiahon.com.tw\/en\/wp-json\/wp\/v2\/product\/91264","targetHints":{"allow":["GET"]}}],"collection":[{"href":"https:\/\/jiahon.com.tw\/en\/wp-json\/wp\/v2\/product"}],"about":[{"href":"https:\/\/jiahon.com.tw\/en\/wp-json\/wp\/v2\/types\/product"}],"version-history":[{"count":0,"href":"https:\/\/jiahon.com.tw\/en\/wp-json\/wp\/v2\/product\/91264\/revisions"}],"wp:featuredmedia":[{"embeddable":true,"href":"https:\/\/jiahon.com.tw\/en\/wp-json\/wp\/v2\/media\/91266"}],"wp:attachment":[{"href":"https:\/\/jiahon.com.tw\/en\/wp-json\/wp\/v2\/media?parent=91264"}],"wp:term":[{"taxonomy":"product_brand","embeddable":true,"href":"https:\/\/jiahon.com.tw\/en\/wp-json\/wp\/v2\/product_brand?post=91264"},{"taxonomy":"product_cat","embeddable":true,"href":"https:\/\/jiahon.com.tw\/en\/wp-json\/wp\/v2\/product_cat?post=91264"},{"taxonomy":"product_tag","embeddable":true,"href":"https:\/\/jiahon.com.tw\/en\/wp-json\/wp\/v2\/product_tag?post=91264"}],"curies":[{"name":"wp","href":"https:\/\/api.w.org\/{rel}","templated":true}]}}