{"id":91464,"date":"2026-02-25T10:56:07","date_gmt":"2026-02-25T02:56:07","guid":{"rendered":"https:\/\/jiahon.com.tw\/?post_type=product&#038;p=91464"},"modified":"2026-04-10T10:36:19","modified_gmt":"2026-04-10T02:36:19","slug":"pp%e7%93%a6%e6%a5%9e%e6%9d%bf","status":"publish","type":"product","link":"https:\/\/jiahon.com.tw\/en\/product\/pp%e7%93%a6%e6%a5%9e%e6%9d%bf\/","title":{"rendered":"PP\u74e6\u695e\u677f"},"content":{"rendered":"<div style=\"background: #9F353A; padding: 16px 20px; border-radius: 10px; margin-bottom: 20px;\">\n<h3 style=\"text-align: center;\"><span style=\"color: #ffffff;\">\u53d7\u570b\u969b\u6230\u722d\u5f71\u97ff\uff5cPVC\u76f8\u95dc\u7522\u54c1\u50f9\u683c\u8abf\u6574\u516c\u544a<\/span><\/h3>\n<p style=\"text-align: center;\"><span style=\"color: #ffffff;\">\u53d7\u570b\u969b\u6230\u722d\u5f71\u97ff\uff0c<strong>\u6cb9\u50f9\u53ca\u77f3\u5316\u539f\u6599<\/strong>\u6210\u672c\u5927\u5e45\u4e0a\u6f32\uff0c\u76f8\u95dc\u5831\u50f9\u8abf\u6574\u5982\u4e0b\uff1a<br \/>\n<\/span><span style=\"color: #ffffff;\"><strong>\u25cf \u50f9\u683c\u8abf\u6574<\/strong>\uff1a \u5373\u65e5\u8d77\u53d6\u6d88\u820a\u6709\u5831\u50f9\uff0c\u6539\u4f9d\u6700\u65b0\u63a1\u8cfc\u6210\u672c<strong>\u6efe\u52d5\u5f0f\u8abf\u6574<\/strong>\u3002\u8a73\u7d30\u5831\u50f9\u8acb\u6d3d\u696d\u52d9\u3002<br \/>\n<\/span><span style=\"color: #ffffff;\"><strong>\u25cf \u7f3a\u8ca8\u8655\u7406<\/strong>\uff1a \u82e5\u54c1\u9805\u7f3a\u8ca8\u5c07\u555f\u52d5**<strong>\u3010\u767b\u8a18\u5236\u3011<\/strong>\uff0c\u5f85\u8ca8\u5230\u5f8c\u4f9d\u5e8f\u901a\u77e5\uff0c\u4e26\u4ee5\u7576\u6642\u6642\u50f9**\u5831\u50f9\u51fa\u8ca8\u3002<\/span><\/p>\n<p style=\"text-align: center;\"><span style=\"color: #ffffff;\">\u5168\u7403\u4f9b\u61c9\u93c8\u4e0d\u78ba\u5b9a\u6027\u4ecd\u9ad8\uff0c\u9020\u6210\u4e0d\u4fbf\u61c7\u8acb\u898b\u8ad2\u3002<\/span><\/p>\n<p style=\"text-align: center; margin: 20px 0px;\"><a href=\"https:\/\/jiahon.com.tw\/en\/%e5%8f%97%e5%9c%8b%e9%9a%9b%e6%88%b0%e7%88%ad%e5%bd%b1%e9%9f%bf%ef%bd%9c%e6%89%8b%e5%a5%97%e5%83%b9%e6%a0%bc%e8%aa%bf%e6%95%b4%e5%85%ac%e5%91%8a%ef%bc%882026%e5%b9%b43%e6%9c%88%ef%bc%89\/\"><span style=\"background: #ffffff; padding: 10px 20px 10px 20px; border-radius: 10px;\">\u516c\u544a\u9023\u7d50\u8acb\u9ede\u6b64\u2b62<\/span><\/a><\/p>\n<\/div>\n<h2 style=\"color: #1a3a5c; border-left: 5px solid #e8a020; padding-left: 18px; line-height: 1.5;\">PP \u74e6\u695e\u677f\uff08\u4e2d\u7a7a\u677f\uff09\uff5c\u9632\u6c34\u9632\u6f6e \u00b7 3\u20135 mm \u00b7 \u591a\u8272\u591a\u5c3a\u5bf8<\/h2>\n<p>\u7d19\u7bb1\u6015\u6f6e\u3001\u6728\u677f\u592a\u91cd\u2014\u2014<strong>PP \u74e6\u695e\u677f<\/strong>\uff08\u53c8\u7a31 PP \u4e2d\u7a7a\u677f\uff09\u4ee5\u805a\u4e19\u70ef\u4e00\u9ad4\u6210\u578b\uff0c\u540c\u6642\u5177\u5099\u8f15\u91cf\u3001\u9632\u6c34\u9632\u6f6e\u3001\u8010\u885d\u64ca\u4e09\u9805\u7279\u6027\uff0c\u662f\u5468\u8f49\u6258\u76e4\u3001\u5de5\u5ee0\u9694\u677f\u8207\u7269\u6d41\u5e95\u677f\u7684\u5e38\u898b\u66ff\u4ee3\u6750\u6599\u3002\u76f8\u6bd4\u4e00\u6b21\u6027\u7d19\u8cea\u9694\u677f\uff0cPP \u677f\u53ef\u91cd\u8907\u64e6\u62ed\u4f7f\u7528\uff0c\u9577\u671f\u6210\u672c\u66f4\u4f4e\u3002\u672c\u7cfb\u5217\u63d0\u4f9b 3 mm\u30014 mm\u30015 mm \u4e09\u7a2e\u539a\u5ea6\uff0c\u5c3a\u5bf8\u5f9e\u5c0f\u578b\u6258\u76e4\u677f\uff08564\u00d7461 mm\uff09\u5230\u8d85\u5927\u5de5\u696d\u677f\uff082700\u00d71200 mm\uff09\u5747\u6709\uff1b\u984f\u8272\u63d0\u4f9b\u767d\u8272\u3001\u9ed1\u8272\u3001\u6dfa\u85cd\u3001\u6dfa\u7da0\u3001\u7d05\u8272\u7b49\u591a\u8272\u9078\u64c7\u3002<\/p>\n<p><strong>\u4f7f\u7528\u63d0\u793a\uff1a<\/strong>PP \u677f\u9069\u5408\u4e7e\u71e5\u6216\u6f6e\u6fd5\u74b0\u5883\uff08\u4e0d\u5438\u6c34\uff09\uff0c\u4f46\u4e0d\u8010\u9ad8\u6eab\uff08\u9577\u671f &gt;70\u00b0C \u74b0\u5883\u5efa\u8b70\u78ba\u8a8d\uff09\u3002\u9ed1\u8272 PP \u677f\u53ef\u505a ESD \u6e2c\u8a66\u5206\u9694\uff08\u9700\u53e6\u78ba\u8a8d\u8868\u9762\u96fb\u963b\u662f\u5426\u7b26\u5408\u9700\u6c42\uff09\u3002<\/p>\n<p>\u5609\u9d3b\u63d0\u4f9b PP \u74e6\u695e\u677f\u591a\u898f\u683c\u5099\u54c1\u63a1\u8cfc\uff0c\u652f\u63f4\u6279\u91cf\u4f9b\u8ca8\u8207\u88c1\u5207\u52a0\u5de5\u8a62\u50f9\u3002<\/p>\n<h3 style=\"color: #1a3a5c; line-height: 1.5; border-bottom: 2px solid #1a3a5c; padding-bottom: 6px;\">\u898f\u683c\u5c0d\u7167<\/h3>\n<table style=\"width: 100%; border-collapse: collapse; margin: 14px 0;\">\n<tbody>\n<tr>\n<th style=\"background: #1a3a5c; color: #fff; padding: 9px 14px; border: 1px solid #1a3a5c; text-align: left; font-weight: 600;\">\u7528\u9014\u5206\u985e<\/th>\n<th style=\"background: #1a3a5c; color: #fff; padding: 9px 14px; border: 1px solid #1a3a5c; text-align: left; font-weight: 600;\">\u539a\u5ea6 (mm)<\/th>\n<th style=\"background: #1a3a5c; color: #fff; padding: 9px 14px; border: 1px solid #1a3a5c; text-align: left; font-weight: 600;\">\u5c3a\u5bf8 (mm)<\/th>\n<th style=\"background: #1a3a5c; color: #fff; padding: 9px 14px; border: 1px solid #1a3a5c; text-align: left; font-weight: 600;\">color<\/th>\n<th style=\"background: #1a3a5c; color: #fff; padding: 9px 14px; border: 1px solid #1a3a5c; text-align: left; font-weight: 600;\">Description<\/th>\n<\/tr>\n<tr>\n<td style=\"padding: 9px 14px; border: 1px solid #dde4ee; vertical-align: top;\">\u5927\u578b\u5de5\u696d\u677f<\/td>\n<td style=\"padding: 9px 14px; border: 1px solid #dde4ee; vertical-align: top;\">3<\/td>\n<td style=\"padding: 9px 14px; border: 1px solid #dde4ee; vertical-align: top;\">1260\u00d71060<\/td>\n<td style=\"padding: 9px 14px; border: 1px solid #dde4ee; vertical-align: top;\">White<\/td>\n<td style=\"padding: 9px 14px; border: 1px solid #dde4ee; vertical-align: top;\">450 g\/m\u00b2\uff0c\u91cd\u578b\u5468\u8f49\u57fa\u677f<\/td>\n<\/tr>\n<tr>\n<td style=\"padding: 9px 14px; border: 1px solid #dde4ee; vertical-align: top; background: #f7f9fc;\">\u5927\u578b\u5de5\u696d\u677f<\/td>\n<td style=\"padding: 9px 14px; border: 1px solid #dde4ee; vertical-align: top; background: #f7f9fc;\">4<\/td>\n<td style=\"padding: 9px 14px; border: 1px solid #dde4ee; vertical-align: top; background: #f7f9fc;\">2700\u00d71200<\/td>\n<td style=\"padding: 9px 14px; border: 1px solid #dde4ee; vertical-align: top; background: #f7f9fc;\">White<\/td>\n<td style=\"padding: 9px 14px; border: 1px solid #dde4ee; vertical-align: top; background: #f7f9fc;\">\u8d85\u5927\u5c3a\u5bf8\uff0c\u5de5\u5ee0\u9694\u677f\u5206\u5272<\/td>\n<\/tr>\n<tr>\n<td style=\"padding: 9px 14px; border: 1px solid #dde4ee; vertical-align: top;\">\u4e2d\u578b\u6258\u76e4\u677f<\/td>\n<td style=\"padding: 9px 14px; border: 1px solid #dde4ee; vertical-align: top;\">4<\/td>\n<td style=\"padding: 9px 14px; border: 1px solid #dde4ee; vertical-align: top;\">564\u00d7461<\/td>\n<td style=\"padding: 9px 14px; border: 1px solid #dde4ee; vertical-align: top;\">White<\/td>\n<td style=\"padding: 9px 14px; border: 1px solid #dde4ee; vertical-align: top;\">\u6258\u76e4\u4e2d\u677f\uff0c\u8f15\u91cf\u9694\u5c64<\/td>\n<\/tr>\n<tr>\n<td style=\"padding: 9px 14px; border: 1px solid #dde4ee; vertical-align: top; background: #f7f9fc;\">\u65b9\u5f62\u7bb1\u677f<\/td>\n<td style=\"padding: 9px 14px; border: 1px solid #dde4ee; vertical-align: top; background: #f7f9fc;\">5<\/td>\n<td style=\"padding: 9px 14px; border: 1px solid #dde4ee; vertical-align: top; background: #f7f9fc;\">\u5ba2\u88fd<\/td>\n<td style=\"padding: 9px 14px; border: 1px solid #dde4ee; vertical-align: top; background: #f7f9fc;\">\u591a\u8272<\/td>\n<td style=\"padding: 9px 14px; border: 1px solid #dde4ee; vertical-align: top; background: #f7f9fc;\">\u9ad8\u5f37\u5ea6\u7bb1\u9ad4\u66ff\u4ee3\uff0c\u53ef\u88c1\u5207<\/td>\n<\/tr>\n<tr>\n<td style=\"padding: 9px 14px; border: 1px solid #dde4ee; vertical-align: top;\">\u5ba2\u88fd\u88c1\u5207<\/td>\n<td style=\"padding: 9px 14px; border: 1px solid #dde4ee; vertical-align: top;\">3\u20135<\/td>\n<td style=\"padding: 9px 14px; border: 1px solid #dde4ee; vertical-align: top;\">Based on Requirements<\/td>\n<td style=\"padding: 9px 14px; border: 1px solid #dde4ee; vertical-align: top;\">\u591a\u8272<\/td>\n<td style=\"padding: 9px 14px; border: 1px solid #dde4ee; vertical-align: top;\">\u53ef\u6c96\u578b\u3001\u6298\u908a\u3001\u5370\u5237\u52a0\u5de5<\/td>\n<\/tr>\n<\/tbody>\n<\/table>\n<div style=\"border: 2px solid #BDD7EE; border-radius: 10px; overflow: hidden;\">\n<h6 style=\"background: #f8fafc; border-bottom: 2px solid #BDD7EE; padding: 20px 18px; font-weight: bold; color: #64748b; letter-spacing: 1px; text-align: left;\"><span style=\"color: #bdd7ee;\">\u258c<\/span> \u540c\u5834\u52a0\u6620\uff5cPP \u74e6\u695e\u677f\uff08\u4e2d\u7a7a\u677f\uff09\uff5c\u9632\u6c34\u9632\u6f6e \u00b7 3\u20135 mm \u00b7 \u591a\u8272\u591a\u5c3a\u5bf8<\/h6>\n<p><a style=\"text-decoration: none; display: block; color: #1e293b; padding: 6px 18px; line-height: 1.85; border-bottom: 1px solid #e2e8f0;\" href=\"https:\/\/jiahon.com.tw\/en\/product\/corrugated-box-industrial-packaging\/\"><strong style=\"display: block; color: #1a3a5c; font-weight: bold; margin-bottom: 3px;\">\u74e6\u695e\u7d19\u7bb1 \u2014 \u6b63\u647a\/\u91cd\u5957\/\u96c6\u5408\u7bb1\u5916\u7bb1\u4e3b\u6750<\/strong><\/a><a style=\"text-decoration: none; display: block; color: #1e293b; padding: 6px 18px; line-height: 1.85; border-bottom: 1px solid #e2e8f0;\" href=\"https:\/\/jiahon.com.tw\/en\/product\/corrugated-paper-separator-series\/\"><strong style=\"display: block; color: #1a3a5c; font-weight: bold; margin-bottom: 3px;\">\u74e6\u695e\u6d6a\u7d19 \/ \u9694\u677f \/ \u6d1e\u677f\u7cfb\u5217 \u2014 \u7d19\u677f\u5468\u8f49\u7bb1\u5167\u7de9\u885d\u5206\u9694<\/strong><\/a><a style=\"text-decoration: none; display: block; color: #1e293b; padding: 6px 18px; line-height: 1.85;\" href=\"https:\/\/jiahon.com.tw\/en\/product\/pe-medium-density-foam-mdpe\/\"><strong style=\"display: block; color: #1a3a5c; font-weight: bold; margin-bottom: 3px;\">PE \u4e2d\u5bc6\u5ea6\u6ce1\u68c9 \u2014 \u7cbe\u5bc6\u4ef6\u9632\u9707\u7de9\u885d\u5167\u896f<\/strong><\/a><\/p>\n<\/div>\n<div style=\"background: #01568F; border-radius: 10px; padding: 18px 24px; text-align: center; margin: 16px 0 24px; color: #fff;\">\n<h5 style=\"color: #fff; margin-bottom: 16px;\">\u9700\u8981\u5831\u50f9\u6216\u78ba\u8a8d\u898f\u683c\uff1f\u6b61\u8fce\u6d3d\u8a62<\/h5>\n<p><a style=\"display: inline-block; background: #FEF9C6; font-weight: bold; padding: 11px 28px; border-radius: 7px;\" href=\"https:\/\/jiahon.com.tw\/en\/%E5%98%89%E9%B4%BB%E7%95%99%E8%81%B2%E6%A9%9F\/\">\u7acb\u5373\u8a62\u50f9<\/a><\/p>\n<\/div>","protected":false},"excerpt":{"rendered":"<p>PP\u74e6\u695e\u677f,PP\u4e2d\u7a7a\u677f,3mm PP\u74e6\u695e\u677f,4mm PP\u74e6\u695e\u677f,5mm PP\u4e2d\u7a7a\u677f,\u5851\u81a0\u74e6\u695e\u677f\u7bb1,\u5de5\u696d,\u9632\u6c34\u7269\u6d41,\u96fb\u5b50\u96f6\u4ef6,\u534a\u5c0e\u9ad4,\u53ef\u91cd\u8907\u4f7f\u7528\u5305\u88dd\u7bb1,\u8f15\u91cf\u5316\u5851\u81a0,\u5f69\u8272PP,\u9ed1\u8272PP\u74e6\u695e\u677f\u7bb1,\u767d\u8272PP\u4e2d\u7a7a\u677f\u7bb1,\u5ba2\u88fd\u5c3a\u5bf8,\u5009\u5132\u5206\u985e,\u8010\u885d\u64ca\u5851\u81a0,\u74b0\u4fdd\u53ef\u56de\u6536PP\u677f\u7bb1,\u7522\u7dda\u7269\u6599, 1260\u00d71060, l260\u00d71060, I260\u00d71060, i260\u00d71060, 1Z60\u00d71060, 1z60\u00d71060, 12G0\u00d71060, 126O\u00d71060, 126o\u00d71060, 1260\u00d7l060, 1260\u00d7I060, 1260\u00d7i060, 1260\u00d71O60, 1260\u00d71o60, 1260\u00d710G0, 1260\u00d7106O, 1260\u00d7106o, 2700\u00d71200, Z700\u00d71200, z700\u00d71200, 27O0\u00d71200, 27o0\u00d71200, 270O\u00d71200, 270o\u00d71200, 2700\u00d7l200, 2700\u00d7I200, 2700\u00d7i200, 2700\u00d71Z00, 2700\u00d71z00, 2700\u00d712O0, 2700\u00d712o0, 2700\u00d7120O, 2700\u00d7120o, 564x461mm, 564X461MM, S64x461mm, s64x461mm, 5G4x461mm, 564x4G1mm, 564x46lmm, 564x46Imm, 564x46imm, 330\u00d7300\u00d7300 (H), 330\u00d7300\u00d7300(H), 330\u00d7300\u00d7300 (h), 33O\u00d7300\u00d7300 (H), 33o\u00d7300\u00d7300 (H), 330\u00d73O0\u00d7300 (H), 330\u00d73o0\u00d7300 (H), 330\u00d730O\u00d7300 (H), 330\u00d730o\u00d7300 (H), 330\u00d7300\u00d73O0 (H), 330\u00d7300\u00d73o0 (H), 330\u00d7300\u00d730O (H), 330\u00d7300\u00d730o (H), \u5167\u5f91115\/\u5916\u5f91230, \u5167\u5f91115\u5916\u5f91230, \u5167\u5f91115 \u5916\u5f91230, \u5167\u5f91l15\/\u5916\u5f91230, \u5167\u5f91I15\/\u5916\u5f91230, \u5167\u5f91i15\/\u5916\u5f91230, \u5167\u5f911l5\/\u5916\u5f91230, \u5167\u5f911I5\/\u5916\u5f91230, \u5167\u5f911i5\/\u5916\u5f91230, \u5167\u5f9111S\/\u5916\u5f91230, \u5167\u5f9111s\/\u5916\u5f91230, \u5167\u5f91115\/\u5916\u5f91Z30, \u5167\u5f91115\/\u5916\u5f91z30, \u5167\u5f91115\/\u5916\u5f9123O, \u5167\u5f91115\/\u5916\u5f9123o, \u5167\u5f91115\/\u5916\u5f91190, \u5167\u5f91115\u5916\u5f91190, \u5167\u5f91115 \u5916\u5f91190, \u5167\u5f91l15\/\u5916\u5f91190, \u5167\u5f91I15\/\u5916\u5f91190, \u5167\u5f91i15\/\u5916\u5f91190, \u5167\u5f911l5\/\u5916\u5f91190, \u5167\u5f911I5\/\u5916\u5f91190, \u5167\u5f911i5\/\u5916\u5f91190, \u5167\u5f9111S\/\u5916\u5f91190, \u5167\u5f9111s\/\u5916\u5f91190, \u5167\u5f91115\/\u5916\u5f91l90, \u5167\u5f91115\/\u5916\u5f91I90, \u5167\u5f91115\/\u5916\u5f91i90, \u5167\u5f91115\/\u5916\u5f9119O, \u5167\u5f91115\/\u5916\u5f9119o, 600\u00d7900, G00\u00d7900, 6O0\u00d7900, 6o0\u00d7900, 60O\u00d7900, 60o\u00d7900, 600\u00d79O0, 600\u00d79o0, 600\u00d790O, 600\u00d790o, 600\u00d7900, G00\u00d7900, 6O0\u00d7900, 6o0\u00d7900, 60O\u00d7900, 60o\u00d7900, 600\u00d79O0, 600\u00d79o0, 600\u00d790O, 600\u00d790o, 600\u00d7900, G00\u00d7900, 6O0\u00d7900, 6o0\u00d7900, 60O\u00d7900, 60o\u00d7900, 600\u00d79O0, 600\u00d79o0, 600\u00d790O, 600\u00d790o, 322\u00d7137\u00d76 (H), 322\u00d7137\u00d76(H), 322\u00d7137\u00d76 (h), 3Z2\u00d7137\u00d76 (H), 3z2\u00d7137\u00d76 (H), 32Z\u00d7137\u00d76 (H), 32z\u00d7137\u00d76 (H), 322\u00d7l37\u00d76 (H), 322\u00d7I37\u00d76 (H), 322\u00d7i37\u00d76 (H), 322\u00d7137\u00d7G (H), 330\u00d7300, 33O\u00d7300, 33o\u00d7300, 330\u00d73O0, 330\u00d73o0, 330\u00d730O, 330\u00d730o, 278\u00d7229, Z78\u00d7229, z78\u00d7229, 27B\u00d7229, 278\u00d7Z29, 278\u00d7z29, 278\u00d72Z9, 278\u00d72z9<\/p>","protected":false},"featured_media":91466,"template":"","meta":{"site-sidebar-layout":"default","site-content-layout":"","ast-site-content-layout":"default","site-content-style":"default","site-sidebar-style":"default","ast-global-header-display":"","ast-banner-title-visibility":"","ast-main-header-display":"","ast-hfb-above-header-display":"","ast-hfb-below-header-display":"","ast-hfb-mobile-header-display":"","site-post-title":"","ast-breadcrumbs-content":"","ast-featured-img":"","footer-sml-layout":"","ast-disable-related-posts":"","theme-transparent-header-meta":"default","adv-header-id-meta":"","stick-header-meta":"","header-above-stick-meta":"","header-main-stick-meta":"","header-below-stick-meta":"","astra-migrate-meta-layouts":"set","ast-page-background-enabled":"default","ast-page-background-meta":{"desktop":{"background-color":"var(--ast-global-color-4)","background-image":"","background-repeat":"repeat","background-position":"center center","background-size":"auto","background-attachment":"scroll","background-type":"","background-media":"","overlay-type":"","overlay-color":"","overlay-opacity":"","overlay-gradient":""},"tablet":{"background-color":"","background-image":"","background-repeat":"repeat","background-position":"center center","background-size":"auto","background-attachment":"scroll","background-type":"","background-media":"","overlay-type":"","overlay-color":"","overlay-opacity":"","overlay-gradient":""},"mobile":{"background-color":"","background-image":"","background-repeat":"repeat","background-position":"center center","background-size":"auto","background-attachment":"scroll","background-type":"","background-media":"","overlay-type":"","overlay-color":"","overlay-opacity":"","overlay-gradient":""}},"ast-content-background-meta":{"desktop":{"background-color":"var(--ast-global-color-5)","background-image":"","background-repeat":"repeat","background-position":"center center","background-size":"auto","background-attachment":"scroll","background-type":"","background-media":"","overlay-type":"","overlay-color":"","overlay-opacity":"","overlay-gradient":""},"tablet":{"background-color":"var(--ast-global-color-5)","background-image":"","background-repeat":"repeat","background-position":"center center","background-size":"auto","background-attachment":"scroll","background-type":"","background-media":"","overlay-type":"","overlay-color":"","overlay-opacity":"","overlay-gradient":""},"mobile":{"background-color":"var(--ast-global-color-5)","background-image":"","background-repeat":"repeat","background-position":"center center","background-size":"auto","background-attachment":"scroll","background-type":"","background-media":"","overlay-type":"","overlay-color":"","overlay-opacity":"","overlay-gradient":""}}},"product_brand":[96989041],"product_cat":[96987569,96987643,96987641,96987585,96987571,96988209],"product_tag":[96988572,96987991,96987777],"class_list":{"0":"post-91464","1":"product","2":"type-product","3":"status-publish","4":"has-post-thumbnail","6":"product_brand-96989041","7":"product_cat-products","8":"product_cat-new-products-february","9":"product_cat-latest-products","10":"product_cat-component-other","11":"product_cat-supplies","12":"product_cat-packaging-materials","13":"product_tag-96988572","14":"product_tag-96987991","15":"product_tag-96987777","16":"desktop-align-left","17":"tablet-align-left","18":"mobile-align-left","19":"ast-product-gallery-layout-horizontal-slider","20":"ast-product-gallery-with-no-image","21":"ast-product-single-variable","22":"ast-product-tabs-layout-horizontal","24":"first","25":"instock","26":"shipping-taxable","27":"purchasable","28":"product-type-variable"},"group_of_quantity":0,"min_quantity":0,"max_quantity":"","exclude_order_quantity_value_rules":"no","exclude_category_quantity_rules":"no","combine_variations":"no","_links":{"self":[{"href":"https:\/\/jiahon.com.tw\/en\/wp-json\/wp\/v2\/product\/91464","targetHints":{"allow":["GET"]}}],"collection":[{"href":"https:\/\/jiahon.com.tw\/en\/wp-json\/wp\/v2\/product"}],"about":[{"href":"https:\/\/jiahon.com.tw\/en\/wp-json\/wp\/v2\/types\/product"}],"version-history":[{"count":0,"href":"https:\/\/jiahon.com.tw\/en\/wp-json\/wp\/v2\/product\/91464\/revisions"}],"wp:featuredmedia":[{"embeddable":true,"href":"https:\/\/jiahon.com.tw\/en\/wp-json\/wp\/v2\/media\/91466"}],"wp:attachment":[{"href":"https:\/\/jiahon.com.tw\/en\/wp-json\/wp\/v2\/media?parent=91464"}],"wp:term":[{"taxonomy":"product_brand","embeddable":true,"href":"https:\/\/jiahon.com.tw\/en\/wp-json\/wp\/v2\/product_brand?post=91464"},{"taxonomy":"product_cat","embeddable":true,"href":"https:\/\/jiahon.com.tw\/en\/wp-json\/wp\/v2\/product_cat?post=91464"},{"taxonomy":"product_tag","embeddable":true,"href":"https:\/\/jiahon.com.tw\/en\/wp-json\/wp\/v2\/product_tag?post=91464"}],"curies":[{"name":"wp","href":"https:\/\/api.w.org\/{rel}","templated":true}]}}