{"id":91491,"date":"2026-02-25T13:46:56","date_gmt":"2026-02-25T05:46:56","guid":{"rendered":"https:\/\/jiahon.com.tw\/?post_type=product&#038;p=91491"},"modified":"2026-04-08T13:53:52","modified_gmt":"2026-04-08T05:53:52","slug":"%e6%b5%b7%e6%a3%89%e6%b2%b9%e6%bc%86%e5%88%b7","status":"publish","type":"product","link":"https:\/\/jiahon.com.tw\/en\/product\/%e6%b5%b7%e6%a3%89%e6%b2%b9%e6%bc%86%e5%88%b7\/","title":{"rendered":"\u6d77\u68c9\u6cb9\u6f06\u5237"},"content":{"rendered":"<h2 style=\"color: #008000;\">\u6d77\u7dbf\u6cb9\u6f06\u5237\uff5c\u7e6a\u756b\u5857\u9d09\uff0e\u5bb6\u96fb\u6e05\u6f54\uff0eDIY\u5857\u88dd<\/h2>\n<p>\u6d77\u7dbf\u6cb9\u6f06\u5237\u63a1\u7528\u67d4\u8edf\u6d77\u7dbf\u982d\u8207\u805a\u916f\u5851\u81a0\u67c4\u8a2d\u8a08\uff0c\u5c08\u70ba\u5152\u7ae5\u7e6a\u756b\u3001\u5857\u9d09\u53ca\u6c7d\u8eca\u7a7a\u8abf\u6e05\u6f54\u6253\u9020\u3002\u6d77\u7dbf\u6cb9\u6f06\u5237\u53ef\u5747\u52fb\u4e0a\u8272\u3001\u5438\u9644\u6cb9\u6f06\u8207\u9846\u7c92\u7070\u5875\uff0c\u9069\u5408\u5bb6\u5ead\u3001\u5b78\u6821\u6216\u5de5\u4f5c\u5834\u6240\u4f7f\u7528\u3002\u7121\u8ad6\u662f\u85dd\u8853\u5275\u4f5c\u9084\u662f\u7d30\u7dfb\u6e05\u6f54\uff0c\u6d77\u7dbf\u6cb9\u6f06\u5237\u90fd\u662f\u64cd\u4f5c\u7c21\u55ae\u53c8\u9ad8\u6548\u7684\u597d\u5e6b\u624b\u3002<\/p>\n<h3 style=\"color: #3366ff;\">\ud83d\udd39\u7522\u54c1\u898f\u683c<\/h3>\n<table>\n<thead class=\"\">\n<tr>\n<th class=\"border-subtle p-sm break-normal border-b text-left align-bottom border-r last:border-r-0 font-bold bg-subtler last:border-radius-tr-lg first:border-radius-tl-lg\"><strong>\u9805\u76ee<\/strong><\/th>\n<th class=\"border-subtle p-sm break-normal border-b text-left align-bottom border-r last:border-r-0 font-bold bg-subtler last:border-radius-tr-lg first:border-radius-tl-lg\"><strong>\u898f\u683c<\/strong><\/th>\n<\/tr>\n<\/thead>\n<tbody>\n<tr>\n<td class=\"px-sm border-subtle min-w-[48px] break-normal border-b border-r last:border-r-0 \">\u5c3a\u5bf8<\/td>\n<td class=\"px-sm border-subtle min-w-[48px] break-normal border-b border-r last:border-r-0 \">\u5bec2.5cm \u00d7 \u7e3d\u957714cm<span class=\"inline-flex\" aria-label=\"ARZ \u8f2a\u80ce\u6d77\u7dbf\u5237\u3010\u5be6\u62cd\u73fe\u8ca8D260\u3011\u9577\u67c4\u6d17\u8eca\u5237\u4e0a\u881f ...\" data-state=\"closed\">\u200b<\/span><\/td>\n<\/tr>\n<tr>\n<td class=\"px-sm border-subtle min-w-[48px] break-normal border-b border-r last:border-r-0 \">\u6750\u8cea<\/td>\n<td class=\"px-sm border-subtle min-w-[48px] break-normal border-b border-r last:border-r-0 \">\u6d77\u7dbf\u982d\uff08\u805a\u6c28\u916fPU\/\u805a\u916f\uff09+\u5851\u81a0\u67c4\uff08PP\/ABS\uff09<\/td>\n<\/tr>\n<tr>\n<td class=\"px-sm border-subtle min-w-[48px] break-normal border-b border-r last:border-r-0 \">\u6d77\u7dbf\u7279\u6027<\/td>\n<td class=\"px-sm border-subtle min-w-[48px] break-normal border-b border-r last:border-r-0 \">\u4f4e\u5bc6\u5ea6\u5438\u6c34\u6d77\u7dbf\uff0c\u8edf\u6027\u4e0d\u522e\u50b7\uff0c\u5747\u52fb\u4e0a\u8272\/\u6e05\u6f54<\/td>\n<\/tr>\n<tr>\n<td class=\"px-sm border-subtle min-w-[48px] break-normal border-b border-r last:border-r-0 \">\u624b\u67c4\u8a2d\u8a08<\/td>\n<td class=\"px-sm border-subtle min-w-[48px] break-normal border-b border-r last:border-r-0 \">\u805a\u916f\u5851\u81a0\uff0c\u4eba\u9ad4\u5de5\u5b78\u63e1\u628a\uff0c\u9632\u6ed1\u7d0b\u8def<\/td>\n<\/tr>\n<tr>\n<td class=\"px-sm border-subtle min-w-[48px] break-normal border-b border-r last:border-r-0 \">\u91cd\u91cf<\/td>\n<td class=\"px-sm border-subtle min-w-[48px] break-normal border-b border-r last:border-r-0 \">\u7d0465-80g\uff08\u6d77\u7dbf65g+\u67c415g\uff09<span class=\"inline-flex\" aria-label=\"ARZ \u8f2a\u80ce\u6d77\u7dbf\u5237\u3010\u5be6\u62cd\u73fe\u8ca8D260\u3011\u9577\u67c4\u6d17\u8eca\u5237\u4e0a\u881f ...\" data-state=\"closed\">\u200b<\/span><\/td>\n<\/tr>\n<tr>\n<td class=\"px-sm border-subtle min-w-[48px] break-normal border-b border-r last:border-r-0 \">\u984f\u8272<\/td>\n<td class=\"px-sm border-subtle min-w-[48px] break-normal border-b border-r last:border-r-0 \">\u85cd\/\u767d\u8272 \u624b\u67c4<span class=\"inline-flex\" aria-label=\"V\u7cfb\u5217\u756b\u7528\u6d77\u7dbf\u5237\u8c6c\u8840\u7cd5\u5851\u81a0\u67c4\u7d20\u63cf\u7c89\u5f69\u75283\u7a2e\u5c3a\u5bf8\u55ae\u652f\u300e\u97ff ...\" data-state=\"closed\">\u200b<\/span><\/td>\n<\/tr>\n<\/tbody>\n<\/table>\n<h3 style=\"color: #3366ff;\">\ud83d\udd39\u7522\u54c1\u7279\u9ede<\/h3>\n<ul>\n<li>\u67d4\u8edf\u6d77\u7dbf\u5237\u982d\uff0c\u5747\u52fb\u5438\u9644\u6cb9\u6f06\u8207\u9846\u7c92\u7070\u5875<\/li>\n<li>\u805a\u916f\u5851\u81a0\u67c4\u8a2d\u8a08\uff0c\u63e1\u611f\u8212\u9069\u4e0d\u6ed1\u624b<\/li>\n<li>\u5c3a\u5bf8\u8f15\u5de7\uff0c\u65b9\u4fbf\u5152\u7ae5\u7e6a\u756b\u5857\u9d09\u4f7f\u7528<\/li>\n<li>\u53ef\u7528\u65bc\u6c7d\u8eca\u7a7a\u8abf\u3001\u9375\u76e4\u8207\u7cbe\u7d30\u7e2b\u9699\u6e05\u5875<\/li>\n<li>\u8010\u7528\u6750\u8cea\uff0c\u53ef\u91cd\u8907\u6e05\u6d17\u4f7f\u7528<\/li>\n<li>\u64cd\u4f5c\u7c21\u55ae\uff0c\u9069\u5408\u5bb6\u5ead\u3001\u5b78\u6821\u8207\u5de5\u4f5c\u5ba4<\/li>\n<\/ul>\n<h3 style=\"color: #3366ff;\">\ud83d\udd39\u9069\u7528\u7bc4\u570d<\/h3>\n<ul>\n<li>\u5152\u7ae5\u7e6a\u756b\u8207\u5857\u9d09\u5275\u4f5c<\/li>\n<li>\u5ba4\u5167\u88dd\u98fe\u6cb9\u6f06\u5857\u5237<\/li>\n<li>\u6c7d\u8eca\u7a7a\u8abf\u8207\u8eca\u5167\u7d30\u7e2b\u6e05\u6f54<\/li>\n<li>\u8fa6\u516c\u684c\u3001\u9375\u76e4\u8207\u96fb\u5b50\u7522\u54c1\u9664\u5875<\/li>\n<li>\u85dd\u8853\u5de5\u4f5c\u5ba4\u8207\u624b\u5de5DIY\u5de5\u5177<\/li>\n<\/ul>\n<p>\u6d77\u7dbf\u6cb9\u6f06\u5237\u9069\u5408\u5152\u7ae5\u3001\u5bb6\u5ead\u3001\u85dd\u8853\u5275\u4f5c\u8005\u53ca\u6c7d\u8eca\u6e05\u6f54\u611b\u597d\u8005\u4f7f\u7528\u3002\u5982\u9700\u5927\u91cf\u63a1\u8cfc\u6216\u4f01\u696d\u6279\u767c\u9700\u6c42\uff0c\u6b61\u8fce\u806f\u7e6b\u5ba2\u670d\u6d3d\u8a62\u3002<\/p>\n","protected":false},"excerpt":{"rendered":"<p>\u6d77\u7dbf\u6cb9\u6f06\u5237,\u805a\u916f\u5851\u81a0\u67c4\u5237,\u5152\u7ae5\u7e6a\u756b\u5237,\u5857\u9d09\u6d77\u7dbf\u5237,\u5bb6\u7528\u6cb9\u6f06\u5237,DIY\u624b\u5de5\u5237,\u6c7d\u8eca\u7a7a\u8abf\u6e05\u5875\u5237,\u7d30\u7e2b\u6e05\u6f54\u5237,\u53ef\u91cd\u8907\u4f7f\u7528\u6d77\u7dbf\u5237,\u5bb6\u5ead\u85dd\u8853\u5237,\u8f15\u5de7\u6d77\u7dbf\u5237,\u5747\u52fb\u4e0a\u8272\u5237,\u624b\u5de5\u85dd\u8853\u5de5\u5177,\u85dd\u8853\u5857\u9d09\u5de5\u5177,\u5c0f\u670b\u53cb\u756b\u756b\u5237,\u5c45\u5bb6\u6e05\u6f54\u5237,\u9375\u76e4\u7070\u5875\u5237,\u7cbe\u7d30\u7e2b\u9699\u5237,\u8010\u7528\u6cb9\u6f06\u5237,\u591a\u7528\u9014\u6d77\u7dbf\u5237, 2.5cm \u00d7 14cm, 25cm \u00d7 14cm, 2.5cm\u00d7 14cm, 2.5cm \u00d714cm, 2 5cm \u00d7 14cm, 2.5cm\u00d714cm, 25cm\u00d714cm, 2.5CM \u00d7 14CM, Z.5cm \u00d7 14cm, z.5cm \u00d7 14cm, 2.Scm \u00d7 14cm, 2.scm \u00d7 14cm, 2.5cm \u00d7 l4cm, 2.5cm \u00d7 I4cm, 2.5cm \u00d7 i4cm<\/p>","protected":false},"featured_media":91492,"template":"","meta":{"site-sidebar-layout":"default","site-content-layout":"","ast-site-content-layout":"default","site-content-style":"default","site-sidebar-style":"default","ast-global-header-display":"","ast-banner-title-visibility":"","ast-main-header-display":"","ast-hfb-above-header-display":"","ast-hfb-below-header-display":"","ast-hfb-mobile-header-display":"","site-post-title":"","ast-breadcrumbs-content":"","ast-featured-img":"","footer-sml-layout":"","ast-disable-related-posts":"","theme-transparent-header-meta":"default","adv-header-id-meta":"","stick-header-meta":"","header-above-stick-meta":"","header-main-stick-meta":"","header-below-stick-meta":"","astra-migrate-meta-layouts":"set","ast-page-background-enabled":"default","ast-page-background-meta":{"desktop":{"background-color":"var(--ast-global-color-4)","background-image":"","background-repeat":"repeat","background-position":"center center","background-size":"auto","background-attachment":"scroll","background-type":"","background-media":"","overlay-type":"","overlay-color":"","overlay-opacity":"","overlay-gradient":""},"tablet":{"background-color":"","background-image":"","background-repeat":"repeat","background-position":"center center","background-size":"auto","background-attachment":"scroll","background-type":"","background-media":"","overlay-type":"","overlay-color":"","overlay-opacity":"","overlay-gradient":""},"mobile":{"background-color":"","background-image":"","background-repeat":"repeat","background-position":"center center","background-size":"auto","background-attachment":"scroll","background-type":"","background-media":"","overlay-type":"","overlay-color":"","overlay-opacity":"","overlay-gradient":""}},"ast-content-background-meta":{"desktop":{"background-color":"var(--ast-global-color-5)","background-image":"","background-repeat":"repeat","background-position":"center center","background-size":"auto","background-attachment":"scroll","background-type":"","background-media":"","overlay-type":"","overlay-color":"","overlay-opacity":"","overlay-gradient":""},"tablet":{"background-color":"var(--ast-global-color-5)","background-image":"","background-repeat":"repeat","background-position":"center center","background-size":"auto","background-attachment":"scroll","background-type":"","background-media":"","overlay-type":"","overlay-color":"","overlay-opacity":"","overlay-gradient":""},"mobile":{"background-color":"var(--ast-global-color-5)","background-image":"","background-repeat":"repeat","background-position":"center center","background-size":"auto","background-attachment":"scroll","background-type":"","background-media":"","overlay-type":"","overlay-color":"","overlay-opacity":"","overlay-gradient":""}}},"product_brand":[96989041],"product_cat":[96987569,96987643,96987603,96987641,96987576],"product_tag":[96988574,96988190],"class_list":{"0":"post-91491","1":"product","2":"type-product","3":"status-publish","4":"has-post-thumbnail","6":"product_brand-96989041","7":"product_cat-products","8":"product_cat-new-products-february","9":"product_cat-gift","10":"product_cat-latest-products","11":"product_cat-promotion-services","12":"product_tag-96988574","13":"product_tag-96988190","14":"desktop-align-left","15":"tablet-align-left","16":"mobile-align-left","17":"ast-product-gallery-layout-horizontal-slider","18":"ast-product-gallery-with-no-image","19":"ast-product-single-variable","20":"ast-product-tabs-layout-horizontal","22":"first","23":"instock","24":"shipping-taxable","25":"purchasable","26":"product-type-variable"},"group_of_quantity":0,"min_quantity":0,"max_quantity":"","exclude_order_quantity_value_rules":"no","exclude_category_quantity_rules":"no","combine_variations":"no","_links":{"self":[{"href":"https:\/\/jiahon.com.tw\/en\/wp-json\/wp\/v2\/product\/91491","targetHints":{"allow":["GET"]}}],"collection":[{"href":"https:\/\/jiahon.com.tw\/en\/wp-json\/wp\/v2\/product"}],"about":[{"href":"https:\/\/jiahon.com.tw\/en\/wp-json\/wp\/v2\/types\/product"}],"version-history":[{"count":0,"href":"https:\/\/jiahon.com.tw\/en\/wp-json\/wp\/v2\/product\/91491\/revisions"}],"wp:featuredmedia":[{"embeddable":true,"href":"https:\/\/jiahon.com.tw\/en\/wp-json\/wp\/v2\/media\/91492"}],"wp:attachment":[{"href":"https:\/\/jiahon.com.tw\/en\/wp-json\/wp\/v2\/media?parent=91491"}],"wp:term":[{"taxonomy":"product_brand","embeddable":true,"href":"https:\/\/jiahon.com.tw\/en\/wp-json\/wp\/v2\/product_brand?post=91491"},{"taxonomy":"product_cat","embeddable":true,"href":"https:\/\/jiahon.com.tw\/en\/wp-json\/wp\/v2\/product_cat?post=91491"},{"taxonomy":"product_tag","embeddable":true,"href":"https:\/\/jiahon.com.tw\/en\/wp-json\/wp\/v2\/product_tag?post=91491"}],"curies":[{"name":"wp","href":"https:\/\/api.w.org\/{rel}","templated":true}]}}