{"id":91665,"date":"2026-03-02T10:37:38","date_gmt":"2026-03-02T02:37:38","guid":{"rendered":"https:\/\/jiahon.com.tw\/?post_type=product&#038;p=91665"},"modified":"2026-04-08T13:54:12","modified_gmt":"2026-04-08T05:54:12","slug":"%e4%b8%80%e6%ac%a1%e6%80%a7%e4%be%bf%e7%95%b6%e7%9b%92","status":"publish","type":"product","link":"https:\/\/jiahon.com.tw\/en\/product\/%e4%b8%80%e6%ac%a1%e6%80%a7%e4%be%bf%e7%95%b6%e7%9b%92\/","title":{"rendered":"\u4e00\u6b21\u6027\u4fbf\u7576\u76d2"},"content":{"rendered":"<h2 style=\"color: #008000;\">\u4e00\u6b21\u6027\u4fbf\u7576\u76d2\u7cfb\u5217\uff5c\u74b0\u4fdd\u8f15\u91cf\uff0e\u8010\u88dd\u4e0d\u8edf\u584c\uff0e\u5b89\u5168\u885b\u751f<\/h2>\n<p>\u4e00\u6b21\u6027\u4fbf\u7576\u76d2\u7cfb\u5217\u63d0\u4f9b\u591a\u7a2e\u5c3a\u5bf8\u8207\u6750\u8cea\u9078\u64c7\uff0c\u5305\u542b\u5713\u5f62\u7d19\u8cea\u4fbf\u7576\u76d2\u3001\u9577\u65b9\u5f62\u7d19\u8cea\u9910\u76d2\u8207\u65b9\u578bPS\u4fbf\u7576\u76d2\uff0c\u9069\u5408\u9910\u98f2\u5916\u5e36\u3001\u5718\u81b3\u914d\u9001\u8207\u5916\u9001\u5e73\u53f0\u4f7f\u7528\u3002\u7d50\u69cb\u7a69\u56fa\u3001\u8010\u88dd\u4e0d\u6613\u8b8a\u5f62\uff0c\u6eff\u8db3\u5404\u985e\u719f\u98df\u3001\u4e3b\u9910\u8207\u8f15\u98df\u5305\u88dd\u9700\u6c42\u3002<\/p>\n<h3 style=\"color: #3366ff;\">\ud83d\udd39 Product Specifications<\/h3>\n<ul>\n<li><strong>\u5713\u5f62\u7d19\u8cea\u4fbf\u7576\u76d2<\/strong>\uff1a\u5713\u5f9117cm \u00d7 \u9ad8\u5ea67cm<\/li>\n<li><strong>\u65b9\u5f62\u7d19\u8cea\u4fbf\u7576\u76d2<\/strong>\uff1a16.2cm(L) \u00d7 10cm(W) \u00d7 3cm(H) \/ 150mm(L) \u00d7 90mm(W) \u00d7 30mm(H)<\/li>\n<li><strong>\u65b9\u578bPS\u4fbf\u7576\u76d2<\/strong>\uff1a\u957716cm \u00d7 \u5bec11cm \u00d7 \u9ad84cm<\/li>\n<\/ul>\n<h3 style=\"color: #3366ff;\">\ud83d\udd39 Product Features<\/h3>\n<ul>\n<li>\u98df\u54c1\u7d1a\u6750\u8cea\uff0c\u5b89\u5168\u885b\u751f<\/li>\n<li>\u7d19\u8cea\u6b3e\u74b0\u4fdd\u8f15\u91cf\uff0c\u9069\u5408\u5916\u5e36\u4f7f\u7528<\/li>\n<li>\u9644\u84cb\u8a2d\u8a08\uff0c\u5bc6\u5408\u9632\u6f0f<\/li>\n<li>\u7d50\u69cb\u7a69\u56fa\uff0c\u8010\u88dd\u4e0d\u8edf\u584c<\/li>\n<li>\u9069\u7528\u51b7\u71b1\u719f\u98df\u8207\u4e3b\u9910\u5305\u88dd<\/li>\n<\/ul>\n<h3 style=\"color: #3366ff;\">\ud83d\udd39 Application Range<\/h3>\n<ul>\n<li>\u4fbf\u7576\u5e97\u8207\u81ea\u52a9\u9910\u5916\u5e36<\/li>\n<li>\u516c\u53f8\u5718\u81b3\u8207\u6703\u8b70\u9910\u76d2<\/li>\n<li>\u5916\u9001\u5e73\u53f0\u9910\u98f2\u5305\u88dd<\/li>\n<li>\u8f15\u98df\u6c99\u62c9\u8207\u9ede\u5fc3\u76d2<\/li>\n<li>\u6d3b\u52d5\u9910\u6703\u8207\u5e02\u96c6\u6524\u4f4d<\/li>\n<\/ul>\n<p>\u4e00\u6b21\u6027\u4fbf\u7576\u76d2\u7cfb\u5217\u652f\u63f4\u6279\u767c\u4f9b\u61c9\u8207\u5927\u91cf\u63a1\u8cfc\uff0c\u5c3a\u5bf8\u9f4a\u5168\uff0c\u6b61\u8fce\u9910\u98f2\u696d\u8005\u6d3d\u8a62\u5831\u50f9\u8207\u5ba2\u88fd\u9700\u6c42\u3002<\/p>","protected":false},"excerpt":{"rendered":"<p>\u4e00\u6b21\u6027\u4fbf\u7576\u76d2,\u5713\u5f62\u7d19\u8cea\u4fbf\u7576\u76d2,\u7d19\u8cea\u4fbf\u7576\u76d2\u9644\u84cb,17cm\u5713\u5f62\u9910\u76d2,\u7d19\u9910\u76d2\u5916\u5e36,\u74b0\u4fdd\u7d19\u4fbf\u7576\u76d2,16cm\u4fbf\u7576\u76d2,PS\u4fbf\u7576\u76d2,\u65b9\u578b\u5851\u81a0\u4fbf\u7576\u76d2,\u5916\u9001\u9910\u76d2,\u5718\u81b3\u9910\u76d2,\u81ea\u52a9\u9910\u5916\u5e36\u76d2,\u6703\u8b70\u4fbf\u7576\u76d2,\u98df\u54c1\u7d1a\u9910\u76d2,\u9632\u6f0f\u4fbf\u7576\u76d2,\u5916\u5e36\u9910\u98f2\u5305\u88dd,\u4e00\u6b21\u6027\u9910\u76d2\u6279\u767c,\u6c99\u62c9\u7d19\u76d2,\u719f\u98df\u5916\u5e36\u76d2,\u9910\u98f2\u5305\u88dd\u5bb9\u5668, \u5713\u5f9117cm \u00d7 \u9ad8\u5ea67cm<\/li>\n<p>, \u5713\u5f9117cm\u00d7 \u9ad8\u5ea67cm<\/li>\n<p>, \u5713\u5f9117cm \u00d7\u9ad8\u5ea67cm<\/li>\n<p>, \u5713\u5f9117cm \u00d7 \u9ad8\u5ea67cm<\/p>\n<li>, \u5713\u5f9117cm \u00d7 \u9ad8\u5ea67cm< li>, \u5713\u5f9117cm\u00d7\u9ad8\u5ea67cm<\/li>\n<p>, \u5713\u5f9117cm\u00d7\u9ad8\u5ea67cm<\/p>\n<li>, \u5713\u5f9117CM \u00d7 \u9ad8\u5ea67CM<\/li>, \u5713\u5f9117cm \u00d7 \u9ad8\u5ea67cm<\/Li>, \u5713\u5f91l7cm \u00d7 \u9ad8\u5ea67cm<\/li>\n<p>, \u5713\u5f91I7cm \u00d7 \u9ad8\u5ea67cm<\/li>\n<p>, \u5713\u5f91i7cm \u00d7 \u9ad8\u5ea67cm<\/li>\n<p>, \u5713\u5f9117cm \u00d7 \u9ad8\u5ea67cm<\/1i>, \u5713\u5f9117cm \u00d7 \u9ad8\u5ea67cm<\/Ii>, 16.2cm(L) \u00d7 10cm(W) \u00d7 3cm(H) \/ 150mm(L) \u00d7 90mm(W) \u00d7 30mm(H)<\/li>\n<p>, 162cm(L) \u00d7 10cm(W) \u00d7 3cm(H) \/ 150mm(L) \u00d7 90mm(W) \u00d7 30mm(H)<\/li>\n<p>, 16.2cm(L)\u00d7 10cm(W) \u00d7 3cm(H) \/ 150mm(L) \u00d7 90mm(W) \u00d7 30mm(H)<\/li>\n<p>, 16.2cm(L) \u00d710cm(W) \u00d7 3cm(H) \/ 150mm(L) \u00d7 90mm(W) \u00d7 30mm(H)<\/li>\n<p>, 16.2cm(L) \u00d7 10cm(W)\u00d7 3cm(H) \/ 150mm(L) \u00d7 90mm(W) \u00d7 30mm(H)<\/li>\n<p>, 16.2cm(L) \u00d7 10cm(W) \u00d73cm(H) \/ 150mm(L) \u00d7 90mm(W) \u00d7 30mm(H)<\/li>\n<p>, 16.2cm(L) \u00d7 10cm(W) \u00d7 3cm(H)\/ 150mm(L) \u00d7 90mm(W) \u00d7 30mm(H)<\/li>\n<p>, 16.2cm(L) \u00d7 10cm(W) \u00d7 3cm(H)  150mm(L) \u00d7 90mm(W) \u00d7 30mm(H)<\/li>\n<p>, 16.2cm(L) \u00d7 10cm(W) \u00d7 3cm(H) \/150mm(L) \u00d7 90mm(W) \u00d7 30mm(H)<\/li>\n<p>, 16.2cm(L) \u00d7 10cm(W) \u00d7 3cm(H) \/ 150mm(L)\u00d7 90mm(W) \u00d7 30mm(H)<\/li>\n<p>, 16.2cm(L) \u00d7 10cm(W) \u00d7 3cm(H) \/ 150mm(L) \u00d790mm(W) \u00d7 30mm(H)<\/li>\n<p>, 16.2cm(L) \u00d7 10cm(W) \u00d7 3cm(H) \/ 150mm(L) \u00d7 90mm(W)\u00d7 30mm(H)<\/li>\n<p>, 16.2cm(L) \u00d7 10cm(W) \u00d7 3cm(H) \/ 150mm(L) \u00d7 90mm(W) \u00d730mm(H)<\/li>\n<p>, 16.2cm(L) \u00d7 10cm(W) \u00d7 3cm(H) \/ 150mm(L) \u00d7 90mm(W) \u00d7 30mm(H)<\/p>\n<li>, 16.2cm(L) \u00d7 10cm(W) \u00d7 3cm(H)   150mm(L) \u00d7 90mm(W) \u00d7 30mm(H)<\/li>\n<p>, 16.2cm(L) \u00d7 10cm(W) \u00d7 3cm(H) \/ 150mm(L) \u00d7 90mm(W) \u00d7 30mm(H)< li>, 16.2cm(L) \u00d7 10cm(W) \u00d7 3cm(H)  150mm(L) \u00d7 90mm(W) \u00d7 30mm(H)<\/p>\n<li>, 16.2cm(L) \u00d7 10cm(W) \u00d7 3cm(H)   150mm(L) \u00d7 90mm(W) \u00d7 30mm(H)< li>, 16 2cm(L) \u00d7 10cm(W) \u00d7 3cm(H) \/ 150mm(L) \u00d7 90mm(W) \u00d7 30mm(H)<\/li>\n<p>, 16.2cm(L)\u00d710cm(W)\u00d73cm(H)\/150mm(L)\u00d790mm(W)\u00d730mm(H)<\/li>\n<p>, 162cm(L)\u00d710cm(W)\u00d73cm(H)150mm(L)\u00d790mm(W)\u00d730mm(H)<\/p>\n<li>, 16.2CM(L) \u00d7 10CM(W) \u00d7 3CM(H) \/ 150MM(L) \u00d7 90MM(W) \u00d7 30MM(H)<\/li>, 16.2cm(l) \u00d7 10cm(w) \u00d7 3cm(h) \/ 150mm(l) \u00d7 90mm(w) \u00d7 30mm(h)<\/li>\n<p>, 16.2cm(L) \u00d7 10cm(W) \u00d7 3cm(H) \/ 150mm(L) \u00d7 90mm(W) \u00d7 30mm(H)<\/Li>, l6.2cm(L) \u00d7 10cm(W) \u00d7 3cm(H) \/ 150mm(L) \u00d7 90mm(W) \u00d7 30mm(H)<\/li>\n<p>, I6.2cm(L) \u00d7 10cm(W) \u00d7 3cm(H) \/ 150mm(L) \u00d7 90mm(W) \u00d7 30mm(H)<\/li>\n<p>, i6.2cm(L) \u00d7 10cm(W) \u00d7 3cm(H) \/ 150mm(L) \u00d7 90mm(W) \u00d7 30mm(H)<\/li>\n<p>, 1G.2cm(L) \u00d7 10cm(W) \u00d7 3cm(H) \/ 150mm(L) \u00d7 90mm(W) \u00d7 30mm(H)<\/li>\n<p>, 16.Zcm(L) \u00d7 10cm(W) \u00d7 3cm(H) \/ 150mm(L) \u00d7 90mm(W) \u00d7 30mm(H)<\/li>\n<p>, 16.zcm(L) \u00d7 10cm(W) \u00d7 3cm(H) \/ 150mm(L) \u00d7 90mm(W) \u00d7 30mm(H)<\/li>\n<p>, 16.2cm(L) \u00d7 l0cm(W) \u00d7 3cm(H) \/ 150mm(L) \u00d7 90mm(W) \u00d7 30mm(H)<\/li>\n<p>, 16.2cm(L) \u00d7 I0cm(W) \u00d7 3cm(H) \/ 150mm(L) \u00d7 90mm(W) \u00d7 30mm(H)<\/li>\n<p>, 16.2cm(L) \u00d7 i0cm(W) \u00d7 3cm(H) \/ 150mm(L) \u00d7 90mm(W) \u00d7 30mm(H)<\/li>\n<p>, 16.2cm(L) \u00d7 1Ocm(W) \u00d7 3cm(H) \/ 150mm(L) \u00d7 90mm(W) \u00d7 30mm(H)<\/li>\n<p>, 16.2cm(L) \u00d7 1ocm(W) \u00d7 3cm(H) \/ 150mm(L) \u00d7 90mm(W) \u00d7 30mm(H)<\/li>\n<p>, 16.2cm(L) \u00d7 10cm(W) \u00d7 3cm(H) \/ l50mm(L) \u00d7 90mm(W) \u00d7 30mm(H)<\/li>\n<p>, 16.2cm(L) \u00d7 10cm(W) \u00d7 3cm(H) \/ I50mm(L) \u00d7 90mm(W) \u00d7 30mm(H)<\/li>\n<p>, 16.2cm(L) \u00d7 10cm(W) \u00d7 3cm(H) \/ i50mm(L) \u00d7 90mm(W) \u00d7 30mm(H)<\/li>\n<p>, 16.2cm(L) \u00d7 10cm(W) \u00d7 3cm(H) \/ 1S0mm(L) \u00d7 90mm(W) \u00d7 30mm(H)<\/li>\n<p>, 16.2cm(L) \u00d7 10cm(W) \u00d7 3cm(H) \/ 1s0mm(L) \u00d7 90mm(W) \u00d7 30mm(H)<\/li>\n<p>, 16.2cm(L) \u00d7 10cm(W) \u00d7 3cm(H) \/ 15Omm(L) \u00d7 90mm(W) \u00d7 30mm(H)<\/li>\n<p>, 16.2cm(L) \u00d7 10cm(W) \u00d7 3cm(H) \/ 15omm(L) \u00d7 90mm(W) \u00d7 30mm(H)<\/li>\n<p>, 16.2cm(L) \u00d7 10cm(W) \u00d7 3cm(H) \/ 150mm(L) \u00d7 9Omm(W) \u00d7 30mm(H)<\/li>\n<p>, 16.2cm(L) \u00d7 10cm(W) \u00d7 3cm(H) \/ 150mm(L) \u00d7 9omm(W) \u00d7 30mm(H)<\/li>\n<p>, 16.2cm(L) \u00d7 10cm(W) \u00d7 3cm(H) \/ 150mm(L) \u00d7 90mm(W) \u00d7 3Omm(H)<\/li>\n<p>, 16.2cm(L) \u00d7 10cm(W) \u00d7 3cm(H) \/ 150mm(L) \u00d7 90mm(W) \u00d7 3omm(H)<\/li>\n<p>, 16.2cm(L) \u00d7 10cm(W) \u00d7 3cm(H) \/ 150mm(L) \u00d7 90mm(W) \u00d7 30mm(H)<\/1i>, 16.2cm(L) \u00d7 10cm(W) \u00d7 3cm(H) \/ 150mm(L) \u00d7 90mm(W) \u00d7 30mm(H)<\/Ii>, \u957716cm \u00d7 \u5bec11cm \u00d7 \u9ad84cm<\/li>\n<p>, \u957716cm\u00d7 \u5bec11cm \u00d7 \u9ad84cm<\/li>\n<p>, \u957716cm \u00d7\u5bec11cm \u00d7 \u9ad84cm<\/li>\n<p>, \u957716cm \u00d7 \u5bec11cm\u00d7 \u9ad84cm<\/li>\n<p>, \u957716cm \u00d7 \u5bec11cm \u00d7\u9ad84cm<\/li>\n<p>, \u957716cm \u00d7 \u5bec11cm \u00d7 \u9ad84cm<\/p>\n<li>, \u957716cm \u00d7 \u5bec11cm \u00d7 \u9ad84cm< li>, \u957716cm\u00d7\u5bec11cm\u00d7\u9ad84cm<\/li>\n<p>, \u957716cm\u00d7\u5bec11cm\u00d7\u9ad84cm<\/p>\n<li>, \u957716CM \u00d7 \u5bec11CM \u00d7 \u9ad84CM<\/li>, \u957716cm \u00d7 \u5bec11cm \u00d7 \u9ad84cm<\/Li>, \u9577l6cm \u00d7 \u5bec11cm \u00d7 \u9ad84cm<\/li>\n<p>, \u9577I6cm \u00d7 \u5bec11cm \u00d7 \u9ad84cm<\/li>\n<p>, \u9577i6cm \u00d7 \u5bec11cm \u00d7 \u9ad84cm<\/li>\n<p>, \u95771Gcm \u00d7 \u5bec11cm \u00d7 \u9ad84cm<\/li>\n<p>, \u957716cm \u00d7 \u5becl1cm \u00d7 \u9ad84cm<\/li>\n<p>, \u957716cm \u00d7 \u5becI1cm \u00d7 \u9ad84cm<\/li>\n<p>, \u957716cm \u00d7 \u5beci1cm \u00d7 \u9ad84cm<\/li>\n<p>, \u957716cm \u00d7 \u5bec1lcm \u00d7 \u9ad84cm<\/li>\n<p>, \u957716cm \u00d7 \u5bec1Icm \u00d7 \u9ad84cm<\/li>\n<p>, \u957716cm \u00d7 \u5bec1icm \u00d7 \u9ad84cm<\/li>\n<p>, \u957716cm \u00d7 \u5bec11cm \u00d7 \u9ad84cm<\/1i>, \u957716cm \u00d7 \u5bec11cm \u00d7 \u9ad84cm<\/Ii><\/p>","protected":false},"featured_media":91666,"template":"","meta":{"site-sidebar-layout":"default","site-content-layout":"","ast-site-content-layout":"default","site-content-style":"default","site-sidebar-style":"default","ast-global-header-display":"","ast-banner-title-visibility":"","ast-main-header-display":"","ast-hfb-above-header-display":"","ast-hfb-below-header-display":"","ast-hfb-mobile-header-display":"","site-post-title":"","ast-breadcrumbs-content":"","ast-featured-img":"","footer-sml-layout":"","ast-disable-related-posts":"","theme-transparent-header-meta":"default","adv-header-id-meta":"","stick-header-meta":"","header-above-stick-meta":"","header-main-stick-meta":"","header-below-stick-meta":"","astra-migrate-meta-layouts":"set","ast-page-background-enabled":"default","ast-page-background-meta":{"desktop":{"background-color":"var(--ast-global-color-4)","background-image":"","background-repeat":"repeat","background-position":"center center","background-size":"auto","background-attachment":"scroll","background-type":"","background-media":"","overlay-type":"","overlay-color":"","overlay-opacity":"","overlay-gradient":""},"tablet":{"background-color":"","background-image":"","background-repeat":"repeat","background-position":"center center","background-size":"auto","background-attachment":"scroll","background-type":"","background-media":"","overlay-type":"","overlay-color":"","overlay-opacity":"","overlay-gradient":""},"mobile":{"background-color":"","background-image":"","background-repeat":"repeat","background-position":"center center","background-size":"auto","background-attachment":"scroll","background-type":"","background-media":"","overlay-type":"","overlay-color":"","overlay-opacity":"","overlay-gradient":""}},"ast-content-background-meta":{"desktop":{"background-color":"var(--ast-global-color-5)","background-image":"","background-repeat":"repeat","background-position":"center center","background-size":"auto","background-attachment":"scroll","background-type":"","background-media":"","overlay-type":"","overlay-color":"","overlay-opacity":"","overlay-gradient":""},"tablet":{"background-color":"var(--ast-global-color-5)","background-image":"","background-repeat":"repeat","background-position":"center center","background-size":"auto","background-attachment":"scroll","background-type":"","background-media":"","overlay-type":"","overlay-color":"","overlay-opacity":"","overlay-gradient":""},"mobile":{"background-color":"var(--ast-global-color-5)","background-image":"","background-repeat":"repeat","background-position":"center center","background-size":"auto","background-attachment":"scroll","background-type":"","background-media":"","overlay-type":"","overlay-color":"","overlay-opacity":"","overlay-gradient":""}}},"product_brand":[96989041],"product_cat":[96987569,96987644,96987603,96987641,96987576],"product_tag":[96988604,96988605,96988603],"class_list":{"0":"post-91665","1":"product","2":"type-product","3":"status-publish","4":"has-post-thumbnail","6":"product_brand-96989041","7":"product_cat-products","8":"product_cat-new-products-march","9":"product_cat-gift","10":"product_cat-latest-products","11":"product_cat-promotion-services","12":"product_tag-96988604","13":"product_tag-96988605","14":"product_tag-96988603","15":"desktop-align-left","16":"tablet-align-left","17":"mobile-align-left","18":"ast-product-gallery-layout-horizontal-slider","19":"ast-product-gallery-with-no-image","20":"ast-product-single-variable","21":"ast-product-tabs-layout-horizontal","23":"first","24":"instock","25":"shipping-taxable","26":"purchasable","27":"product-type-variable"},"group_of_quantity":0,"min_quantity":0,"max_quantity":"","exclude_order_quantity_value_rules":"no","exclude_category_quantity_rules":"no","combine_variations":"no","_links":{"self":[{"href":"https:\/\/jiahon.com.tw\/en\/wp-json\/wp\/v2\/product\/91665","targetHints":{"allow":["GET"]}}],"collection":[{"href":"https:\/\/jiahon.com.tw\/en\/wp-json\/wp\/v2\/product"}],"about":[{"href":"https:\/\/jiahon.com.tw\/en\/wp-json\/wp\/v2\/types\/product"}],"version-history":[{"count":0,"href":"https:\/\/jiahon.com.tw\/en\/wp-json\/wp\/v2\/product\/91665\/revisions"}],"wp:featuredmedia":[{"embeddable":true,"href":"https:\/\/jiahon.com.tw\/en\/wp-json\/wp\/v2\/media\/91666"}],"wp:attachment":[{"href":"https:\/\/jiahon.com.tw\/en\/wp-json\/wp\/v2\/media?parent=91665"}],"wp:term":[{"taxonomy":"product_brand","embeddable":true,"href":"https:\/\/jiahon.com.tw\/en\/wp-json\/wp\/v2\/product_brand?post=91665"},{"taxonomy":"product_cat","embeddable":true,"href":"https:\/\/jiahon.com.tw\/en\/wp-json\/wp\/v2\/product_cat?post=91665"},{"taxonomy":"product_tag","embeddable":true,"href":"https:\/\/jiahon.com.tw\/en\/wp-json\/wp\/v2\/product_tag?post=91665"}],"curies":[{"name":"wp","href":"https:\/\/api.w.org\/{rel}","templated":true}]}}