{"id":92355,"date":"2026-03-13T15:45:22","date_gmt":"2026-03-13T07:45:22","guid":{"rendered":"https:\/\/jiahon.com.tw\/?post_type=product&#038;p=92355"},"modified":"2026-04-15T18:15:27","modified_gmt":"2026-04-15T10:15:27","slug":"%e9%ab%98%e5%89%b5-%e4%b8%80%e9%ab%94%e6%88%90%e5%9e%8b%e5%8a%9f%e7%8e%87%e9%9b%bb%e6%84%9f-gnrt4030p-471m","status":"publish","type":"product","link":"https:\/\/jiahon.com.tw\/en\/product\/%e9%ab%98%e5%89%b5-%e4%b8%80%e9%ab%94%e6%88%90%e5%9e%8b%e5%8a%9f%e7%8e%87%e9%9b%bb%e6%84%9f-gnrt4030p-471m\/","title":{"rendered":"\u9069\u914d\u9ad8\u5275 \u4e00\u9ad4\u6210\u578b\u529f\u7387\u96fb\u611f GNRT4030P-471M"},"content":{"rendered":"<h2 style=\"color: #008000;\">\u9ad8\u5275 \u4e00\u9ad4\u6210\u578b\u529f\u7387\u96fb\u611f GNRT4030P-471M\uff5c\u9ad8\u983b\u5207\u63db\u96fb\u6e90\u8207\u4f3a\u670d\u9a45\u52d5\u7684\u9ad8\u6548\u6838\u5fc3<\/h2>\n<p>\u5728\u9ad8\u529f\u7387\u5bc6\u5ea6\u7684\u96fb\u8def\u8a2d\u8a08\u4e2d\uff0c\u5982\u4f55\u5e73\u8861\u6563\u71b1\u8207\u80fd\u91cf\u8f49\u63db\u6548\u7387\u662f\u95dc\u9375\u6311\u6230\u3002<strong>\u9ad8\u5275 GNRT4030P-471M<\/strong> \u662f\u4e00\u6b3e\u5c08\u70ba\u5de5\u696d\u7d1a\u61c9\u7528\u8a2d\u8a08\u7684<strong>\u4e00\u9ad4\u6210\u578b\u529f\u7387\u96fb\u611f<\/strong>\u3002\u63a1\u7528\u9435\u6c27\u9ad4\u78c1\u82af\u8207\u6241\u5e73\u7dda\u5708\u7d50\u69cb\uff0c\u89e3\u6c7a\u4e86\u9ad8\u96fb\u6d41\u8ca0\u8f09\u4e0b\u7684\u6eab\u5347\u554f\u984c\uff0c\u4e26\u63d0\u4f9b\u5353\u8d8a\u7684 <strong>EMI \u6291\u5236\u80fd\u529b<\/strong>\uff0c\u78ba\u4fdd\u60a8\u7684\u96fb\u6e90\u7cfb\u7d71\u5728\u8907\u96dc\u7684\u96fb\u78c1\u74b0\u5883\u4e0b\u4f9d\u7136\u7a69\u5b9a\u904b\u884c\u3002<\/p>\n<h3 style=\"color: #3366ff;\">\ud83d\udd39 Product Specifications<\/h3>\n<table>\n<thead>\n<tr>\n<th><strong>Item<\/strong><\/th>\n<th><strong>\u8a73\u7d30\u898f\u683c\u5167\u5bb9<\/strong><\/th>\n<\/tr>\n<\/thead>\n<tbody>\n<tr>\n<td>Model Number<\/td>\n<td>GNRT4030P-471M<\/td>\n<\/tr>\n<tr>\n<td>Type<\/td>\n<td>\u529f\u7387\u96fb\u611f\u5668 (Power Inductor)<\/td>\n<\/tr>\n<tr>\n<td>\u96fb\u611f\u503c<\/td>\n<td>470 \u03bcH \u00b120%<\/td>\n<\/tr>\n<tr>\n<td>\u76f4\u6d41\u96fb\u963b (DCR)<\/td>\n<td>\u6700\u5927 1.2 \u03a9<\/td>\n<\/tr>\n<tr>\n<td>\u984d\u5b9a\u96fb\u6d41 (Rated Current)<\/td>\n<td>3.0 A<\/td>\n<\/tr>\n<tr>\n<td>\u98fd\u548c\u96fb\u6d41 (Saturation Current)<\/td>\n<td>4.0 A<\/td>\n<\/tr>\n<tr>\n<td>\u5c01\u88dd\u5c3a\u5bf8<\/td>\n<td>40.0 \u00d7 30.0 \u00d7 15.0 mm (L\u00d7W\u00d7H)<\/td>\n<\/tr>\n<tr>\n<td>\u78c1\u82af\u6750\u6599<\/td>\n<td>\u9435\u6c27\u9ad4 (Ferrite)<\/td>\n<\/tr>\n<tr>\n<td>\u7dda\u5708\u7d50\u69cb<\/td>\n<td>\u6241\u5e73\u7dda\u5708 (Flat Wire)<\/td>\n<\/tr>\n<tr>\n<td>\u5b89\u88dd\u65b9\u5f0f<\/td>\n<td>SMT \u8868\u9762\u8cbc\u88dd<\/td>\n<\/tr>\n<tr>\n<td>\u5de5\u4f5c\u6eab\u5ea6\u7bc4\u570d<\/td>\n<td>-40 \u00b0C \uff5e +125 \u00b0C<\/td>\n<\/tr>\n<tr>\n<td>\u5916\u6bbc\u5c01\u88dd<\/td>\n<td>\u74b0\u6c27\u6a39\u8102 (Epoxy Resin)<\/td>\n<\/tr>\n<tr>\n<td>\u8010\u53d7\u7279\u6027<\/td>\n<td>\u4f4e EMI \u8f3b\u5c04\u3001\u4f4e\u6eab\u5347<\/td>\n<\/tr>\n<tr>\n<td>\u8a8d\u8b49\u6a19\u6e96<\/td>\n<td>RoHS\u3001REACH \u74b0\u4fdd\u5408\u898f<\/td>\n<\/tr>\n<tr>\n<td>Application Areas<\/td>\n<td>\u4f3a\u670d\u9a45\u52d5\u3001\u9ad8\u983b\u96fb\u6e90\u6a21\u7d44<\/td>\n<\/tr>\n<\/tbody>\n<\/table>\n<h3 style=\"color: #3366ff;\">\ud83d\udd39 Product Features<\/h3>\n<ul>\n<li><strong>\u512a\u7570\u80fd\u91cf\u8f49\u63db<\/strong>\uff1a\u96fb\u611f\u503c <strong>470\u03bcH<\/strong>\uff0c\u5177\u5099\u4f4e\u76f4\u6d41\u96fb\u963b (1.2\u03a9)\uff0c\u6709\u6548\u964d\u4f4e\u80fd\u8017\u4e26\u6e1b\u5c11\u7dda\u5708\u767c\u71b1\u3002<\/li>\n<li><strong>\u9ad8\u8f09\u6d41\u80fd\u529b<\/strong>\uff1a\u98fd\u548c\u96fb\u6d41\u9054 <strong>4.0A<\/strong>\uff0c\u5728\u904e\u8f09\u689d\u4ef6\u4e0b\u96fb\u611f\u503c\u8870\u6e1b\u4f4e\u65bc 20%\uff0c\u63d0\u4f9b\u53ef\u9760\u7684\u904e\u96fb\u6d41\u4fdd\u8b77\u3002<\/li>\n<li><strong>\u4f4e EMI \u8f3b\u5c04<\/strong>\uff1a\u6241\u5e73\u7dda\u5708\u914d\u7f6e\u6e1b\u5c11\u5bc4\u751f\u96fb\u5bb9\uff0c\u78ba\u4fdd <strong>MHz \u7d1a\u9ad8\u983b\u904b\u4f5c<\/strong>\u6642\u7684\u8a0a\u865f\u5b8c\u6574\u6027\u3002<\/li>\n<li><strong>\u5805\u56fa\u5c01\u88dd\u8a2d\u8a08<\/strong>\uff1a\u63a1\u7528\u74b0\u6c27\u6a39\u8102\u5c01\u88dd\uff0c\u5177\u5099\u512a\u826f\u6a5f\u68b0\u5f37\u5ea6\u8207\u9632\u6f6e\u6027\uff0c\u5de5\u4f5c\u6eab\u5ea6\u8986\u84cb <strong>-40\u00b0C \u81f3 +125\u00b0C<\/strong>The<\/li>\n<li><strong>SMT \u88fd\u7a0b\u512a\u5316<\/strong>\uff1a\u7dca\u6e4a\u5c3a\u5bf8 (40x30mm) \u642d\u914d\u5e95\u90e8\u710a\u63a5\u8173\u4f4d\uff0c\u4fbf\u65bc<strong>\u81ea\u52d5\u5316\u8868\u9762\u8cbc\u88dd<\/strong>\uff0c\u63d0\u5347\u751f\u7522\u826f\u7387\u3002<\/li>\n<\/ul>\n<h3 style=\"color: #3366ff;\">\ud83d\udd39 Application Range<\/h3>\n<ul>\n<li><strong>\u5de5\u696d\u81ea\u52d5\u5316<\/strong>\uff1a\u9069\u7528\u65bc<strong>\u4f3a\u670d\u99ac\u9054\u9a45\u52d5\u5668<\/strong>\u8207\u5de5\u696d\u96fb\u6e90\u4f9b\u61c9\u55ae\u5143\uff0c\u7dad\u6301\u7cfb\u7d71\u9577\u6548\u7a69\u5b9a\u3002<\/li>\n<li><strong>\u96fb\u6e90\u7ba1\u7406\u7cfb\u7d71<\/strong>\uff1a\u9ad8\u6548\u80fd <strong>DC-DC \u8f49\u63db\u5668<\/strong> \u7684\u80fd\u91cf\u5132\u5b58\u8207\u6ffe\u6ce2\u6838\u5fc3\u7d44\u4ef6\u3002<\/li>\n<li><strong>\u65b0\u80fd\u6e90\u61c9\u7528<\/strong>\uff1a\u9069\u7528\u65bc\u592a\u967d\u80fd\u9006\u8b8a\u5668\u6216\u96fb\u52d5\u8eca\u5145\u96fb\u6a21\u7d44\u7b49<strong>\u9ad8\u529f\u7387\u5bc6\u5ea6\u96fb\u8def<\/strong>The<\/li>\n<li><strong>\u9ad8\u983b\u901a\u4fe1\u8a2d\u5099<\/strong>\uff1a\u5728\u9ad8\u983b\u5207\u63db\u74b0\u5883\u4e0b\u63d0\u4f9b\u7a69\u5b9a\u7684\u96fb\u611f\u7279\u6027\uff0c\u964d\u4f4e\u7cfb\u7d71\u566a\u8a0a\u3002<\/li>\n<\/ul>\n<p><strong>\u5353\u8d8a\u7a69\u5b9a\u6027\uff0c\u652f\u6490\u60a8\u7684\u96fb\u529b\u5fc3\u81df\uff01<\/strong><br \/>\nGNRT4030P-471M \u7b26\u5408 <strong>RoHS \u8207 REACH<\/strong> \u74b0\u4fdd\u6a19\u6e96\uff0c\u4ee5\u5176\u4f4e\u640d\u8017\u8207\u9ad8\u80fd\u91cf\u5bc6\u5ea6\u7684\u7279\u6027\uff0c\u6210\u70ba\u8ffd\u6c42\u9ad8\u6548\u80fd\u8207\u9577\u58fd\u547d\u96fb\u8def\u8a2d\u8a08\u7684\u6700\u4f73\u9078\u64c7\u3002<\/p>\n<p><strong>\u5982\u9700\u7372\u53d6\u8a73\u7d30\u96fb\u6027\u66f2\u7dda\u5716\u6216\u5927\u5b97\u63a1\u8cfc\u5831\u50f9\uff0c\u6b61\u8fce\u7acb\u5373\u806f\u7e6b\u6211\u5011\uff01<\/strong><\/p>","protected":false},"excerpt":{"rendered":"<p>\u9ad8\u5275 \u4e00\u9ad4\u6210\u578b\u529f\u7387\u96fb\u611f GNRT4030P-471M, \u9ad8\u5275, GTC, GNRT4030P-471M, \u529f\u7387\u96fb\u611f, \u4e00\u9ad4\u6210\u578b\u96fb\u611f, \u7e5e\u7dda\u96fb\u611f, 470uH\u96fb\u611f, SMD\u96fb\u611f, \u8cbc\u7247\u96fb\u611f, Power Inductor, 4030\u898f\u683c, \u96fb\u611f\u5668, 471M, \u96fb\u6e90\u6a21\u7d44\u96f6\u4ef6, \u6ffe\u6ce2\u96fb\u611f, DC-DC\u8f49\u63db\u5668, \u9ad8\u983b\u96fb\u611f, \u96fb\u5b50\u5143\u5668\u4ef6, \u53f0\u7063\u73fe\u8ca8\u96fb\u5b50\u96f6\u4ef6, 4030P, GNRT4030P-471M, GNRT4030P471M, GNRT4030P 471M, gnrt4030p-471m, 6NRT4030P-471M, GNRT4O30P-471M, GNRT4o30P-471M, GNRT403OP-471M, GNRT403oP-471M, GNRT4030P-47lM, GNRT4030P-47IM, GNRT4030P-47iM<\/p>","protected":false},"featured_media":92358,"template":"","meta":{"site-sidebar-layout":"default","site-content-layout":"","ast-site-content-layout":"default","site-content-style":"default","site-sidebar-style":"default","ast-global-header-display":"","ast-banner-title-visibility":"","ast-main-header-display":"","ast-hfb-above-header-display":"","ast-hfb-below-header-display":"","ast-hfb-mobile-header-display":"","site-post-title":"","ast-breadcrumbs-content":"","ast-featured-img":"","footer-sml-layout":"","ast-disable-related-posts":"","theme-transparent-header-meta":"default","adv-header-id-meta":"","stick-header-meta":"","header-above-stick-meta":"","header-main-stick-meta":"","header-below-stick-meta":"","astra-migrate-meta-layouts":"set","ast-page-background-enabled":"default","ast-page-background-meta":{"desktop":{"background-color":"var(--ast-global-color-4)","background-image":"","background-repeat":"repeat","background-position":"center center","background-size":"auto","background-attachment":"scroll","background-type":"","background-media":"","overlay-type":"","overlay-color":"","overlay-opacity":"","overlay-gradient":""},"tablet":{"background-color":"","background-image":"","background-repeat":"repeat","background-position":"center center","background-size":"auto","background-attachment":"scroll","background-type":"","background-media":"","overlay-type":"","overlay-color":"","overlay-opacity":"","overlay-gradient":""},"mobile":{"background-color":"","background-image":"","background-repeat":"repeat","background-position":"center center","background-size":"auto","background-attachment":"scroll","background-type":"","background-media":"","overlay-type":"","overlay-color":"","overlay-opacity":"","overlay-gradient":""}},"ast-content-background-meta":{"desktop":{"background-color":"var(--ast-global-color-5)","background-image":"","background-repeat":"repeat","background-position":"center center","background-size":"auto","background-attachment":"scroll","background-type":"","background-media":"","overlay-type":"","overlay-color":"","overlay-opacity":"","overlay-gradient":""},"tablet":{"background-color":"var(--ast-global-color-5)","background-image":"","background-repeat":"repeat","background-position":"center center","background-size":"auto","background-attachment":"scroll","background-type":"","background-media":"","overlay-type":"","overlay-color":"","overlay-opacity":"","overlay-gradient":""},"mobile":{"background-color":"var(--ast-global-color-5)","background-image":"","background-repeat":"repeat","background-position":"center center","background-size":"auto","background-attachment":"scroll","background-type":"","background-media":"","overlay-type":"","overlay-color":"","overlay-opacity":"","overlay-gradient":""}}},"product_brand":[96989255],"product_cat":[96987569,96987644,96987584,96987813,96987641,96987571],"product_tag":[96988673,96988672],"class_list":{"0":"post-92355","1":"product","2":"type-product","3":"status-publish","4":"has-post-thumbnail","6":"product_brand-gotrend","7":"product_cat-products","8":"product_cat-new-products-march","9":"product_cat-brand","10":"product_cat-brand-related-others","11":"product_cat-latest-products","12":"product_cat-supplies","13":"product_tag-96988673","14":"product_tag-96988672","15":"desktop-align-left","16":"tablet-align-left","17":"mobile-align-left","18":"ast-product-gallery-layout-horizontal-slider","19":"ast-product-gallery-with-no-image","20":"ast-product-single-variable","21":"ast-product-tabs-layout-horizontal","23":"first","24":"instock","25":"shipping-taxable","26":"purchasable","27":"product-type-variable"},"group_of_quantity":0,"min_quantity":0,"max_quantity":"","exclude_order_quantity_value_rules":"no","exclude_category_quantity_rules":"no","combine_variations":"no","_links":{"self":[{"href":"https:\/\/jiahon.com.tw\/en\/wp-json\/wp\/v2\/product\/92355","targetHints":{"allow":["GET"]}}],"collection":[{"href":"https:\/\/jiahon.com.tw\/en\/wp-json\/wp\/v2\/product"}],"about":[{"href":"https:\/\/jiahon.com.tw\/en\/wp-json\/wp\/v2\/types\/product"}],"version-history":[{"count":0,"href":"https:\/\/jiahon.com.tw\/en\/wp-json\/wp\/v2\/product\/92355\/revisions"}],"wp:featuredmedia":[{"embeddable":true,"href":"https:\/\/jiahon.com.tw\/en\/wp-json\/wp\/v2\/media\/92358"}],"wp:attachment":[{"href":"https:\/\/jiahon.com.tw\/en\/wp-json\/wp\/v2\/media?parent=92355"}],"wp:term":[{"taxonomy":"product_brand","embeddable":true,"href":"https:\/\/jiahon.com.tw\/en\/wp-json\/wp\/v2\/product_brand?post=92355"},{"taxonomy":"product_cat","embeddable":true,"href":"https:\/\/jiahon.com.tw\/en\/wp-json\/wp\/v2\/product_cat?post=92355"},{"taxonomy":"product_tag","embeddable":true,"href":"https:\/\/jiahon.com.tw\/en\/wp-json\/wp\/v2\/product_tag?post=92355"}],"curies":[{"name":"wp","href":"https:\/\/api.w.org\/{rel}","templated":true}]}}